{"id":23639,"date":"2026-02-17T10:42:35","date_gmt":"2026-02-17T07:42:35","guid":{"rendered":"https:\/\/www.catimerdivenleri.com\/?post_type=product&#038;p=23639"},"modified":"2026-04-15T18:47:07","modified_gmt":"2026-04-15T15:47:07","slug":"optistep-ost-70x90-akardiyon-metal-cati-merdiveni-h280cm","status":"publish","type":"product","link":"https:\/\/www.catimerdivenleri.com\/tr\/urun\/optistep-ost-70x90-akardiyon-metal-cati-merdiveni-h280cm\/","title":{"rendered":"Optistep OST 70\u00d790 Akardiyon Metal \u00c7at\u0131 Merdiveni H:280cm"},"content":{"rendered":"<p><iframe title=\"YouTube video player\" src=\"https:\/\/www.youtube.com\/embed\/iyTnTqcwJus?si=nEyp5UjH0kYFU1Yb\" width=\"560\" height=\"315\" frameborder=\"0\" allowfullscreen=\"allowfullscreen\"><\/iframe><\/p>\n<p><strong><span style=\"color: #000000;\">Ayt\u00fcrk Optistep 70 x 90 cm Makasl\u0131 \u00c7at\u0131 Merdiveni<\/span><\/strong><\/p>\n<p><span style=\"color: #000000;\">Kaliteli ve uzun \u00f6m\u00fcrl\u00fc \u00e7at\u0131 merdiveni ar\u0131yorsan\u0131z bu \u00fcr\u00fcn\u00fc almal\u0131s\u0131n\u0131z.<\/span><\/p>\n<p><span style=\"color: #000000;\">\u00dcr\u00fcn tavana monte edilerek kullan\u0131lmaktad\u0131r. Kapak kapat\u0131ld\u0131\u011f\u0131nda merdiven k\u0131sm\u0131 tavan bo\u015flu\u011funuzda kalarak yerden tasarruf sa\u011flamaktad\u0131r. \u00dcr\u00fcn\u00fcn \u00fczerinde bulunan yaylar vas\u0131tas\u0131yla kapa\u011f\u0131 elinizle yava\u015f\u00e7a a\u015fa\u011f\u0131 do\u011fru indirebilirsiniz. Daha sonra merdivenin makasl\u0131 sistemi sayesinde kolayca yere do\u011fru a\u00e7abilirsiniz.<\/span><\/p>\n<p><span style=\"color: #000000;\">\u00bb Tavanda a\u00e7aca\u011f\u0131n\u0131z bo\u015fluk 70\u00d790 olmal\u0131d\u0131r.<\/span><br \/>\n<span style=\"color: #000000;\">\u00bb Optistep makasl\u0131 \u00e7at\u0131 merdiveni \u00f6l\u00e7\u00fclerimiz 68\u00d788 cm gelmektedir.<\/span><br \/>\n<span style=\"color: #000000;\">\u00bb \u00dcr\u00fcn, i\u00e7erisinden \u00e7\u0131kan montaj talimat\u0131na g\u00f6re monte edilmelidir.<\/span><br \/>\n<span style=\"color: #000000;\">\u00bb Paket i\u00e7erisinde pervaz aparatlar\u0131 ile g\u00f6nderilmektedir. Bu detay piyasadaki \u00fcr\u00fcnlerde yoktur.<\/span><br \/>\n<span style=\"color: #000000;\">\u00bb Paket i\u00e7erisinde montaj kolayl\u0131\u011f\u0131 i\u00e7in montaj ask\u0131 aparatlar\u0131da mevcuttur. Bu detay piyasadaki \u00fcr\u00fcnlerde yoktur.<\/span><br \/>\n<span style=\"color: #000000;\">\u00bb Basamak \u00f6l\u00e7\u00fcleri: 8\u00d735 cm.<\/span><br \/>\n<span style=\"color: #000000;\">\u00bb \u00c7at\u0131 merdivenini a\u00e7mak i\u00e7in demir birbirine ge\u00e7en electro f\u0131r\u0131n sitatik boyal\u0131 misketli teleskopik uzatma \u00e7ubu\u011fu bulunmaktad\u0131r.<\/span><br \/>\n<span style=\"color: #000000;\">\u00bb Ta\u015f\u0131ma kapasitesi 160 kg.\u2019d\u0131r. \u00dczeri electro statik f\u0131r\u0131n boya kapl\u0131d\u0131r. \u00c7elik sacdan imal edilmi\u015ftir.<\/span><br \/>\n<span style=\"color: #000000;\">\u00bb Y\u00fckseklik: 2,60 \u2013 2,80 m. aras\u0131ndaki y\u00fcksekliklerde makasl\u0131 a\u00e7\u0131l\u0131m\u0131 sayesinde ayarlanarak kullan\u0131labilir.<\/span><br \/>\n<span style=\"color: #000000;\">\u00bb \u00c7at\u0131 merdivenimizde kilit mekanizmas\u0131 yoktur. Tamamen \u00e7elik yaylar vas\u0131tas\u0131yla kendini kapatmaktad\u0131r.<\/span><br \/>\n<span style=\"color: #000000;\">\u00bb \u00c7at\u0131 merdiveni resimlerimizi dikkatli incelerseniz makasl\u0131 basamaklar b\u00f6l\u00fcm\u00fc merdivenin kapak ah\u015fap b\u00f6l\u00fcm\u00fcne nas\u0131l sa\u011flam bir \u015fekilde monte edilmi\u015f g\u00f6receksiz.<\/span><br \/>\n<span style=\"color: #000000;\">\u00bb Kasa kal\u0131n\u0131l\u0131\u011f\u0131 2cm kasa y\u00fcksekli\u011fi 18cm \u0130skandinav \u00e7am\u0131ndan imal edilmi\u015ftir.<\/span><br \/>\n<span style=\"color: #000000;\">\u00bb Kapak kal\u0131nl\u0131\u011f\u0131 4cm dir. Is\u0131 yal\u0131t\u0131m\u0131 i\u00e7in contalar\u0131 mevcut ve tak\u0131lm\u0131\u015f bulunmaktad\u0131r.<\/span><br \/>\n<span style=\"color: #000000;\">\u00bb Kapak rengi tavanda g\u00f6z\u00fcken ve i\u00e7eride kalan her iki tarafta beyaz renktedir.<\/span><\/p>","protected":false},"excerpt":{"rendered":"<p>Ayt\u00fcrk Optistep 70 x 90 cm Makasl\u0131 \u00c7at\u0131 Merdiveni Kaliteli ve uzun \u00f6m\u00fcrl\u00fc \u00e7at\u0131 merdiveni ar\u0131yorsan\u0131z bu \u00fcr\u00fcn\u00fc almal\u0131s\u0131n\u0131z. \u00dcr\u00fcn tavana monte edilerek kullan\u0131lmaktad\u0131r. Kapak kapat\u0131ld\u0131\u011f\u0131nda merdiven k\u0131sm\u0131 tavan bo\u015flu\u011funuzda kalarak yerden tasarruf sa\u011flamaktad\u0131r. \u00dcr\u00fcn\u00fcn \u00fczerinde bulunan yaylar vas\u0131tas\u0131yla kapa\u011f\u0131 elinizle yava\u015f\u00e7a a\u015fa\u011f\u0131 do\u011fru indirebilirsiniz. Daha sonra merdivenin makasl\u0131 sistemi sayesinde kolayca yere do\u011fru a\u00e7abilirsiniz. [&hellip;]<\/p>\n","protected":false},"featured_media":23881,"template":"","meta":[],"product_brand":[],"product_cat":[100],"product_tag":[],"class_list":{"0":"post-23639","1":"product","2":"type-product","3":"status-publish","4":"has-post-thumbnail","6":"product_cat-optistep-ost-cati-merdiveni","8":"first","9":"instock","10":"sale","11":"shipping-taxable","12":"purchasable","13":"product-type-simple"},"_links":{"self":[{"href":"https:\/\/www.catimerdivenleri.com\/tr\/wp-json\/wp\/v2\/product\/23639","targetHints":{"allow":["GET"]}}],"collection":[{"href":"https:\/\/www.catimerdivenleri.com\/tr\/wp-json\/wp\/v2\/product"}],"about":[{"href":"https:\/\/www.catimerdivenleri.com\/tr\/wp-json\/wp\/v2\/types\/product"}],"version-history":[{"count":2,"href":"https:\/\/www.catimerdivenleri.com\/tr\/wp-json\/wp\/v2\/product\/23639\/revisions"}],"predecessor-version":[{"id":24130,"href":"https:\/\/www.catimerdivenleri.com\/tr\/wp-json\/wp\/v2\/product\/23639\/revisions\/24130"}],"wp:featuredmedia":[{"embeddable":true,"href":"https:\/\/www.catimerdivenleri.com\/tr\/wp-json\/wp\/v2\/media\/23881"}],"wp:attachment":[{"href":"https:\/\/www.catimerdivenleri.com\/tr\/wp-json\/wp\/v2\/media?parent=23639"}],"wp:term":[{"taxonomy":"product_brand","embeddable":true,"href":"https:\/\/www.catimerdivenleri.com\/tr\/wp-json\/wp\/v2\/product_brand?post=23639"},{"taxonomy":"product_cat","embeddable":true,"href":"https:\/\/www.catimerdivenleri.com\/tr\/wp-json\/wp\/v2\/product_cat?post=23639"},{"taxonomy":"product_tag","embeddable":true,"href":"https:\/\/www.catimerdivenleri.com\/tr\/wp-json\/wp\/v2\/product_tag?post=23639"}],"curies":[{"name":"wp","href":"https:\/\/api.w.org\/{rel}","templated":true}]}}