{"id":23609,"date":"2026-02-17T10:33:32","date_gmt":"2026-02-17T07:33:32","guid":{"rendered":"https:\/\/www.catimerdivenleri.com\/?post_type=product&#038;p=23609"},"modified":"2026-04-15T18:38:29","modified_gmt":"2026-04-15T15:38:29","slug":"metal-akordiyon-ilave-uzatma-25-cm","status":"publish","type":"product","link":"https:\/\/www.catimerdivenleri.com\/tr\/urun\/metal-akordiyon-ilave-uzatma-25-cm\/","title":{"rendered":"Makasl\u0131 Metal Akordiyon \u0130lave Uzatma Basamaklar\u0131 (+25 cm)"},"content":{"rendered":"<p><span style=\"color: #000000;\">Metal Akordiyon \u0130lave Uzatma (+25 cm)<\/span><\/p>","protected":false},"excerpt":{"rendered":"<p><span style=\"color: #ff0000;\"><strong>\u00d6L\u00c7\u00dcN\u00dcZE G\u00d6RE \u00d6ZEL \u00dcRET\u0130M YAPIYORUZ.<\/strong><\/span><\/p>","protected":false},"featured_media":23886,"template":"","meta":[],"product_brand":[],"product_cat":[101],"product_tag":[],"class_list":{"0":"post-23609","1":"product","2":"type-product","3":"status-publish","4":"has-post-thumbnail","6":"product_cat-optistep-ost-b-makasli-cati-merdiveni","8":"first","9":"instock","10":"sale","11":"shipping-taxable","12":"purchasable","13":"product-type-simple"},"_links":{"self":[{"href":"https:\/\/www.catimerdivenleri.com\/tr\/wp-json\/wp\/v2\/product\/23609","targetHints":{"allow":["GET"]}}],"collection":[{"href":"https:\/\/www.catimerdivenleri.com\/tr\/wp-json\/wp\/v2\/product"}],"about":[{"href":"https:\/\/www.catimerdivenleri.com\/tr\/wp-json\/wp\/v2\/types\/product"}],"version-history":[{"count":3,"href":"https:\/\/www.catimerdivenleri.com\/tr\/wp-json\/wp\/v2\/product\/23609\/revisions"}],"predecessor-version":[{"id":24080,"href":"https:\/\/www.catimerdivenleri.com\/tr\/wp-json\/wp\/v2\/product\/23609\/revisions\/24080"}],"wp:featuredmedia":[{"embeddable":true,"href":"https:\/\/www.catimerdivenleri.com\/tr\/wp-json\/wp\/v2\/media\/23886"}],"wp:attachment":[{"href":"https:\/\/www.catimerdivenleri.com\/tr\/wp-json\/wp\/v2\/media?parent=23609"}],"wp:term":[{"taxonomy":"product_brand","embeddable":true,"href":"https:\/\/www.catimerdivenleri.com\/tr\/wp-json\/wp\/v2\/product_brand?post=23609"},{"taxonomy":"product_cat","embeddable":true,"href":"https:\/\/www.catimerdivenleri.com\/tr\/wp-json\/wp\/v2\/product_cat?post=23609"},{"taxonomy":"product_tag","embeddable":true,"href":"https:\/\/www.catimerdivenleri.com\/tr\/wp-json\/wp\/v2\/product_tag?post=23609"}],"curies":[{"name":"wp","href":"https:\/\/api.w.org\/{rel}","templated":true}]}}