{"id":23597,"date":"2026-02-17T10:28:08","date_gmt":"2026-02-17T07:28:08","guid":{"rendered":"https:\/\/www.catimerdivenleri.com\/?post_type=product&#038;p=23597"},"modified":"2026-04-15T18:41:28","modified_gmt":"2026-04-15T15:41:28","slug":"optistep-ost-b-60x110-akardiyon-metal-cati-merdiveni-h280cm","status":"publish","type":"product","link":"https:\/\/www.catimerdivenleri.com\/tr\/urun\/optistep-ost-b-60x110-akardiyon-metal-cati-merdiveni-h280cm\/","title":{"rendered":"Optistep OST-B 60\u00d7110 Akardiyon Metal \u00c7at\u0131 Merdiveni H:280cm"},"content":{"rendered":"<p><span style=\"color: #ff0000;\"><strong>\u00dcr\u00fcn Tan\u0131t\u0131m ve Montaj Videosu<\/strong><\/span><\/p>\n<p><iframe title=\"YouTube video player\" src=\"https:\/\/www.youtube.com\/embed\/iHmuLUw6_RA?si=6qdSvKSbhDcxgH4L\" width=\"560\" height=\"315\" frameborder=\"0\" allowfullscreen=\"allowfullscreen\"><\/iframe><\/p>\n<p><iframe title=\"YouTube video player\" src=\"https:\/\/www.youtube.com\/embed\/p8z9Decsrgk?si=2hLDm2OtkJVliyxh\" width=\"560\" height=\"315\" frameborder=\"0\" allowfullscreen=\"allowfullscreen\"><\/iframe><\/p>\n<p><strong><span style=\"color: #000000;\">Tavanla, merdiven aras\u0131n\u0131 kapatan pervaz bulunmamaktad\u0131r.<\/span><\/strong><\/p>\n<p><strong><span style=\"color: #000000;\">Optistep OST-B 60\u00d7110 Akardiyon Metal \u00c7at\u0131 Merdiveni<\/span><\/strong><\/p>\n<p><span style=\"color: #000000;\">T\u00fcrkiye\u2019nin en kaliteli ve boyut se\u00e7ene\u011fine sahip optistep \u00e7at\u0131 merdivenleri AYT\u00dcRK MERD\u0130VEN S\u0130STEMLER\u0130 g\u00fcvencesi ile Avrupa\u2019da \u00fcretilmektedir. Piyasadaki di\u011fer \u00fcr\u00fcnlerden \u00e7ok \u00e7ok kaliteli ve sa\u011flamd\u0131r. Kaliteli ve uzun \u00f6m\u00fcrl\u00fc \u00e7at\u0131 merdiveni ar\u0131yorsan\u0131z bu \u00fcr\u00fcn\u00fc almal\u0131s\u0131n\u0131z. \u00dcr\u00fcn tavana monte edilerek kullan\u0131lmaktad\u0131r. Kapak kapat\u0131ld\u0131\u011f\u0131nda merdiven k\u0131sm\u0131 tavan bo\u015flu\u011funuzda kalarak yerden tasarruf sa\u011flamaktad\u0131r. \u00dcr\u00fcn\u00fcn \u00fczerinde bulunan yaylar vas\u0131tas\u0131yla kapa\u011f\u0131 elinizle yava\u015f\u00e7a a\u015fa\u011f\u0131 do\u011fru indirebilirsiniz. Daha sonra merdivenin makasl\u0131 sistemi sayesinde kolayca yere do\u011fru a\u00e7abilirsiniz.<\/span><\/p>\n<p><strong><span style=\"color: #000000;\">* Merdivenin net \u00f6l\u00e7\u00fcleri 58 x 108 cm dir.<\/span><\/strong><br \/>\n<strong><span style=\"color: #000000;\">* Tavanda a\u00e7aca\u011f\u0131n\u0131z bo\u015fluk 60 x 110 cm olmal\u0131d\u0131r.<\/span><\/strong><\/p>\n<p><span style=\"color: #000000;\"><strong>NOT:<\/strong> Pakette ambalajda, tavanla merdiven aras\u0131n\u0131 kapatan pervaz, terazi, matkap, tornavida, korkuluk, anahtar, vida vs \u00e7\u0131kmamaktad\u0131r yoktur.<\/span><\/p>\n<p><span style=\"color: #000000;\">* Optistep makasl\u0131 \u00e7at\u0131 merdiveni net \u00f6l\u00e7\u00fclerimiz 58 x 108 cm gelmektedir.<\/span><br \/>\n<span style=\"color: #000000;\">* \u00dcr\u00fcn, i\u00e7erisinden \u00e7\u0131kan montaj talimat\u0131na g\u00f6re monte edilmelidir. Merdiven paket halinde ve kurulu halde sizlere ula\u015fmaktad\u0131r.<\/span><br \/>\n<span style=\"color: #000000;\">* T\u00fcm \u00e7at\u0131c\u0131 demirci ve mobilyac\u0131 kolayl\u0131kla montaj yapabilir. Montaj son derece kolayd\u0131r kendinizde yapabilirsiniz.<\/span><br \/>\n<span style=\"color: #000000;\">* Basamak \u00f6l\u00e7\u00fcleri: 8\u00d735 cm. \u00dczeri electro statik f\u0131r\u0131n boya kapl\u0131d\u0131r. \u00c7elik sacdan imal edilmi\u015ftir.<\/span><br \/>\n<span style=\"color: #000000;\">* \u00c7at\u0131 merdivenini a\u00e7mak i\u00e7in paket i\u00e7erisinden a\u00e7ma \u00e7ubu\u011fu \u00e7\u0131kmaktad\u0131r.<\/span><br \/>\n<span style=\"color: #000000;\">* Ta\u015f\u0131ma kapasitesi 160 kg.\u2019d\u0131r.<\/span><br \/>\n<span style=\"color: #000000;\">* A\u011f\u0131rl\u0131k: 32kg<\/span><br \/>\n<span style=\"color: #000000;\">* Y\u00fckseklik: 2,30 \u2013 2,80 m. aras\u0131ndaki y\u00fcksekliklerde makasl\u0131 a\u00e7\u0131l\u0131m\u0131 sayesinde ayarlanarak kullan\u0131labilir.<\/span><br \/>\n<span style=\"color: #000000;\">* \u00c7at\u0131 merdivenimizde kilit mekanizmas\u0131 yoktur. Tamamen \u00e7elik yaylar vas\u0131tas\u0131yla kendini kapatmaktad\u0131r. Merdiven kapand\u0131\u011f\u0131nda conta ile kapak s\u0131k\u0131\u015f\u0131r ve \u0131s\u0131, ses ve toz ge\u00e7irgenli\u011fi bitmi\u015f olur.<\/span><br \/>\n<span style=\"color: #000000;\">* Merdiven kapa\u011f\u0131n\u0131n i\u00e7erisinde \u0131s\u0131 ve ses yal\u0131t\u0131m\u0131 i\u00e7in y\u00fcksek kalitede \u0131s\u0131 yal\u0131t\u0131m malzemesi bulunmaktad\u0131r.<\/span><br \/>\n<span style=\"color: #000000;\">* \u00c7at\u0131 merdiveni resimlerimizi dikkatli incelerseniz makasl\u0131 basamaklar b\u00f6l\u00fcm\u00fc merdivenin kapak ah\u015fap b\u00f6l\u00fcm\u00fcne nas\u0131l sa\u011flam bir \u015fekilde monte edilmi\u015f g\u00f6receksiz.<\/span><br \/>\n<span style=\"color: #000000;\">* Kasa kal\u0131n\u0131l\u0131\u011f\u0131 2cm kasa y\u00fcksekli\u011fi 16cm \u0130skandinav \u00e7am\u0131ndan imal edilmi\u015ftir.<\/span><br \/>\n<span style=\"color: #000000;\">* Kapak kal\u0131nl\u0131\u011f\u0131 3,6cm dir. Is\u0131 yal\u0131t\u0131m\u0131 i\u00e7in contalar\u0131 mevcut ve tak\u0131lm\u0131\u015f bulunmaktad\u0131r.<\/span><br \/>\n<span style=\"color: #000000;\">* Kapak rengi tavanda g\u00f6z\u00fcken ve i\u00e7eride kalan her iki tarafta beyaz renktedir.<\/span><\/p>\n<p><strong><span style=\"color: #000000;\">MEVCUT \u00d6L\u00c7\u00dcLER\u0130M\u0130Z: 50X80 \u2013 60X90 \u2013 60X100 \u2013 60X110 \u2013 60X120 \u2013 70X80 \u2013 70X90 \u2013 70X100 \u2013 70X110 \u2013 70X120<\/span><\/strong><\/p>\n<p><span style=\"color: #0000ff;\"><strong>\u00dcr\u00fcn Hakk\u0131nda<\/strong><\/span><br \/>\n<img fetchpriority=\"high\" decoding=\"async\" class=\"alignnone size-full wp-image-23558\" src=\"https:\/\/www.catimerdivenleri.com\/wp-content\/uploads\/2026\/02\/urun1.jpg\" alt=\"\" width=\"724\" height=\"1024\" srcset=\"https:\/\/www.catimerdivenleri.com\/wp-content\/uploads\/2026\/02\/urun1.jpg 724w, https:\/\/www.catimerdivenleri.com\/wp-content\/uploads\/2026\/02\/urun1-212x300.jpg 212w, https:\/\/www.catimerdivenleri.com\/wp-content\/uploads\/2026\/02\/urun1-707x1000.jpg 707w\" sizes=\"(max-width: 724px) 100vw, 724px\" \/><img decoding=\"async\" class=\"alignnone size-full wp-image-23559\" src=\"https:\/\/www.catimerdivenleri.com\/wp-content\/uploads\/2026\/02\/urun2.jpg\" alt=\"\" width=\"768\" height=\"909\" srcset=\"https:\/\/www.catimerdivenleri.com\/wp-content\/uploads\/2026\/02\/urun2.jpg 768w, https:\/\/www.catimerdivenleri.com\/wp-content\/uploads\/2026\/02\/urun2-600x710.jpg 600w, https:\/\/www.catimerdivenleri.com\/wp-content\/uploads\/2026\/02\/urun2-253x300.jpg 253w\" sizes=\"(max-width: 768px) 100vw, 768px\" \/><\/p>","protected":false},"excerpt":{"rendered":"<p><span style=\"color: #ff0000;\"><strong>\u00d6L\u00c7\u00dcN\u00dcZE G\u00d6RE \u00d6ZEL \u00dcRET\u0130M YAPIYORUZ.<\/strong><\/span><\/p>","protected":false},"featured_media":23882,"template":"","meta":[],"product_brand":[],"product_cat":[101],"product_tag":[],"class_list":{"0":"post-23597","1":"product","2":"type-product","3":"status-publish","4":"has-post-thumbnail","6":"product_cat-optistep-ost-b-makasli-cati-merdiveni","8":"first","9":"instock","10":"sale","11":"shipping-taxable","12":"purchasable","13":"product-type-simple"},"_links":{"self":[{"href":"https:\/\/www.catimerdivenleri.com\/tr\/wp-json\/wp\/v2\/product\/23597","targetHints":{"allow":["GET"]}}],"collection":[{"href":"https:\/\/www.catimerdivenleri.com\/tr\/wp-json\/wp\/v2\/product"}],"about":[{"href":"https:\/\/www.catimerdivenleri.com\/tr\/wp-json\/wp\/v2\/types\/product"}],"version-history":[{"count":1,"href":"https:\/\/www.catimerdivenleri.com\/tr\/wp-json\/wp\/v2\/product\/23597\/revisions"}],"predecessor-version":[{"id":23598,"href":"https:\/\/www.catimerdivenleri.com\/tr\/wp-json\/wp\/v2\/product\/23597\/revisions\/23598"}],"wp:featuredmedia":[{"embeddable":true,"href":"https:\/\/www.catimerdivenleri.com\/tr\/wp-json\/wp\/v2\/media\/23882"}],"wp:attachment":[{"href":"https:\/\/www.catimerdivenleri.com\/tr\/wp-json\/wp\/v2\/media?parent=23597"}],"wp:term":[{"taxonomy":"product_brand","embeddable":true,"href":"https:\/\/www.catimerdivenleri.com\/tr\/wp-json\/wp\/v2\/product_brand?post=23597"},{"taxonomy":"product_cat","embeddable":true,"href":"https:\/\/www.catimerdivenleri.com\/tr\/wp-json\/wp\/v2\/product_cat?post=23597"},{"taxonomy":"product_tag","embeddable":true,"href":"https:\/\/www.catimerdivenleri.com\/tr\/wp-json\/wp\/v2\/product_tag?post=23597"}],"curies":[{"name":"wp","href":"https:\/\/api.w.org\/{rel}","templated":true}]}}