{"id":23511,"date":"2026-02-17T09:50:25","date_gmt":"2026-02-17T06:50:25","guid":{"rendered":"https:\/\/www.catimerdivenleri.com\/?post_type=product&#038;p=23511"},"modified":"2026-04-15T18:52:19","modified_gmt":"2026-04-15T15:52:19","slug":"ole-mini-60x94-ahsap-cati-merdiveni-h280cm","status":"publish","type":"product","link":"https:\/\/www.catimerdivenleri.com\/tr\/urun\/ole-mini-60x94-ahsap-cati-merdiveni-h280cm\/","title":{"rendered":"OLe Mini 60\u00d794 Ah\u015fap \u00c7at\u0131 Merdiveni H:280CM"},"content":{"rendered":"<p><span style=\"color: #ff0000;\"><strong>\u00dcr\u00fcn Tan\u0131r\u0131m Montaj Videosu<\/strong><\/span><\/p>\n<p><iframe title=\"YouTube video player\" src=\"https:\/\/www.youtube.com\/embed\/bTanOwROGcU?si=dOZ460yfcBgrAnmG\" width=\"560\" height=\"315\" frameborder=\"0\" allowfullscreen=\"allowfullscreen\"><\/iframe><\/p>\n<p><iframe title=\"YouTube video player\" src=\"https:\/\/www.youtube.com\/embed\/LArB5yxSgtQ?si=nC4t-PzseHIZgHwa\" width=\"560\" height=\"315\" frameborder=\"0\" allowfullscreen=\"allowfullscreen\"><\/iframe><\/p>\n<p><span style=\"color: #000000;\"><strong>Optistep OLe Mini 60\u00d794 \u00c7at\u0131 Merdiveni<\/strong><\/span><\/p>\n<p><span style=\"color: #000000;\">T\u00fcrkiye\u2019nin en kaliteli ve boyut se\u00e7ene\u011fine sahip optistep \u00e7at\u0131 merdivenleri Ayt\u00fcrk Mimarl\u0131k g\u00fcvencesi ile Avrupa\u2019da \u00fcretilmektedir. Piyasadaki di\u011fer \u00fcr\u00fcnlerden \u00e7ok \u00e7ok kaliteli ve sa\u011flamd\u0131r. Kaliteli ve uzun \u00f6m\u00fcrl\u00fc \u00e7at\u0131 merdiveni ar\u0131yorsan\u0131z bu \u00fcr\u00fcn\u00fc almal\u0131s\u0131n\u0131z. \u00dcr\u00fcn tavana monte edilerek kullan\u0131lmaktad\u0131r. Kapak kapat\u0131ld\u0131\u011f\u0131nda merdiven k\u0131sm\u0131 tavan bo\u015flu\u011funuzda kalarak yerden tasarruf sa\u011flamaktad\u0131r. \u00dcr\u00fcn\u00fcn \u00fczerinde bulunan yaylar vas\u0131tas\u0131yla kapa\u011f\u0131 elinizle yava\u015f\u00e7a a\u015fa\u011f\u0131 do\u011fru indirebilirsiniz. Daha sonra merdivenin makasl\u0131 sistemi sayesinde kolayca yere do\u011fru a\u00e7abilirsiniz.<\/span><\/p>\n<p><span style=\"color: #000000;\"><strong>* Merdivenin net \u00f6l\u00e7\u00fcleri 58 x 92,4<\/strong><\/span><br \/>\n<span style=\"color: #000000;\"><strong>* Tavanda a\u00e7aca\u011f\u0131n\u0131z bo\u015fluk 60 x 94 olmal\u0131d\u0131r.<\/strong><\/span><\/p>\n<p><span style=\"color: #000000;\"><strong>NOT:<\/strong> Pakette ambalajda, tavanla merdiven aras\u0131n\u0131 kapatan pervaz, terazi, matkap, tornavida, korkuluk, anahtar, vida vs \u00e7\u0131kmamaktad\u0131r yoktur.<\/span><\/p>\n<p><span style=\"color: #000000;\">* Optistep ah\u015fap \u00e7at\u0131 merdiveni net \u00f6l\u00e7\u00fclerimiz 58 x 92,4 cm gelmektedir.<\/span><br \/>\n<span style=\"color: #000000;\">* \u00dcr\u00fcn, i\u00e7erisinden \u00e7\u0131kan montaj talimat\u0131na g\u00f6re monte edilmelidir. Merdiven paket halinde ve kurulu halde sizlere ula\u015fmaktad\u0131r.<\/span><br \/>\n<span style=\"color: #000000;\">* T\u00fcm \u00e7at\u0131c\u0131 demirci ve mobilyac\u0131 kolayl\u0131kla montaj yapabilir. Montaj son derece kolayd\u0131r kendinizde yapabilirsiniz.<\/span><br \/>\n<span style=\"color: #000000;\">* Basamak \u00f6l\u00e7\u00fcleri: 8\u00d738 cm. F\u0131r\u0131nlanm\u0131\u015f \u0130skandinav \u00e7am\u0131ndan budaks\u0131z ve empreyne edilerek \u00fcretilmi\u015ftir.<\/span><br \/>\n<span style=\"color: #000000;\">* Merdiven basama\u011f\u0131n\u0131n \u00fczerinde inip \u00e7\u0131karken kaymay\u0131 engelleyen t\u0131rt\u0131k (oluk) bulunmaktad\u0131r.<\/span><br \/>\n<span style=\"color: #000000;\">* \u00c7at\u0131 merdivenini a\u00e7mak i\u00e7in paket i\u00e7erisindeki merdiven yay\u0131 i\u00e7ine gizlenmi\u015f metal a\u00e7ma \u00e7ubu\u011fu \u00e7\u0131kmaktad\u0131r.<\/span><br \/>\n<span style=\"color: #000000;\">* Ta\u015f\u0131ma kapasitesi 150 kg.\u2019d\u0131r.<\/span><br \/>\n<span style=\"color: #000000;\">* A\u011f\u0131rl\u0131k: 25 kg<\/span><br \/>\n<span style=\"color: #000000;\">* 4 kademeli olarak a\u00e7\u0131l\u0131r ve kapan\u0131r<\/span><br \/>\n<span style=\"color: #000000;\">* Y\u00fckseklik: 2,50 \u2013 2,80 cm. aras\u0131ndaki y\u00fcksekliklerde katlan\u0131r yap\u0131s\u0131 sayesinde y\u00fckseklik \u00f6l\u00e7\u00fcs\u00fcne g\u00f6re kesilip ayarlanarak kullan\u0131labilir.<\/span><br \/>\n<span style=\"color: #000000;\">* \u00c7at\u0131 merdivenimizde kilit mekanizmas\u0131 vard\u0131r. Kilit makanizmas\u0131 kilidlendi\u011finde conta ile kapak s\u0131k\u0131\u015f\u0131r ve \u0131s\u0131, ses ve toz ge\u00e7irgenli\u011fi bitmi\u015f olur.<\/span><br \/>\n<span style=\"color: #000000;\">* Kasa kal\u0131n\u0131l\u0131\u011f\u0131 2cm kasa y\u00fcksekli\u011fi 16cm \u0130skandinav \u00e7am\u0131ndan imal edilmi\u015ftir.<\/span><br \/>\n<span style=\"color: #000000;\">* Kapak kal\u0131nl\u0131\u011f\u0131 3,6 cm dir. Is\u0131 yal\u0131t\u0131m\u0131 i\u00e7in contalar\u0131 mevcut ve tak\u0131lm\u0131\u015f bulunmaktad\u0131r.<\/span><br \/>\n<span style=\"color: #000000;\">* Kapak rengi tavanda g\u00f6z\u00fcken ve i\u00e7eride kalan her iki tarafta beyaz renktedir.<\/span><\/p>\n<p><span style=\"color: #000000;\"><strong>MEVCUT \u00d6L\u00c7\u00dcLER\u0130M\u0130Z: 60\u00d794 \u2013 60\u00d7100 \u2013 70\u00d794 \u2013 70\u00d7100<\/strong><\/span><\/p>\n<p><img fetchpriority=\"high\" decoding=\"async\" class=\"alignnone size-full wp-image-23500\" src=\"https:\/\/www.catimerdivenleri.com\/wp-content\/uploads\/2026\/02\/Ole-Mini-scaled-1-724x1024-1.jpg\" alt=\"\" width=\"724\" height=\"1024\" srcset=\"https:\/\/www.catimerdivenleri.com\/wp-content\/uploads\/2026\/02\/Ole-Mini-scaled-1-724x1024-1.jpg 724w, https:\/\/www.catimerdivenleri.com\/wp-content\/uploads\/2026\/02\/Ole-Mini-scaled-1-724x1024-1-212x300.jpg 212w, https:\/\/www.catimerdivenleri.com\/wp-content\/uploads\/2026\/02\/Ole-Mini-scaled-1-724x1024-1-707x1000.jpg 707w\" sizes=\"(max-width: 724px) 100vw, 724px\" \/><\/p>\n<p><span style=\"color: #ff0000;\"><strong>\u00dcr\u00fcn Kullan\u0131m \u015eekli<\/strong><\/span><br \/>\n<img decoding=\"async\" class=\"alignnone size-full wp-image-23499\" src=\"https:\/\/www.catimerdivenleri.com\/wp-content\/uploads\/2026\/02\/ahsap-scaled-2-724x1024-1.jpg\" alt=\"\" width=\"724\" height=\"1024\" srcset=\"https:\/\/www.catimerdivenleri.com\/wp-content\/uploads\/2026\/02\/ahsap-scaled-2-724x1024-1.jpg 724w, https:\/\/www.catimerdivenleri.com\/wp-content\/uploads\/2026\/02\/ahsap-scaled-2-724x1024-1-212x300.jpg 212w, https:\/\/www.catimerdivenleri.com\/wp-content\/uploads\/2026\/02\/ahsap-scaled-2-724x1024-1-707x1000.jpg 707w\" sizes=\"(max-width: 724px) 100vw, 724px\" \/><\/p>","protected":false},"excerpt":{"rendered":"<p>\u00dcr\u00fcn Tan\u0131r\u0131m Montaj Videosu Optistep OLe Mini 60\u00d794 \u00c7at\u0131 Merdiveni T\u00fcrkiye\u2019nin en kaliteli ve boyut se\u00e7ene\u011fine sahip optistep \u00e7at\u0131 merdivenleri Ayt\u00fcrk Mimarl\u0131k g\u00fcvencesi ile Avrupa\u2019da \u00fcretilmektedir. Piyasadaki di\u011fer \u00fcr\u00fcnlerden \u00e7ok \u00e7ok kaliteli ve sa\u011flamd\u0131r. Kaliteli ve uzun \u00f6m\u00fcrl\u00fc \u00e7at\u0131 merdiveni ar\u0131yorsan\u0131z bu \u00fcr\u00fcn\u00fc almal\u0131s\u0131n\u0131z. \u00dcr\u00fcn tavana monte edilerek kullan\u0131lmaktad\u0131r. Kapak kapat\u0131ld\u0131\u011f\u0131nda merdiven k\u0131sm\u0131 tavan bo\u015flu\u011funuzda [&hellip;]<\/p>\n","protected":false},"featured_media":23889,"template":"","meta":[],"product_brand":[],"product_cat":[98],"product_tag":[],"class_list":{"0":"post-23511","1":"product","2":"type-product","3":"status-publish","4":"has-post-thumbnail","6":"product_cat-optistep-ole-mini-ahsap-cati-merdiveni","8":"first","9":"instock","10":"sale","11":"shipping-taxable","12":"purchasable","13":"product-type-simple"},"_links":{"self":[{"href":"https:\/\/www.catimerdivenleri.com\/tr\/wp-json\/wp\/v2\/product\/23511","targetHints":{"allow":["GET"]}}],"collection":[{"href":"https:\/\/www.catimerdivenleri.com\/tr\/wp-json\/wp\/v2\/product"}],"about":[{"href":"https:\/\/www.catimerdivenleri.com\/tr\/wp-json\/wp\/v2\/types\/product"}],"version-history":[{"count":1,"href":"https:\/\/www.catimerdivenleri.com\/tr\/wp-json\/wp\/v2\/product\/23511\/revisions"}],"predecessor-version":[{"id":23512,"href":"https:\/\/www.catimerdivenleri.com\/tr\/wp-json\/wp\/v2\/product\/23511\/revisions\/23512"}],"wp:featuredmedia":[{"embeddable":true,"href":"https:\/\/www.catimerdivenleri.com\/tr\/wp-json\/wp\/v2\/media\/23889"}],"wp:attachment":[{"href":"https:\/\/www.catimerdivenleri.com\/tr\/wp-json\/wp\/v2\/media?parent=23511"}],"wp:term":[{"taxonomy":"product_brand","embeddable":true,"href":"https:\/\/www.catimerdivenleri.com\/tr\/wp-json\/wp\/v2\/product_brand?post=23511"},{"taxonomy":"product_cat","embeddable":true,"href":"https:\/\/www.catimerdivenleri.com\/tr\/wp-json\/wp\/v2\/product_cat?post=23511"},{"taxonomy":"product_tag","embeddable":true,"href":"https:\/\/www.catimerdivenleri.com\/tr\/wp-json\/wp\/v2\/product_tag?post=23511"}],"curies":[{"name":"wp","href":"https:\/\/api.w.org\/{rel}","templated":true}]}}