{"id":23456,"date":"2026-02-16T17:31:50","date_gmt":"2026-02-16T14:31:50","guid":{"rendered":"https:\/\/www.catimerdivenleri.com\/?post_type=product&#038;p=23456"},"modified":"2026-03-06T12:07:43","modified_gmt":"2026-03-06T09:07:43","slug":"buyuk-boy-teleskopik-cati-merdiveni-52x90cm","status":"publish","type":"product","link":"https:\/\/www.catimerdivenleri.com\/tr\/urun\/buyuk-boy-teleskopik-cati-merdiveni-52x90cm\/","title":{"rendered":"B\u00fcy\u00fck Boy Teleskopik \u00c7at\u0131 Merdiveni 52x90cm"},"content":{"rendered":"<p><iframe title=\"YouTube video player\" src=\"https:\/\/www.youtube.com\/embed\/C7tgrQYYPDk?si=Gr2EgR8G6VK4setI\" width=\"560\" height=\"315\" frameborder=\"0\" allowfullscreen=\"allowfullscreen\"><\/iframe><\/p>\n<p><iframe title=\"YouTube video player\" src=\"https:\/\/www.youtube.com\/embed\/4bxsO4ZukXI?si=FyWs-4hVvB1MF36y\" width=\"560\" height=\"315\" frameborder=\"0\" allowfullscreen=\"allowfullscreen\"><\/iframe><\/p>\n<p><span style=\"color: #000000;\"><strong>Mini model teleskopik \u00e7at\u0131 merdiveni tan\u0131t\u0131m<\/strong><\/span><\/p>\n<p><span style=\"color: #000000;\">Teleskopik \u00e7at\u0131 merdivenleri hem pratik hem de g\u00fcvenilir bir \u00e7\u00f6z\u00fcm sunar. Depolama alanlar\u0131na veya \u00e7at\u0131 katlar\u0131na eri\u015fimde kullan\u0131\u015fl\u0131 olan bu merdivenler, sa\u011flam yap\u0131s\u0131 ve ta\u015f\u0131nabilir \u00f6zellikleri ile kullan\u0131c\u0131lar\u0131n be\u011fenisini kazanmaktad\u0131r. \u0130htiya\u00e7lar\u0131n\u0131za uygun bir teleskopik \u00e7at\u0131 merdiveni se\u00e7erek \u00e7at\u0131n\u0131za kolayca eri\u015fim sa\u011flayabilirsiniz.<\/span><\/p>\n<p><span style=\"color: #000000;\">* Teleskopik \u00e7at\u0131 merdiveni al\u00fcminyum malzemeden \u00fcretilmi\u015ftir.<\/span><br \/>\n<span style=\"color: #000000;\">* En alttaki k\u0131rm\u0131z\u0131 sa\u011fda ve soldaki mandalara basarak kullan\u0131l\u0131r ve i\u00e7 i\u00e7e ge\u00e7erek toplan\u0131r.<\/span><br \/>\n<span style=\"color: #000000;\">* B\u00fcy\u00fck modeli \u00f6l\u00e7\u00fc; 52 cm x 90 cm<\/span><br \/>\n<span style=\"color: #000000;\">* Tavanda a\u00e7\u0131lacak bo\u015fluk 1\u2019er cm daha geni\u015f olmal\u0131.<\/span><br \/>\n<span style=\"color: #000000;\">* Mini y\u00fckseklik \u00f6l\u00e7\u00fc; tavan\u0131n alt\u0131ndan zemine dik \u00f6l\u00e7\u00fcn\u00fcz 265cm ile 290 cm olmal\u0131d\u0131r.<\/span><br \/>\n<span style=\"color: #000000;\">* Teleskopik \u00e7at\u0131 merdivenlerinde merdivenle birlikte a\u00e7\u0131l\u0131p kapanan bir (kapak,kasa) yoktur.<\/span><br \/>\n<span style=\"color: #000000;\">* Merdiven \u00fczerindeki ip ile a\u015fa\u011f\u0131 \u00e7ekilmektedir.<\/span><br \/>\n<span style=\"color: #000000;\">* Montaj\u0131 son derece kolayd\u0131r.<\/span><br \/>\n<span style=\"color: #000000;\">* \u0130ngiltere\u2019den ithal bir \u00fcr\u00fcnd\u00fcr.<\/span><\/p>\n<p><span style=\"color: #000000;\"><strong>Merdiven ile beraber sat\u0131n alabilece\u011finiz aksesuarlar.<\/strong><\/span><\/p>\n<p><span style=\"color: #000000;\">*Merdiveni montaj ettikten sonra tavanda g\u00f6r\u00fcnmemesini istiyorsan\u0131z. \u00dccretli olarak kapak ve kasa sipari\u015fi verebilirsiniz.<\/span><\/p>","protected":false},"excerpt":{"rendered":"<p>Mini model teleskopik \u00e7at\u0131 merdiveni tan\u0131t\u0131m Teleskopik \u00e7at\u0131 merdivenleri hem pratik hem de g\u00fcvenilir bir \u00e7\u00f6z\u00fcm sunar. Depolama alanlar\u0131na veya \u00e7at\u0131 katlar\u0131na eri\u015fimde kullan\u0131\u015fl\u0131 olan bu merdivenler, sa\u011flam yap\u0131s\u0131 ve ta\u015f\u0131nabilir \u00f6zellikleri ile kullan\u0131c\u0131lar\u0131n be\u011fenisini kazanmaktad\u0131r. \u0130htiya\u00e7lar\u0131n\u0131za uygun bir teleskopik \u00e7at\u0131 merdiveni se\u00e7erek \u00e7at\u0131n\u0131za kolayca eri\u015fim sa\u011flayabilirsiniz. * Teleskopik \u00e7at\u0131 merdiveni al\u00fcminyum malzemeden \u00fcretilmi\u015ftir. * [&hellip;]<\/p>\n","protected":false},"featured_media":23891,"template":"","meta":[],"product_brand":[],"product_cat":[96],"product_tag":[],"class_list":{"0":"post-23456","1":"product","2":"type-product","3":"status-publish","4":"has-post-thumbnail","6":"product_cat-teleskopik-cati-merdiveni","8":"first","9":"instock","10":"sale","11":"shipping-taxable","12":"purchasable","13":"product-type-simple"},"_links":{"self":[{"href":"https:\/\/www.catimerdivenleri.com\/tr\/wp-json\/wp\/v2\/product\/23456","targetHints":{"allow":["GET"]}}],"collection":[{"href":"https:\/\/www.catimerdivenleri.com\/tr\/wp-json\/wp\/v2\/product"}],"about":[{"href":"https:\/\/www.catimerdivenleri.com\/tr\/wp-json\/wp\/v2\/types\/product"}],"version-history":[{"count":1,"href":"https:\/\/www.catimerdivenleri.com\/tr\/wp-json\/wp\/v2\/product\/23456\/revisions"}],"predecessor-version":[{"id":23457,"href":"https:\/\/www.catimerdivenleri.com\/tr\/wp-json\/wp\/v2\/product\/23456\/revisions\/23457"}],"wp:featuredmedia":[{"embeddable":true,"href":"https:\/\/www.catimerdivenleri.com\/tr\/wp-json\/wp\/v2\/media\/23891"}],"wp:attachment":[{"href":"https:\/\/www.catimerdivenleri.com\/tr\/wp-json\/wp\/v2\/media?parent=23456"}],"wp:term":[{"taxonomy":"product_brand","embeddable":true,"href":"https:\/\/www.catimerdivenleri.com\/tr\/wp-json\/wp\/v2\/product_brand?post=23456"},{"taxonomy":"product_cat","embeddable":true,"href":"https:\/\/www.catimerdivenleri.com\/tr\/wp-json\/wp\/v2\/product_cat?post=23456"},{"taxonomy":"product_tag","embeddable":true,"href":"https:\/\/www.catimerdivenleri.com\/tr\/wp-json\/wp\/v2\/product_tag?post=23456"}],"curies":[{"name":"wp","href":"https:\/\/api.w.org\/{rel}","templated":true}]}}