{"id":23412,"date":"2026-02-16T17:13:10","date_gmt":"2026-02-16T14:13:10","guid":{"rendered":"https:\/\/www.catimerdivenleri.com\/?post_type=product&#038;p=23412"},"modified":"2026-04-13T11:31:51","modified_gmt":"2026-04-13T08:31:51","slug":"kronmat-erw-114x140-cm-cati-penceresi-eteklik-hediyeli-kdv-dahil","status":"publish","type":"product","link":"https:\/\/www.catimerdivenleri.com\/tr\/urun\/kronmat-erw-114x140-cm-cati-penceresi-eteklik-hediyeli-kdv-dahil\/","title":{"rendered":"KRONmat ERW 114\u00d7140 Cm \u00c7at\u0131 Penceresi Eteklik Hediyeli KDV Dahil"},"content":{"rendered":"<p><span style=\"color: #ff0000;\"><strong>\u00dcr\u00fcn Montaj ve Tan\u0131t\u0131m Videosu<\/strong><\/span><\/p>\n<p><iframe title=\"YouTube video player\" src=\"https:\/\/www.youtube.com\/embed\/ehcm14TZC30?si=ToydIXHlYrEFlffr\" width=\"560\" height=\"315\" frameborder=\"0\" allowfullscreen=\"allowfullscreen\"><\/iframe><\/p>\n<p><iframe title=\"YouTube video player\" src=\"https:\/\/www.youtube.com\/embed\/Kt623y05YOA?si=Uktch5EPAhnY-meR\" width=\"560\" height=\"315\" frameborder=\"0\" allowfullscreen=\"allowfullscreen\"><\/iframe><\/p>\n<p><strong><span style=\"color: #000000;\">KRONmat ERW \u00c7at\u0131 Penceresi<\/span><\/strong><br \/>\n<span style=\"color: #000000;\">Kronmat Erw \u00e7at\u0131 pencereleri iskandinav f\u0131r\u0131nlanm\u0131\u015f \u00e7am a\u011fac\u0131ndan imal edilmi\u015ftir. Oda i\u00e7inde kalan ah\u015fap k\u0131s\u0131mlar, ya\u011fmur veya kar ile temas etmez. \u00c7\u00fcnk\u00fc \u00fcst y\u00fczeyi antrasit gri renkte RAL (7022), electro statik f\u0131r\u0131nda boyanm\u0131\u015f s\u0131cak ve so\u011fuk havalar\u0131n direncine dayan\u0131kl\u0131 al\u00fcminyum eteklikler ile kapl\u0131d\u0131r. <\/span><\/p>\n<p><span style=\"color: #000000;\">Ortas\u0131nda bulunan mente\u015feleri sayesinde pivot a\u00e7\u0131l\u0131m \u00f6zelli\u011fi sa\u011flar ve kendi ekseni etraf\u0131nda 180 derece d\u00f6nerek d\u0131\u015ftaki cam i\u00e7eri d\u00f6ner ve kolayca temizlenebilir. Kronmat Erw \u00e7at\u0131 pencereleri Ayt\u00fcrk Mimarl\u0131k g\u00fcvencesiyle sizlerin kullan\u0131m\u0131na sunulmu\u015ftur. Karanl\u0131k \u00e7at\u0131 b\u00f6l\u00fcmlerinizi, odalar\u0131n\u0131z\u0131 daha ayd\u0131nl\u0131k, daha g\u00f6steri\u015fli ve daha konforlu bir ya\u015fam haline getirmek i\u00e7in hayata bizim pencerelerimizden bak\u0131n.<\/span><\/p>\n<p><span style=\"color: #000000;\">Kronmat Erw \u00e7at\u0131 pencereleri uygun fiyata y\u00fcksek \u00fcr\u00fcn kalitesi sunan \u00e7at\u0131 penceresi pazar\u0131nda yeni bir markad\u0131r. Ah\u015fap ve meteryallerinin haz\u0131rlanmas\u0131 ve i\u015flenmesi i\u00e7in modern teknoloji, \u00fcretimin her a\u015famas\u0131nda kalite kontrol\u00fc ve ba\u011f\u0131ms\u0131z laboratuvarlarda ger\u00e7ekle\u015ftirilen testler, Kronmat Erw \u00e7at\u0131 pencerelerinin y\u00fcksek kalitesini garanti eder. Kronmat Erw \u00e7at\u0131 pencerelerde kullan\u0131lan d\u0131\u015f cephe kaplama tasar\u0131m\u0131, pencerelere modern ve estetik bir g\u00f6r\u00fcn\u00fcm kazand\u0131rmaktad\u0131r.<\/span><\/p>\n<p><strong><span style=\"color: #000000;\">KRONmat ERW \u00c7at\u0131 Penceresi Su Yal\u0131t\u0131m Etekli\u011fi<\/span><\/strong><br \/>\n<span style=\"color: #000000;\">Kronmat Erw \u00e7at\u0131 pencerelerinin kesinlikle bir eteklik ile \u00e7at\u0131 y\u00fczeyine montaj yap\u0131lmas\u0131 gerekir. Pencerenin \u00e7at\u0131 ile kal\u0131c\u0131 ve s\u0131k\u0131 bir \u015fekilde ba\u011flanmas\u0131n\u0131 sa\u011flayan, hassas bir \u015fekilde tasarlanm\u0131\u015f bir \u00e7at\u0131 kaplama \u00fcr\u00fcn\u00fcd\u00fcr. Tek tip tek \u00e7e\u015fit eteklik mevcuttur. Uygulanabilecek \u00e7at\u0131 kaplamalar\u0131, kiremit, metal kiremit, \u015f\u0131ng\u0131l, kumlu mebran, trapez sa\u00e7, sandevi\u00e7 panel, kenet \u00e7at\u0131 t\u00fcm \u00e7at\u0131 kaplamalar\u0131na uygundur. Kronmat Erw \u00e7at\u0131 pencereleri eteklikleri, firmam\u0131z taraf\u0131ndan pencere ile birlikte hediye olarak g\u00f6nderilmektedir. 15-90 derece aras\u0131nda e\u011fime sahip t\u00fcm \u00e7at\u0131lar i\u00e7in uygundur.<\/span><\/p>\n<p><strong><span style=\"color: #000000;\">KRONmat ERW \u00c7at\u0131 Penceresinin \u00d6zellikleri<\/span><\/strong><br \/>\n<span style=\"color: #000000;\">Kronmat Erw \u00e7at\u0131 pencereleri camlar\u0131 standart olarak 4-16-4 24 mm kal\u0131nl\u0131\u011f\u0131nda, d\u0131\u015f alanda kalan cam temperli (normalden 5 kat daha zor k\u0131r\u0131lan) g\u00fc\u00e7lendirilmi\u015f yal\u0131t\u0131ml\u0131 \u00e7ift camd\u0131r. \u0130ki cam aras\u0131 argon gaz\u0131 doldurulmu\u015ftur. Bu da \u0131s\u0131 iletimini azalt\u0131r ve k\u0131\u015f\u0131n \u0131s\u0131 kayb\u0131 d\u00fc\u015fer, yaz\u0131n i\u00e7erinin \u0131s\u0131nmas\u0131 azal\u0131r. K\u0131r\u0131lmas\u0131 son derece zordur ve k\u0131r\u0131lsa dahi temperli camdan dolay\u0131 par\u00e7alara ayr\u0131lmazlar. Kronmat Erw \u00e7at\u0131 pencereleri, kapanma ve d\u00fc\u015fme yapmaz. Ortadan a\u00e7\u0131l\u0131ml\u0131 pivot \u00e7at\u0131 penceresi,pencereyi a\u00e7t\u0131\u011f\u0131n\u0131zda b\u0131rakt\u0131\u011f\u0131n\u0131z yerde durur kapanma veya d\u00fc\u015fme kesinlikle olmaz.<\/span><\/p>","protected":false},"excerpt":{"rendered":"<p>\u00dcr\u00fcn Montaj ve Tan\u0131t\u0131m Videosu KRONmat ERW \u00c7at\u0131 Penceresi Kronmat Erw \u00e7at\u0131 pencereleri iskandinav f\u0131r\u0131nlanm\u0131\u015f \u00e7am a\u011fac\u0131ndan imal edilmi\u015ftir. Oda i\u00e7inde kalan ah\u015fap k\u0131s\u0131mlar, ya\u011fmur veya kar ile temas etmez. \u00c7\u00fcnk\u00fc \u00fcst y\u00fczeyi antrasit gri renkte RAL (7022), electro statik f\u0131r\u0131nda boyanm\u0131\u015f s\u0131cak ve so\u011fuk havalar\u0131n direncine dayan\u0131kl\u0131 al\u00fcminyum eteklikler ile kapl\u0131d\u0131r. Ortas\u0131nda bulunan mente\u015feleri [&hellip;]<\/p>\n","protected":false},"featured_media":23893,"template":"","meta":[],"product_brand":[],"product_cat":[95],"product_tag":[],"class_list":{"0":"post-23412","1":"product","2":"type-product","3":"status-publish","4":"has-post-thumbnail","6":"product_cat-cati-penceresi-modelleri","8":"first","9":"instock","10":"sale","11":"shipping-taxable","12":"purchasable","13":"product-type-simple"},"_links":{"self":[{"href":"https:\/\/www.catimerdivenleri.com\/tr\/wp-json\/wp\/v2\/product\/23412","targetHints":{"allow":["GET"]}}],"collection":[{"href":"https:\/\/www.catimerdivenleri.com\/tr\/wp-json\/wp\/v2\/product"}],"about":[{"href":"https:\/\/www.catimerdivenleri.com\/tr\/wp-json\/wp\/v2\/types\/product"}],"version-history":[{"count":2,"href":"https:\/\/www.catimerdivenleri.com\/tr\/wp-json\/wp\/v2\/product\/23412\/revisions"}],"predecessor-version":[{"id":23894,"href":"https:\/\/www.catimerdivenleri.com\/tr\/wp-json\/wp\/v2\/product\/23412\/revisions\/23894"}],"wp:featuredmedia":[{"embeddable":true,"href":"https:\/\/www.catimerdivenleri.com\/tr\/wp-json\/wp\/v2\/media\/23893"}],"wp:attachment":[{"href":"https:\/\/www.catimerdivenleri.com\/tr\/wp-json\/wp\/v2\/media?parent=23412"}],"wp:term":[{"taxonomy":"product_brand","embeddable":true,"href":"https:\/\/www.catimerdivenleri.com\/tr\/wp-json\/wp\/v2\/product_brand?post=23412"},{"taxonomy":"product_cat","embeddable":true,"href":"https:\/\/www.catimerdivenleri.com\/tr\/wp-json\/wp\/v2\/product_cat?post=23412"},{"taxonomy":"product_tag","embeddable":true,"href":"https:\/\/www.catimerdivenleri.com\/tr\/wp-json\/wp\/v2\/product_tag?post=23412"}],"curies":[{"name":"wp","href":"https:\/\/api.w.org\/{rel}","templated":true}]}}