{"id":23409,"date":"2026-02-16T17:03:47","date_gmt":"2026-02-16T14:03:47","guid":{"rendered":"https:\/\/www.catimerdivenleri.com\/?post_type=product&#038;p=23409"},"modified":"2026-03-18T14:33:43","modified_gmt":"2026-03-18T11:33:43","slug":"cati-penceresi-motoru-35-40cm-acilabilir","status":"publish","type":"product","link":"https:\/\/www.catimerdivenleri.com\/tr\/urun\/cati-penceresi-motoru-35-40cm-acilabilir\/","title":{"rendered":"\u00c7at\u0131 Penceresi Motoru 35-40cm A\u00e7\u0131labilir"},"content":{"rendered":"<p><span style=\"color: #ff0000;\"><strong>Tan\u0131t\u0131m Videosu<\/strong><\/span><\/p>\n<p><iframe title=\"YouTube video player\" src=\"https:\/\/www.youtube.com\/embed\/vcp0uvI90sg?si=vuBH0eqbYwtNaDG_\" width=\"560\" height=\"315\" frameborder=\"0\" allowfullscreen=\"allowfullscreen\"><\/iframe><\/p>\n<p><span style=\"color: #000000;\">\u0130tme\/\u00c7ekme G\u00fcc\u00fc: 300 N<\/span><br \/>\n<span style=\"color: #000000;\">A\u00e7ma Mesafesi: 400 mm<\/span><br \/>\n<span style=\"color: #000000;\">A\u00e7ma H\u0131z\u0131: 10 mm\/sn<\/span><br \/>\n<span style=\"color: #000000;\">Voltaj: 230V AC<\/span><br \/>\n<span style=\"color: #000000;\">Paralel Ba\u011flanma \u0130mkan\u0131: Var<\/span><br \/>\n<span style=\"color: #000000;\">Harcanan G\u00fc\u00e7: 28 Watt<\/span><br \/>\n<span style=\"color: #000000;\">Ak\u0131m: 0.18 A<\/span><br \/>\n<span style=\"color: #000000;\">Frekans: 50 \/ 60 Hz<\/span><br \/>\n<span style=\"color: #000000;\">S\u0131n\u0131rlama Anahtar\u0131: Elektronik<\/span><br \/>\n<span style=\"color: #000000;\">Koruma Derecesi: IP 32<\/span><br \/>\n<span style=\"color: #000000;\">Boyutlar: 495 x 45 x 35<\/span><br \/>\n<span style=\"color: #000000;\">\u00c7al\u0131\u015fma Is\u0131 Aral\u0131\u011f\u0131: -20 C 75 C<\/span><br \/>\n<span style=\"color: #000000;\">\u0130lave eklene bilecek Aksesuar: CF 10\/2 \u2013 CV 10&amp;PV1-PV2 Kontrol \u00dcniteleri &amp; R\u00fczgar, Ya\u011fmur, Duman Sens\u00f6rleri<\/span><\/p>","protected":false},"excerpt":{"rendered":"<p>Tan\u0131t\u0131m Videosu \u0130tme\/\u00c7ekme G\u00fcc\u00fc: 300 N A\u00e7ma Mesafesi: 400 mm A\u00e7ma H\u0131z\u0131: 10 mm\/sn Voltaj: 230V AC Paralel Ba\u011flanma \u0130mkan\u0131: Var Harcanan G\u00fc\u00e7: 28 Watt Ak\u0131m: 0.18 A Frekans: 50 \/ 60 Hz S\u0131n\u0131rlama Anahtar\u0131: Elektronik Koruma Derecesi: IP 32 Boyutlar: 495 x 45 x 35 \u00c7al\u0131\u015fma Is\u0131 Aral\u0131\u011f\u0131: -20 C 75 C \u0130lave eklene [&hellip;]<\/p>\n","protected":false},"featured_media":23895,"template":"","meta":[],"product_brand":[],"product_cat":[94],"product_tag":[],"class_list":{"0":"post-23409","1":"product","2":"type-product","3":"status-publish","4":"has-post-thumbnail","6":"product_cat-cati-penceresi-motoru","8":"first","9":"instock","10":"sale","11":"shipping-taxable","12":"purchasable","13":"product-type-simple"},"_links":{"self":[{"href":"https:\/\/www.catimerdivenleri.com\/tr\/wp-json\/wp\/v2\/product\/23409","targetHints":{"allow":["GET"]}}],"collection":[{"href":"https:\/\/www.catimerdivenleri.com\/tr\/wp-json\/wp\/v2\/product"}],"about":[{"href":"https:\/\/www.catimerdivenleri.com\/tr\/wp-json\/wp\/v2\/types\/product"}],"version-history":[{"count":1,"href":"https:\/\/www.catimerdivenleri.com\/tr\/wp-json\/wp\/v2\/product\/23409\/revisions"}],"predecessor-version":[{"id":23411,"href":"https:\/\/www.catimerdivenleri.com\/tr\/wp-json\/wp\/v2\/product\/23409\/revisions\/23411"}],"wp:featuredmedia":[{"embeddable":true,"href":"https:\/\/www.catimerdivenleri.com\/tr\/wp-json\/wp\/v2\/media\/23895"}],"wp:attachment":[{"href":"https:\/\/www.catimerdivenleri.com\/tr\/wp-json\/wp\/v2\/media?parent=23409"}],"wp:term":[{"taxonomy":"product_brand","embeddable":true,"href":"https:\/\/www.catimerdivenleri.com\/tr\/wp-json\/wp\/v2\/product_brand?post=23409"},{"taxonomy":"product_cat","embeddable":true,"href":"https:\/\/www.catimerdivenleri.com\/tr\/wp-json\/wp\/v2\/product_cat?post=23409"},{"taxonomy":"product_tag","embeddable":true,"href":"https:\/\/www.catimerdivenleri.com\/tr\/wp-json\/wp\/v2\/product_tag?post=23409"}],"curies":[{"name":"wp","href":"https:\/\/api.w.org\/{rel}","templated":true}]}}