{"id":23370,"date":"2026-02-16T16:36:44","date_gmt":"2026-02-16T13:36:44","guid":{"rendered":"https:\/\/www.catimerdivenleri.com\/?post_type=product&#038;p=23370"},"modified":"2026-03-06T12:16:48","modified_gmt":"2026-03-06T09:16:48","slug":"erw-114x140-tam-karartma-cati-penceresi-stor-perdesi","status":"publish","type":"product","link":"https:\/\/www.catimerdivenleri.com\/tr\/urun\/erw-114x140-tam-karartma-cati-penceresi-stor-perdesi\/","title":{"rendered":"ERW 114\u00d7140 Tam karartma \u00c7at\u0131 Penceresi Stor Perdesi"},"content":{"rendered":"<p><span style=\"color: #000000;\">\u00c7at\u0131 penceresi perdesi \u00e7at\u0131 pencereleri i\u00e7in \u00f6zel olarak tasarlanm\u0131\u015f perdelerdir. \u00c7at\u0131 pencereleri, \u00e7o\u011funlukla e\u011fimli bir \u00e7at\u0131da bulunan, i\u00e7 mekanlara do\u011fal \u0131\u015f\u0131k sa\u011flayan ve havaland\u0131rmay\u0131 kolayla\u015ft\u0131ran pencerelerdir. \u00c7at\u0131 pencereleri dikey pencere tasar\u0131m\u0131ndan farkl\u0131 olarak e\u011fimli bir yap\u0131ya sahiptir.<\/span><\/p>\n<p><span style=\"color: #000000;\">\u00c7at\u0131 penceresi perdeleri \u00e7at\u0131 pencerelerinin e\u011fimli \u015fekline uygun olarak tasarlan\u0131r ve monte edilir. Perdeler pencerelerin g\u00fcne\u015f \u0131\u015f\u0131\u011f\u0131n\u0131 filtrelemesine ve odan\u0131n s\u0131cakl\u0131\u011f\u0131n\u0131 d\u00fczenlemesine yard\u0131mc\u0131 olurken, gerekti\u011finde de tamamen kapanabilirler.<\/span><\/p>\n<p><span style=\"color: #000000;\">\u00c7at\u0131 penceresi perdeleri \u00e7at\u0131 pencerelerinin \u00f6l\u00e7\u00fclerine g\u00f6re \u00f6zel olarak yap\u0131ld\u0131\u011f\u0131ndan, genellikle standart dikey pencereler i\u00e7in kullan\u0131lan perdelerle ayn\u0131 de\u011fildir. \u00c7at\u0131 pencerenize uygun bir perde se\u00e7erken, do\u011fru \u00f6l\u00e7\u00fcleri alarak veya profesyonel yard\u0131m alarak do\u011fru modeli se\u00e7ti\u011finizden emin olman\u0131z \u00f6nemlidir.<\/span><\/p>\n<p><span style=\"color: #000000;\">\u00c7at\u0131n\u0131zda bir pencereniz var ise perde takt\u0131rmak yapt\u0131rmak istiyorsan\u0131z. Pencerenin \u00f6l\u00e7\u00fcs\u00fc a\u00e7\u0131lan kanad\u0131n arka k\u0131sm\u0131nda sa\u00e7 ile \u00e7ak\u0131lm\u0131\u015f ve yazmaktad\u0131r.<\/span><\/p>\n<p><span style=\"color: #ff0000;\">Sac\u0131n \u00fcst\u00fcndeki \u00f6l\u00e7\u00fcy\u00fc bize s\u00f6yleyerek perdenizi alabilirsiniz.<\/span><\/p>\n<p><span style=\"color: #ff0000;\">Perdelerimiz \u00e7at\u0131 pencerelerimize yurt d\u0131\u015f\u0131nda \u00f6zel olarak yap\u0131lm\u0131\u015f ve standart \u00f6l\u00e7\u00fclerdedir.<\/span><\/p>\n<p><span style=\"color: #ff0000;\">NOT: PERDEC\u0130 DE\u011e\u0130L\u0130Z \u00d6ZEL \u0130MALAT YOKTUR.<\/span><\/p>","protected":false},"excerpt":{"rendered":"<p>\u00c7at\u0131 penceresi perdesi \u00e7at\u0131 pencereleri i\u00e7in \u00f6zel olarak tasarlanm\u0131\u015f perdelerdir. \u00c7at\u0131 pencereleri, \u00e7o\u011funlukla e\u011fimli bir \u00e7at\u0131da bulunan, i\u00e7 mekanlara do\u011fal \u0131\u015f\u0131k sa\u011flayan ve havaland\u0131rmay\u0131 kolayla\u015ft\u0131ran pencerelerdir. \u00c7at\u0131 pencereleri dikey pencere tasar\u0131m\u0131ndan farkl\u0131 olarak e\u011fimli bir yap\u0131ya sahiptir. \u00c7at\u0131 penceresi perdeleri \u00e7at\u0131 pencerelerinin e\u011fimli \u015fekline uygun olarak tasarlan\u0131r ve monte edilir. Perdeler pencerelerin g\u00fcne\u015f \u0131\u015f\u0131\u011f\u0131n\u0131 filtrelemesine [&hellip;]<\/p>\n","protected":false},"featured_media":23896,"template":"","meta":[],"product_brand":[],"product_cat":[93],"product_tag":[],"class_list":{"0":"post-23370","1":"product","2":"type-product","3":"status-publish","4":"has-post-thumbnail","6":"product_cat-cati-penceresi-perdesi","8":"first","9":"instock","10":"sale","11":"shipping-taxable","12":"purchasable","13":"product-type-simple"},"_links":{"self":[{"href":"https:\/\/www.catimerdivenleri.com\/tr\/wp-json\/wp\/v2\/product\/23370","targetHints":{"allow":["GET"]}}],"collection":[{"href":"https:\/\/www.catimerdivenleri.com\/tr\/wp-json\/wp\/v2\/product"}],"about":[{"href":"https:\/\/www.catimerdivenleri.com\/tr\/wp-json\/wp\/v2\/types\/product"}],"version-history":[{"count":2,"href":"https:\/\/www.catimerdivenleri.com\/tr\/wp-json\/wp\/v2\/product\/23370\/revisions"}],"predecessor-version":[{"id":23855,"href":"https:\/\/www.catimerdivenleri.com\/tr\/wp-json\/wp\/v2\/product\/23370\/revisions\/23855"}],"wp:featuredmedia":[{"embeddable":true,"href":"https:\/\/www.catimerdivenleri.com\/tr\/wp-json\/wp\/v2\/media\/23896"}],"wp:attachment":[{"href":"https:\/\/www.catimerdivenleri.com\/tr\/wp-json\/wp\/v2\/media?parent=23370"}],"wp:term":[{"taxonomy":"product_brand","embeddable":true,"href":"https:\/\/www.catimerdivenleri.com\/tr\/wp-json\/wp\/v2\/product_brand?post=23370"},{"taxonomy":"product_cat","embeddable":true,"href":"https:\/\/www.catimerdivenleri.com\/tr\/wp-json\/wp\/v2\/product_cat?post=23370"},{"taxonomy":"product_tag","embeddable":true,"href":"https:\/\/www.catimerdivenleri.com\/tr\/wp-json\/wp\/v2\/product_tag?post=23370"}],"curies":[{"name":"wp","href":"https:\/\/api.w.org\/{rel}","templated":true}]}}