{"id":23363,"date":"2026-02-16T16:28:30","date_gmt":"2026-02-16T13:28:30","guid":{"rendered":"https:\/\/www.catimerdivenleri.com\/?post_type=product&#038;p=23363"},"modified":"2026-04-14T11:19:12","modified_gmt":"2026-04-14T08:19:12","slug":"46x55-optilook-tek-cam-cati-cikis-kapagi","status":"publish","type":"product","link":"https:\/\/www.catimerdivenleri.com\/tr\/urun\/46x55-optilook-tek-cam-cati-cikis-kapagi\/","title":{"rendered":"46\u00d755 OptiLook Tek Cam \u00c7at\u0131 \u00c7\u0131k\u0131\u015f Kapa\u011f\u0131"},"content":{"rendered":"<p><span style=\"color: #000000;\">Optilook \u00e7at\u0131 \u00e7\u0131k\u0131\u015f kapaklar\u0131 \u00e7ift cam ve tek cam olmak \u00fczere iki \u00e7e\u015fittir. Pencere kasas\u0131 2cm \u0130skandinav \u00e7am\u0131 emprenye edilmi\u015f f\u0131r\u0131nlanm\u0131\u015f \u00e7am malzemeden \u00fcretilmi\u015ftir. \u00c7at\u0131 \u00e7\u0131k\u0131\u015f kapa\u011f\u0131 etekli\u011fi \u00fczerine ba\u011fl\u0131 olarak tek par\u00e7a olarak size ula\u015f\u0131r. Pencerenin \u00e7at\u0131 ile kal\u0131c\u0131 ve s\u0131k\u0131 bir \u015fekilde ba\u011flanmas\u0131n\u0131 sa\u011flayan, hassas bir \u015fekilde tasarlanm\u0131\u015f bir \u00e7at\u0131 kaplama \u00fcr\u00fcn\u00fcd\u00fcr. Uygulanabilecek \u00e7at\u0131 kaplamalar\u0131, kiremit, metal kiremit, \u015f\u0131ng\u0131l, kumlu mebran, trapez sa\u00e7, sandevi\u00e7 panel, kenet \u00e7at\u0131 t\u00fcm \u00e7at\u0131 kaplamalar\u0131na uygundur.<\/span><\/p>\n<p><span style=\"color: #000000;\"><strong>TEKN\u0130K \u00d6ZELL\u0130KLER<\/strong><\/span><\/p>\n<p><span style=\"color: #000000;\"><strong>Optilook \u00e7at\u0131 \u00e7\u0131k\u0131\u015f kapaklar\u0131 2 \u00e7e\u015fittir.<\/strong><\/span><br \/>\n<span style=\"color: #000000;\">* WGI 3x12x3 cm \u00e7iftcam iki cam aras\u0131na argon gaz\u0131 s\u0131k\u0131\u015ft\u0131r\u0131lm\u0131\u015ft\u0131r.<\/span><br \/>\n<span style=\"color: #000000;\">* WGT tekcam 3mm dir.<\/span><br \/>\n<span style=\"color: #000000;\">* 46cm*55cm ve 46cm*75cm olarak iki farkl\u0131 boyutu mevcuttur.<\/span><br \/>\n<span style=\"color: #000000;\">* Her \u00e7e\u015fit \u00e7at\u0131 kaplama malzemesine kolayl\u0131kla montaj yap\u0131labilir.<\/span><br \/>\n<span style=\"color: #000000;\">* Pencere kasas\u0131 2cm emprenye edilmi\u015f \u0130skandinav \u00e7am\u0131ndan \u00fcretilmi\u015ftir. Sonderece kalitelidir.<\/span><br \/>\n<span style=\"color: #000000;\">* Pencerenin d\u0131\u015f y\u00fczeyde kalan k\u0131sm\u0131 tamamen aleminyum \u0131s\u0131ya ve so\u011fuk havalara dayan\u0131kl\u0131d\u0131r.<\/span><br \/>\n<span style=\"color: #000000;\">* 7022 (Ral) boya kodu ile electro statik boya ile y\u00fcksek dereceli f\u0131r\u0131nlarda boyanm\u0131\u015ft\u0131r.<\/span><br \/>\n<span style=\"color: #000000;\">* Montaj\u0131 kolayla\u015ft\u0131ran ve h\u0131zland\u0131ran eteklik sistemi ile donat\u0131lm\u0131\u015f\u0131r.<\/span><br \/>\n<span style=\"color: #000000;\">* Eteklik \u00fczerindeki s\u00fcngerler sayesinde,kiremit \u00e7at\u0131larda r\u00fczgar\u0131n, havan\u0131n i\u00e7eriye girmesini \u00f6nler.<\/span><br \/>\n<span style=\"color: #000000;\">* \u00c7at\u0131 \u00e7\u0131k\u0131\u015f kapa\u011f\u0131m\u0131z\u0131n \u00fczerinde eteklik sabittir.\u00c7at\u0131n\u0131za hi\u00e7 u\u011fra\u015fmadan hemen montaj yapma kolayl\u0131\u011f\u0131 sa\u011flar.<\/span><br \/>\n<span style=\"color: #000000;\">* kanat yap\u0131s\u0131 \u2013 kanat yukar\u0131 a\u00e7\u0131l\u0131r.<\/span><br \/>\n<span style=\"color: #000000;\">* Alttan \u00fc\u00e7 kademe seviyeli kilitleme \u00f6zelli\u011fine sahip temiz hava ak\u0131\u015f\u0131n\u0131 d\u00fczenleme imkan\u0131 sa\u011flar.<\/span><br \/>\n<span style=\"color: #000000;\">* Kolu \u00fc\u00e7 noktada sabitlenir. S\u00fcrekli havaland\u0131rma sa\u011flar.<\/span><br \/>\n<span style=\"color: #000000;\">* Karanl\u0131k odalar\u0131n\u0131zda,kullan\u0131lmayan \u00e7at\u0131 aralar\u0131nda, \u00e7at\u0131 katlar\u0131n\u0131zda hem havaland\u0131rma hemde g\u00fcn \u0131\u015f\u0131\u011f\u0131 almas\u0131n\u0131 sa\u011flar.<\/span><br \/>\n<span style=\"color: #000000;\">* 15 \u00b0 ile 60 \u00b0 e\u011fimli \u00e7at\u0131lar i\u00e7in tasarlanm\u0131\u015ft\u0131r.<\/span><\/p>","protected":false},"excerpt":{"rendered":"<p>Optilook \u00e7at\u0131 \u00e7\u0131k\u0131\u015f kapaklar\u0131 \u00e7ift cam ve tek cam olmak \u00fczere iki \u00e7e\u015fittir. Pencere kasas\u0131 2cm \u0130skandinav \u00e7am\u0131 emprenye edilmi\u015f f\u0131r\u0131nlanm\u0131\u015f \u00e7am malzemeden \u00fcretilmi\u015ftir. \u00c7at\u0131 \u00e7\u0131k\u0131\u015f kapa\u011f\u0131 etekli\u011fi \u00fczerine ba\u011fl\u0131 olarak tek par\u00e7a olarak size ula\u015f\u0131r. Pencerenin \u00e7at\u0131 ile kal\u0131c\u0131 ve s\u0131k\u0131 bir \u015fekilde ba\u011flanmas\u0131n\u0131 sa\u011flayan, hassas bir \u015fekilde tasarlanm\u0131\u015f bir \u00e7at\u0131 kaplama \u00fcr\u00fcn\u00fcd\u00fcr. Uygulanabilecek [&hellip;]<\/p>\n","protected":false},"featured_media":23897,"template":"","meta":[],"product_brand":[],"product_cat":[92],"product_tag":[],"class_list":{"0":"post-23363","1":"product","2":"type-product","3":"status-publish","4":"has-post-thumbnail","6":"product_cat-cati-kapaklari","8":"first","9":"instock","10":"sale","11":"shipping-taxable","12":"purchasable","13":"product-type-simple"},"_links":{"self":[{"href":"https:\/\/www.catimerdivenleri.com\/tr\/wp-json\/wp\/v2\/product\/23363","targetHints":{"allow":["GET"]}}],"collection":[{"href":"https:\/\/www.catimerdivenleri.com\/tr\/wp-json\/wp\/v2\/product"}],"about":[{"href":"https:\/\/www.catimerdivenleri.com\/tr\/wp-json\/wp\/v2\/types\/product"}],"version-history":[{"count":5,"href":"https:\/\/www.catimerdivenleri.com\/tr\/wp-json\/wp\/v2\/product\/23363\/revisions"}],"predecessor-version":[{"id":24122,"href":"https:\/\/www.catimerdivenleri.com\/tr\/wp-json\/wp\/v2\/product\/23363\/revisions\/24122"}],"wp:featuredmedia":[{"embeddable":true,"href":"https:\/\/www.catimerdivenleri.com\/tr\/wp-json\/wp\/v2\/media\/23897"}],"wp:attachment":[{"href":"https:\/\/www.catimerdivenleri.com\/tr\/wp-json\/wp\/v2\/media?parent=23363"}],"wp:term":[{"taxonomy":"product_brand","embeddable":true,"href":"https:\/\/www.catimerdivenleri.com\/tr\/wp-json\/wp\/v2\/product_brand?post=23363"},{"taxonomy":"product_cat","embeddable":true,"href":"https:\/\/www.catimerdivenleri.com\/tr\/wp-json\/wp\/v2\/product_cat?post=23363"},{"taxonomy":"product_tag","embeddable":true,"href":"https:\/\/www.catimerdivenleri.com\/tr\/wp-json\/wp\/v2\/product_tag?post=23363"}],"curies":[{"name":"wp","href":"https:\/\/api.w.org\/{rel}","templated":true}]}}