{"id":23348,"date":"2026-02-16T16:19:44","date_gmt":"2026-02-16T13:19:44","guid":{"rendered":"https:\/\/www.catimerdivenleri.com\/?post_type=product&#038;p=23348"},"modified":"2026-03-06T12:24:01","modified_gmt":"2026-03-06T09:24:01","slug":"kubbeli-cati-cikis-ve-havalandirma-kapaklari","status":"publish","type":"product","link":"https:\/\/www.catimerdivenleri.com\/tr\/urun\/kubbeli-cati-cikis-ve-havalandirma-kapaklari\/","title":{"rendered":"Kubbeli \u00c7at\u0131 \u00c7\u0131k\u0131\u015f ve Havaland\u0131rma Kapaklar\u0131"},"content":{"rendered":"<p><iframe title=\"YouTube video player\" src=\"https:\/\/www.youtube.com\/embed\/D5_m1OrbfCA?si=dNKOREFXYqzvVKtW\" width=\"560\" height=\"315\" frameborder=\"0\" allowfullscreen=\"allowfullscreen\"><\/iframe><\/p>\n<p><span style=\"color: #000000;\">D\u00fcz teras \u00e7at\u0131larda evden \u00e7at\u0131ya g\u00fcvenli \u00e7\u0131k\u0131\u015f i\u00e7in kubbe formlu estetik \u00e7\u00f6z\u00fcm \u00c7at\u0131ya g\u00fcvenli \u00e7\u0131k\u0131\u015f\u0131n yan\u0131nda g\u00fcn \u0131\u015f\u0131\u011f\u0131 ile do\u011fal ayd\u0131nlatma ve do\u011fal havaland\u0131rma sa\u011flar. Hidrolik pistonlar yard\u0131m\u0131yla manuel olarak 90 dereceye kadar a\u00e7\u0131labilen kanat sayesinde rahat ve g\u00fcvenli bir \u015fekilde \u00e7at\u0131ya \u00e7\u0131kma imk\u00e2n\u0131 sunar.<\/span><\/p>\n<p><span style=\"color: #000000;\"><strong>Kolay montaj:<\/strong> \u00c7at\u0131 kapa\u011f\u0131n\u0131n montaj\u0131, \u00e7at\u0131da olu\u015fturulan parapet duvar \u00fczerine kolayl\u0131kla montaj edilir.<\/span><\/p>\n<p><span style=\"color: #000000;\">\u0130stenilen \u00f6l\u00e7\u00fcye g\u00f6re \u00fcretim: Parapet \u00f6l\u00e7\u00fclerinize g\u00f6re \u00fcretim yap\u0131l\u0131r. Siz bize de\u011fil, biz size uyar\u0131z.<\/span><\/p>\n<p><span style=\"color: #000000;\"><strong>Problemsiz Tasar\u0131m:<\/strong> Tasar\u0131m\u0131 kar veya ya\u011fmur suyunun \u00fcst\u00fcnde durmayaca\u011f\u0131 \u015fekilde kubbe formludur. S\u0131zd\u0131rmazl\u0131k kesin olarak sa\u011flanm\u0131\u015ft\u0131r. Metal aksam\u0131 elektrostatik toz boya ile boyal\u0131d\u0131r. <\/span><\/p>\n<p><span style=\"color: #000000;\"><strong>Is\u0131 yal\u0131t\u0131m\u0131:<\/strong> Solid opal polikarbonattan \u00fcretilen i\u00e7 i\u00e7e yerle\u015ftirlen iki kubbe ve aras\u0131ndaki hava bo\u015flu\u011fu ile \u0131s\u0131 ve ses yal\u0131t\u0131m\u0131 sa\u011flar.<\/span><\/p>\n<p><span style=\"color: #000000;\"><strong>Parapet \u0130\u00e7 \u00d6l\u00e7\u00fcleri;<\/strong> 40\u00d740, 50\u00d750, 60\u00d760, 70\u00d770, 70\u00d7130,80\u00d780, 90\u00d790, 100\u00d7100, 110\u00d7110, 120\u00d7120, 130\u00d7130,160\u00d7160,100\u00d7130,100\u00d7160 ,90\u00d7100 ,90\u00d7110, 90\u00d7120, 90\u00d7130, 90\u00d7140, 90\u00d7150, 90\u00d7160, 90\u00d7170, 90\u00d7180<\/span><\/p>","protected":false},"excerpt":{"rendered":"<p>D\u00fcz teras \u00e7at\u0131larda evden \u00e7at\u0131ya g\u00fcvenli \u00e7\u0131k\u0131\u015f i\u00e7in kubbe formlu estetik \u00e7\u00f6z\u00fcm \u00c7at\u0131ya g\u00fcvenli \u00e7\u0131k\u0131\u015f\u0131n yan\u0131nda g\u00fcn \u0131\u015f\u0131\u011f\u0131 ile do\u011fal ayd\u0131nlatma ve do\u011fal havaland\u0131rma sa\u011flar. Hidrolik pistonlar yard\u0131m\u0131yla manuel olarak 90 dereceye kadar a\u00e7\u0131labilen kanat sayesinde rahat ve g\u00fcvenli bir \u015fekilde \u00e7at\u0131ya \u00e7\u0131kma imk\u00e2n\u0131 sunar. Kolay montaj: \u00c7at\u0131 kapa\u011f\u0131n\u0131n montaj\u0131, \u00e7at\u0131da olu\u015fturulan parapet duvar \u00fczerine [&hellip;]<\/p>\n","protected":false},"featured_media":23899,"template":"","meta":[],"product_brand":[],"product_cat":[91],"product_tag":[],"class_list":{"0":"post-23348","1":"product","2":"type-product","3":"status-publish","4":"has-post-thumbnail","6":"product_cat-kubbeli-havalandirma-kapaklari","8":"first","9":"instock","10":"sale","11":"shipping-taxable","12":"purchasable","13":"product-type-simple"},"_links":{"self":[{"href":"https:\/\/www.catimerdivenleri.com\/tr\/wp-json\/wp\/v2\/product\/23348","targetHints":{"allow":["GET"]}}],"collection":[{"href":"https:\/\/www.catimerdivenleri.com\/tr\/wp-json\/wp\/v2\/product"}],"about":[{"href":"https:\/\/www.catimerdivenleri.com\/tr\/wp-json\/wp\/v2\/types\/product"}],"version-history":[{"count":2,"href":"https:\/\/www.catimerdivenleri.com\/tr\/wp-json\/wp\/v2\/product\/23348\/revisions"}],"predecessor-version":[{"id":23854,"href":"https:\/\/www.catimerdivenleri.com\/tr\/wp-json\/wp\/v2\/product\/23348\/revisions\/23854"}],"wp:featuredmedia":[{"embeddable":true,"href":"https:\/\/www.catimerdivenleri.com\/tr\/wp-json\/wp\/v2\/media\/23899"}],"wp:attachment":[{"href":"https:\/\/www.catimerdivenleri.com\/tr\/wp-json\/wp\/v2\/media?parent=23348"}],"wp:term":[{"taxonomy":"product_brand","embeddable":true,"href":"https:\/\/www.catimerdivenleri.com\/tr\/wp-json\/wp\/v2\/product_brand?post=23348"},{"taxonomy":"product_cat","embeddable":true,"href":"https:\/\/www.catimerdivenleri.com\/tr\/wp-json\/wp\/v2\/product_cat?post=23348"},{"taxonomy":"product_tag","embeddable":true,"href":"https:\/\/www.catimerdivenleri.com\/tr\/wp-json\/wp\/v2\/product_tag?post=23348"}],"curies":[{"name":"wp","href":"https:\/\/api.w.org\/{rel}","templated":true}]}}