{"id":23322,"date":"2026-02-16T15:48:18","date_gmt":"2026-02-16T12:48:18","guid":{"rendered":"https:\/\/www.catimerdivenleri.com\/?post_type=product&#038;p=23322"},"modified":"2026-03-06T12:30:14","modified_gmt":"2026-03-06T09:30:14","slug":"70x90-yerli-ayturk-makasli-cati-merdiveni-h270cm","status":"publish","type":"product","link":"https:\/\/www.catimerdivenleri.com\/tr\/urun\/70x90-yerli-ayturk-makasli-cati-merdiveni-h270cm\/","title":{"rendered":"70\u00d790 Yerli Ayt\u00fcrk Makasl\u0131 \u00c7at\u0131 Merdiveni H:270cm"},"content":{"rendered":"<p><iframe title=\"YouTube video player\" src=\"https:\/\/www.youtube.com\/embed\/4S2-q7Ta7qY?si=KZv91FgwErEfAAhO\" width=\"560\" height=\"315\" frameborder=\"0\" allowfullscreen=\"allowfullscreen\"><\/iframe><\/p>\n<p><strong><span style=\"color: #000000;\">AKORDEON MERD\u0130VEN \u00dcretim Yeri T\u00dcRK\u0130YE ( Yerli \u00dcretim )<\/span><\/strong><\/p>\n<p><span style=\"color: #000000;\"><strong>NOT:<\/strong> Pakette ambalajda, tavanla merdiven aras\u0131n\u0131 kapatan pervaz, terazi, matkap, tornavida, korkuluk, anahtar, vida vs \u00e7\u0131kmamaktad\u0131r yoktur.<\/span><\/p>\n<p><span style=\"color: #000000;\">* Tavanda A\u00e7aca\u011f\u0131n\u0131z Bo\u015fluk, Her Kenar \u0130\u00e7in Belirtilen \u00d6l\u00e7\u00fclerden 1\u2019Er Cm Daha Geni\u015f Olmal\u0131d\u0131r<\/span><br \/>\n<span style=\"color: #000000;\">* A\u011f\u0131rl\u0131k: 30 kg<\/span><br \/>\n<span style=\"color: #000000;\">* Ta\u015f\u0131ma Kapasitesi: 150 kg<\/span><br \/>\n<span style=\"color: #000000;\">* Tasar\u0131m\u0131 kullan\u0131\u015fl\u0131 ve pratiktir.<\/span><br \/>\n<span style=\"color: #000000;\">* Tarama \u00e7ap\u0131 234 cm dir.<\/span><br \/>\n<span style=\"color: #000000;\">* Y\u00fcksekli\u011fi 2.70 metreye kadar olan tavanlar i\u00e7in uygundur.<\/span><br \/>\n<span style=\"color: #000000;\">* Paketin ambalaj\u0131n i\u00e7inden a\u00e7ma \u00e7ubu\u011fu \u00e7\u0131k\u0131yor.<\/span><br \/>\n<span style=\"color: #000000;\">* Merdiven basamak \u00f6l\u00e7\u00fcleri 40cm x 8cm dir.<\/span><br \/>\n<span style=\"color: #000000;\">* Kaymaz t\u0131rt\u0131kl\u0131 basamaklar\u0131 vard\u0131r.<\/span><br \/>\n<span style=\"color: #000000;\">* Kapa\u011f\u0131 26mm ah\u015faptan olup \u00e7ift tarafl\u0131 mdf kaplamal\u0131 ve beyazd\u0131r.<\/span><br \/>\n<span style=\"color: #000000;\">* Kasa 2cm kal\u0131nl\u0131kta 13cm y\u00fcksekliktedir.<\/span><br \/>\n<span style=\"color: #000000;\">* Kapanma Sonras\u0131 Mediven Y\u00fcksekli\u011fi (F) 57 cm<\/span><br \/>\n<span style=\"color: #000000;\">* Basamak Say\u0131s\u0131 10<\/span><br \/>\n<span style=\"color: #000000;\">* Metal basamaklar\u0131 electro statik f\u0131r\u0131n boyal\u0131 ve antrasit gri<\/span><br \/>\n<span style=\"color: #000000;\">* Paket i\u00e7erisinden \u00e7\u0131kan kurulum \u015fablonuna g\u00f6re montaj\u0131 yap\u0131lmal\u0131d\u0131r.<\/span><br \/>\n<strong><span style=\"color: #000000;\">* Makasl\u0131 \u00e7at\u0131 merdiveni \u00f6l\u00e7\u00fclerimiz: 60\u00d770 \u2013 60\u00d780 \u2013 70\u00d770 \u2013 70\u00d780 \u2013 70\u00d790 \u2013 70\u00d7100<\/span><\/strong><\/p>","protected":false},"excerpt":{"rendered":"<p><span style=\"color: #ff0000;\"><strong>\u00d6L\u00c7\u00dcN\u00dcZE G\u00d6RE \u00d6ZEL \u00dcRET\u0130M YAPIYORUZ.<\/strong><\/span><\/p>","protected":false},"featured_media":23902,"template":"","meta":[],"product_brand":[],"product_cat":[89],"product_tag":[],"class_list":{"0":"post-23322","1":"product","2":"type-product","3":"status-publish","4":"has-post-thumbnail","6":"product_cat-yerli-makasli-cati-merdivenleri","8":"first","9":"instock","10":"sale","11":"shipping-taxable","12":"purchasable","13":"product-type-simple"},"_links":{"self":[{"href":"https:\/\/www.catimerdivenleri.com\/tr\/wp-json\/wp\/v2\/product\/23322","targetHints":{"allow":["GET"]}}],"collection":[{"href":"https:\/\/www.catimerdivenleri.com\/tr\/wp-json\/wp\/v2\/product"}],"about":[{"href":"https:\/\/www.catimerdivenleri.com\/tr\/wp-json\/wp\/v2\/types\/product"}],"version-history":[{"count":1,"href":"https:\/\/www.catimerdivenleri.com\/tr\/wp-json\/wp\/v2\/product\/23322\/revisions"}],"predecessor-version":[{"id":23326,"href":"https:\/\/www.catimerdivenleri.com\/tr\/wp-json\/wp\/v2\/product\/23322\/revisions\/23326"}],"wp:featuredmedia":[{"embeddable":true,"href":"https:\/\/www.catimerdivenleri.com\/tr\/wp-json\/wp\/v2\/media\/23902"}],"wp:attachment":[{"href":"https:\/\/www.catimerdivenleri.com\/tr\/wp-json\/wp\/v2\/media?parent=23322"}],"wp:term":[{"taxonomy":"product_brand","embeddable":true,"href":"https:\/\/www.catimerdivenleri.com\/tr\/wp-json\/wp\/v2\/product_brand?post=23322"},{"taxonomy":"product_cat","embeddable":true,"href":"https:\/\/www.catimerdivenleri.com\/tr\/wp-json\/wp\/v2\/product_cat?post=23322"},{"taxonomy":"product_tag","embeddable":true,"href":"https:\/\/www.catimerdivenleri.com\/tr\/wp-json\/wp\/v2\/product_tag?post=23322"}],"curies":[{"name":"wp","href":"https:\/\/api.w.org\/{rel}","templated":true}]}}