{"id":23213,"date":"2026-02-16T15:05:52","date_gmt":"2026-02-16T12:05:52","guid":{"rendered":"https:\/\/www.catimerdivenleri.com\/?post_type=product&#038;p=23213"},"modified":"2026-03-06T12:46:48","modified_gmt":"2026-03-06T09:46:48","slug":"italya-mensei-70x120-dokum-basamakli-motorlu-cati-merdiveni-h325cm","status":"publish","type":"product","link":"https:\/\/www.catimerdivenleri.com\/tr\/urun\/italya-mensei-70x120-dokum-basamakli-motorlu-cati-merdiveni-h325cm\/","title":{"rendered":"\u0130talya Men\u015fei 70\u00d7120 D\u00f6k\u00fcm Basamakl\u0131 Motorlu \u00c7at\u0131 Merdiveni H:325CM"},"content":{"rendered":"<p><span style=\"color: #800000;\"><strong>MONTAJ VE TANITIM V\u0130DEOSU<\/strong><\/span><\/p>\n<p><iframe title=\"YouTube video player\" src=\"https:\/\/www.youtube.com\/embed\/JmA1JSSfYes?si=4I0fw9znVTFkFUfj\" width=\"560\" height=\"315\" frameborder=\"0\" allowfullscreen=\"allowfullscreen\"><\/iframe><\/p>\n<p><iframe title=\"YouTube video player\" src=\"https:\/\/www.youtube.com\/embed\/i1j7orfulBs?si=Fn5zuvNyzqII1_Ao\" width=\"560\" height=\"315\" frameborder=\"0\" allowfullscreen=\"allowfullscreen\"><\/iframe><\/p>\n<p><span style=\"color: #000000;\"><strong>NOT:<\/strong> Pakette ambalajda, terazi, matkap, tornavida, korkuluk, anahtar, vida vs \u00e7\u0131kmamaktad\u0131r yoktur.<\/span><\/p>\n<p><span style=\"color: #000000;\"><strong>VER\u0130LEN AKSESUARLAR:<\/strong><\/span><\/p>\n<p><span style=\"color: #000000;\">* 1 kumanda<\/span><\/p>\n<p><span style=\"color: #000000;\">* 1 elektronik kontrol \u00fcnitesi<\/span><\/p>\n<p><span style=\"color: #000000;\">* 1 Yan\u0131p S\u00f6nen lamba<\/span><\/p>\n<p><span style=\"color: #000000;\">* 2 adet boyal\u0131 \u00fcst ini\u015f kolu<\/span><\/p>\n<p><span style=\"color: #000000;\">* Merdivenin kurulumuna yard\u0131mc\u0131 olan 4 L \u015feklinde sabitleme braketi<\/span><\/p>\n<p><span style=\"color: #000000;\">* 1 adet galvanizli teleskopik korkuluk (boyas\u0131z)<\/span><\/p>\n<p><span style=\"color: #000000;\">* 1 adet Manuel a\u00e7ma i\u00e7in 1 \u00e7ubuk<\/span><\/p>\n<p><span style=\"color: #000000;\">* T\u00fcm motorlu merdivenler sevk\u0131yattan \u00f6nce test edilir ve paletli ah\u015fap kasa i\u00e7erisinde teslim edilir.<\/span><\/p>\n<p><span style=\"color: #000000;\"><strong>Talep \u00fczerine \u00fccretli olararak verilebilecek aksesuarlar.<\/strong><\/span><\/p>\n<p><span style=\"color: #000000;\">* \u00dcst kat ve alt kat i\u00e7in anahtarl\u0131 \u00e7ift d\u00fc\u011fmeli panel (radyo kontrol\u00fcne Cimer alternatif olarak)<\/span><\/p>\n<p><span style=\"color: #000000;\">* Anahtarl\u0131 \u00e7ift basmal\u0131 d\u00fc\u011fme paneli + ek radyo kontrol\u00fc (montaj s\u0131ras\u0131nda \u00f6nceden planlanacakt\u0131r.)<\/span><\/p>\n<p><span style=\"color: #000000;\">* Siyah \u00e7ift tarafl\u0131 yap\u0131\u015fkan hal\u0131<\/span><\/p>\n<p><span style=\"color: #000000;\">* Merdiven sol taraf galvanizli teleskopik korkuluk (boyas\u0131z)<\/span><\/p>\n<p><span style=\"color: #000000;\">* Basamaklar beyaz boyama<\/span><\/p>\n<p><span style=\"color: #000000;\"><strong>L\u00dcKS MODEL SE\u00c7ENE\u011e\u0130 \u0130STEN\u0130R \u0130SE F\u0130YAT \u0130STEY\u0130N\u0130Z!<\/strong><\/span><\/p>\n<p><span style=\"color: #000000;\">Ekstra L\u00fcks model Tan\u0131r\u0131m\u0131,<\/span><\/p>\n<p><span style=\"color: #000000;\">Thermobox, d\u00f6k\u00fcm al\u00fcminyum basamakl\u0131 ve kollu, motorlu, geri \u00e7ekilebilir akordeon merdiveni.<\/span><\/p>\n<p><span style=\"color: #000000;\">Beyaz (RAL9003) ve kabartmal\u0131 gri (RAL9006) aras\u0131ndaki renk se\u00e7enekleriyle boyanm\u0131\u015ft\u0131r.<\/span><\/p>\n<p><span style=\"color: #000000;\">15 mm kal\u0131nl\u0131\u011f\u0131nda, \u00e7ok d\u00fc\u015f\u00fck formaldehit emisyonlu (E1-CARB PHASE 2 s\u0131n\u0131f sertifikal\u0131), tamamen \u0131s\u0131 ve ses yal\u0131t\u0131m malzemesi ile kaplanm\u0131\u015f , ham (boyas\u0131z) birinci tercih kavak kontrplak panel. K\u00fcresel kapakl\u0131 bir polietilen tabakas\u0131 ile birle\u015ftirilmi\u015f polimer bazl\u0131 k\u00fctle ve mineral dolgulardan olu\u015fan bir kompozit, yap\u0131s\u0131 sayesinde \u00fcr\u00fcn, y\u00fcksek ses emici ve ses yal\u0131t\u0131m \u00f6zelliklerini garanti eder ve montaj s\u0131ras\u0131nda akustik k\u00f6pr\u00fclerin olu\u015fmas\u0131n\u0131 \u00f6nler.<\/span><\/p>\n<p><span style=\"color: #000000;\">Siyah \u00e7ift tarafl\u0131 yap\u0131\u015fkan hal\u0131 platformlar\u0131. Elektrik kesintisi durumunda manuel acil a\u00e7ma sistemi.<\/span><\/p>\n<p><span style=\"color: #000000;\">Motorlu modelin minimum uzunlu\u011fu 90 cm, geni\u015fli\u011fi ise 60 cm\u2019dir.<\/span><\/p>\n<p><span style=\"color: #000000;\"><span style=\"color: #800000;\"><strong>Dikkat:<\/strong><\/span> Delik geni\u015fli\u011fi 70 cm\u2019den az oldu\u011funda elektronik kontrol \u00fcnitesi panelin d\u0131\u015f\u0131na yerle\u015ftirilecektir!<\/span><\/p>\n<p><span style=\"color: #ff0000;\"><strong>%100 \u0130talya\u2019da \u00fcretilmi\u015ftir. \u00dcretimin tamam\u0131 \u0130talya\u2019da yap\u0131lm\u0131\u015ft\u0131r.<\/strong><\/span><\/p>\n<p><strong><img fetchpriority=\"high\" decoding=\"async\" class=\"alignnone size-full wp-image-23214\" src=\"https:\/\/www.catimerdivenleri.com\/wp-content\/uploads\/2026\/02\/BEDEN-1024x819-1.jpg\" alt=\"\" width=\"1024\" height=\"819\" srcset=\"https:\/\/www.catimerdivenleri.com\/wp-content\/uploads\/2026\/02\/BEDEN-1024x819-1.jpg 1024w, https:\/\/www.catimerdivenleri.com\/wp-content\/uploads\/2026\/02\/BEDEN-1024x819-1-1000x800.jpg 1000w, https:\/\/www.catimerdivenleri.com\/wp-content\/uploads\/2026\/02\/BEDEN-1024x819-1-300x240.jpg 300w, https:\/\/www.catimerdivenleri.com\/wp-content\/uploads\/2026\/02\/BEDEN-1024x819-1-768x614.jpg 768w\" sizes=\"(max-width: 1024px) 100vw, 1024px\" \/><\/strong><\/p>\n<p><strong><span style=\"color: #0000ff;\"><a style=\"color: #0000ff;\" href=\"https:\/\/www.catimerdivenleri.com\/wp-content\/uploads\/2026\/02\/TEKNIK-VERILERI-GORMEK-ICIN-TIKLAYINIZ.pdf\">TEKN\u0130K VER\u0130LER\u0130 G\u00d6RMEK \u0130\u00c7\u0130N TIKLAYINIZ.<\/a><\/span><\/strong><\/p>","protected":false},"excerpt":{"rendered":"<p><span style=\"color: #ff0000;\"><strong>\u0130TALYA\u2019DAN \u00d6L\u00c7\u00dcYE G\u00d6RE \u0130MALAT YAPILAB\u0130L\u0130R.<\/strong><\/span><\/p>","protected":false},"featured_media":23909,"template":"","meta":[],"product_brand":[],"product_cat":[86],"product_tag":[],"class_list":{"0":"post-23213","1":"product","2":"type-product","3":"status-publish","4":"has-post-thumbnail","6":"product_cat-motorlu-cati-merdiveni","8":"first","9":"instock","10":"sale","11":"shipping-taxable","12":"purchasable","13":"product-type-simple"},"_links":{"self":[{"href":"https:\/\/www.catimerdivenleri.com\/tr\/wp-json\/wp\/v2\/product\/23213","targetHints":{"allow":["GET"]}}],"collection":[{"href":"https:\/\/www.catimerdivenleri.com\/tr\/wp-json\/wp\/v2\/product"}],"about":[{"href":"https:\/\/www.catimerdivenleri.com\/tr\/wp-json\/wp\/v2\/types\/product"}],"version-history":[{"count":2,"href":"https:\/\/www.catimerdivenleri.com\/tr\/wp-json\/wp\/v2\/product\/23213\/revisions"}],"predecessor-version":[{"id":23217,"href":"https:\/\/www.catimerdivenleri.com\/tr\/wp-json\/wp\/v2\/product\/23213\/revisions\/23217"}],"wp:featuredmedia":[{"embeddable":true,"href":"https:\/\/www.catimerdivenleri.com\/tr\/wp-json\/wp\/v2\/media\/23909"}],"wp:attachment":[{"href":"https:\/\/www.catimerdivenleri.com\/tr\/wp-json\/wp\/v2\/media?parent=23213"}],"wp:term":[{"taxonomy":"product_brand","embeddable":true,"href":"https:\/\/www.catimerdivenleri.com\/tr\/wp-json\/wp\/v2\/product_brand?post=23213"},{"taxonomy":"product_cat","embeddable":true,"href":"https:\/\/www.catimerdivenleri.com\/tr\/wp-json\/wp\/v2\/product_cat?post=23213"},{"taxonomy":"product_tag","embeddable":true,"href":"https:\/\/www.catimerdivenleri.com\/tr\/wp-json\/wp\/v2\/product_tag?post=23213"}],"curies":[{"name":"wp","href":"https:\/\/api.w.org\/{rel}","templated":true}]}}