{"id":23200,"date":"2026-02-16T14:50:16","date_gmt":"2026-02-16T11:50:16","guid":{"rendered":"https:\/\/www.catimerdivenleri.com\/?post_type=product&#038;p=23200"},"modified":"2026-03-06T12:52:45","modified_gmt":"2026-03-06T09:52:45","slug":"italya-mensei-70x100-galveniz-kapli-makasli-metal-cati-merdiveni-h320cm","status":"publish","type":"product","link":"https:\/\/www.catimerdivenleri.com\/tr\/urun\/italya-mensei-70x100-galveniz-kapli-makasli-metal-cati-merdiveni-h320cm\/","title":{"rendered":"\u0130talya Men\u015fei 70\u00d7100 Galveniz Kapl\u0131 Makasl\u0131 Metal \u00c7at\u0131 Merdiveni H:320CM"},"content":{"rendered":"<p><strong>MONTAJ VE TANITIM V\u0130DEOSU<\/strong><\/p>\n<p><iframe title=\"YouTube video player\" src=\"https:\/\/www.youtube.com\/embed\/s3GWTrgBaqo?si=S_l_D7Df8F0Tjpgv\" width=\"560\" height=\"315\" frameborder=\"0\" allowfullscreen=\"allowfullscreen\"><\/iframe><\/p>\n<p><iframe title=\"YouTube video player\" src=\"https:\/\/www.youtube.com\/embed\/qcGrItTuwmQ?si=_f4IoKp2k64qZMAc\" width=\"560\" height=\"315\" frameborder=\"0\" allowfullscreen=\"allowfullscreen\"><\/iframe><\/p>\n<p><span style=\"color: #000000;\"><strong>Tan\u0131t\u0131m\u0131:<\/strong><\/span><\/p>\n<p><span style=\"color: #000000;\"><strong>NOT:<\/strong> Pakette ambalajda, terazi, matkap, tornavida, korkuluk, anahtar, vida vs \u00e7\u0131kmamaktad\u0131r yoktur.<\/span><\/p>\n<p><span style=\"color: #000000;\">Y\u00fcksek diren\u00e7li \u00fc\u00e7 de\u011ferlikli krom III galvanizli, preslenmi\u015f \u00e7elikten manuel geri \u00e7ekilebilir akordeon merdiveni. Beyaz boyal\u0131 kutu ve destek \u00e7er\u00e7evesi<\/span><\/p>\n<p><span style=\"color: #000000;\">(RAL 9003).<\/span><\/p>\n<p><span style=\"color: #000000;\"><strong>Tamamlananlar:<\/strong><\/span><br \/>\n<span style=\"color: #000000;\">\u2022 1 Demir c\u0131rc\u0131r kilidi<\/span><br \/>\n<span style=\"color: #000000;\">\u2022 1 Adet ham ilk tercih kavak sunta panel (beyaz boyal\u0131 de\u011fil), 16 mm kal\u0131nl\u0131kta, \u00e7ok d\u00fc\u015f\u00fck formaldehit emisyonlu sertifikal\u0131 (E1 s\u0131n\u0131f\u0131)<\/span><br \/>\n<span style=\"color: #000000;\">\u2022 2 Adet galvanizli \u00fcst ini\u015f kolu<\/span><br \/>\n<span style=\"color: #000000;\">\u2022 Yukar\u0131 \u00e7\u0131karken sa\u011fda 1 adet teleskopik k\u00fcpe\u015fte (70\u00d750, 70\u00d760, 70\u00d770 \u00f6l\u00e7\u00fclerinde verilmemektedir)<\/span><br \/>\n<span style=\"color: #000000;\">\u2022 1 adet merdiven a\u00e7ma \u00e7ubu\u011fu<\/span><br \/>\n<span style=\"color: #000000;\">\u2022 4 adet galvanizli L \u015feklinde sabitleme braketi<\/span><br \/>\n<span style=\"color: #000000;\">\u2022 \u00c7ift kapatma halkal\u0131 2 yay.<\/span><br \/>\n<span style=\"color: #000000;\">\u2022 Kasa 1,2 mm kal\u0131nl\u0131\u011f\u0131nda sacdan yap\u0131lm\u0131\u015ft\u0131r; 1,5 mm kal\u0131nl\u0131\u011f\u0131nda basamaklar yan makaslar<\/span><br \/>\n<span style=\"color: #000000;\">\u2022 Kutunun kenar \u00e7er\u00e7evesi, deli\u011fin her d\u00f6rt taraf\u0131nda yakla\u015f\u0131k \u00fc\u00e7 santimetrelik ekstra alan pervazlar. \u00dcr\u00fcn\u00fc do\u011fru \u015fekilde kurabilmek i\u00e7in bo\u015f alan olup olmad\u0131\u011f\u0131n\u0131 kontrol edin.<\/span><br \/>\n<span style=\"color: #000000;\">\u2022 Tabloda \u00f6nerilen \u00f6l\u00e7\u00fcler deli\u011fin (tamamen s\u0131vanm\u0131\u015f ve bitmi\u015f) net \u00f6l\u00e7\u00fcleri olarak verilmi\u015ftir.<\/span><br \/>\n<span style=\"color: #000000;\">\u2022 Merdiven basamaklar\u0131 ve makaslar\u0131 galvanizlidir (boyal\u0131 de\u011fildir).<\/span><br \/>\n<span style=\"color: #000000;\">\u2022 Tabandan tavana y\u00fckseklik maksimum 320 cm\u2019dir. (uyumlu kapak boyutlar\u0131nda).<\/span><\/p>\n<p><span style=\"color: #000000;\"><strong>Talep \u00fczerine,\u00f6zel istek olur ise ekstra \u00fccret ile sat\u0131n alabilece\u011finiz aksesuarlar.<\/strong><\/span><\/p>\n<p><span style=\"color: #000000;\">\u2022 Birinci tercih kavak kontrplak panel (boyas\u0131z), 15 mm kal\u0131nl\u0131kta, \u00e7ok d\u00fc\u015f\u00fck formaldehit emisyonlu sertifikal\u0131 (E1 s\u0131n\u0131f\u0131 \u2013 CARB FAZ 2)<\/span><br \/>\n<span style=\"color: #000000;\">\u2022 Yal\u0131t\u0131ml\u0131 panel (yal\u0131t\u0131m filmi)<\/span><br \/>\n<span style=\"color: #000000;\">\u2022 Anahtarla kilitleme<\/span><br \/>\n<span style=\"color: #000000;\">\u2022 Kutu ile panel aras\u0131ndaki kapatma contas\u0131<\/span><br \/>\n<span style=\"color: #000000;\">\u2022 Sol k\u00fcpe\u015fte (70\u00d750, 70\u00d760 ve 70\u00d770 ebatlar\u0131nda \u00fcr\u00fcnle birlikte verilmemektedir)<\/span><br \/>\n<span style=\"color: #000000;\">\u2022 Beyaz boyal\u0131 ini\u015f kollar\u0131<\/span><\/p>\n<p><span style=\"color: #ff0000;\"><strong>%100 \u0130talya\u2019da \u00fcretilmi\u015ftir. \u00dcretimin tamam\u0131 \u0130talya\u2019da yap\u0131lm\u0131\u015ft\u0131r.<\/strong><\/span><\/p>\n<p><img fetchpriority=\"high\" decoding=\"async\" class=\"alignnone size-full wp-image-23187\" src=\"https:\/\/www.catimerdivenleri.com\/wp-content\/uploads\/2026\/02\/261120132831tabella-7-aci-svjpg.jpg\" alt=\"\" width=\"1600\" height=\"1280\" srcset=\"https:\/\/www.catimerdivenleri.com\/wp-content\/uploads\/2026\/02\/261120132831tabella-7-aci-svjpg.jpg 1600w, https:\/\/www.catimerdivenleri.com\/wp-content\/uploads\/2026\/02\/261120132831tabella-7-aci-svjpg-1000x800.jpg 1000w, https:\/\/www.catimerdivenleri.com\/wp-content\/uploads\/2026\/02\/261120132831tabella-7-aci-svjpg-300x240.jpg 300w, https:\/\/www.catimerdivenleri.com\/wp-content\/uploads\/2026\/02\/261120132831tabella-7-aci-svjpg-1024x819.jpg 1024w, https:\/\/www.catimerdivenleri.com\/wp-content\/uploads\/2026\/02\/261120132831tabella-7-aci-svjpg-768x614.jpg 768w\" sizes=\"(max-width: 1600px) 100vw, 1600px\" \/><\/p>\n<p><span style=\"color: #0000ff;\"><a style=\"color: #0000ff;\" href=\"https:\/\/www.catimerdivenleri.com\/wp-content\/uploads\/2026\/02\/ACISAZIA-TEKNIK-VERI-PDF-pdf-1.pdf\"><strong>TEKN\u0130K VER\u0130LER\u0130 G\u00d6RMEK \u0130\u00c7\u0130N TIKLAYINIZ.<\/strong><\/a><\/span><\/p>","protected":false},"excerpt":{"rendered":"<p><span style=\"color: #ff0000;\"><strong>\u0130TALYA\u2019DAN \u00d6L\u00c7\u00dcN\u00dcZE G\u00d6RE \u00d6ZEL \u0130MALAT\u00a0YAPILIR.<\/strong><\/span><\/p>","protected":false},"featured_media":23910,"template":"","meta":[],"product_brand":[],"product_cat":[85],"product_tag":[],"class_list":{"0":"post-23200","1":"product","2":"type-product","3":"status-publish","4":"has-post-thumbnail","6":"product_cat-galveniz-kapli-merdivenler","8":"first","9":"instock","10":"sale","11":"shipping-taxable","12":"purchasable","13":"product-type-simple"},"_links":{"self":[{"href":"https:\/\/www.catimerdivenleri.com\/tr\/wp-json\/wp\/v2\/product\/23200","targetHints":{"allow":["GET"]}}],"collection":[{"href":"https:\/\/www.catimerdivenleri.com\/tr\/wp-json\/wp\/v2\/product"}],"about":[{"href":"https:\/\/www.catimerdivenleri.com\/tr\/wp-json\/wp\/v2\/types\/product"}],"version-history":[{"count":2,"href":"https:\/\/www.catimerdivenleri.com\/tr\/wp-json\/wp\/v2\/product\/23200\/revisions"}],"predecessor-version":[{"id":23202,"href":"https:\/\/www.catimerdivenleri.com\/tr\/wp-json\/wp\/v2\/product\/23200\/revisions\/23202"}],"wp:featuredmedia":[{"embeddable":true,"href":"https:\/\/www.catimerdivenleri.com\/tr\/wp-json\/wp\/v2\/media\/23910"}],"wp:attachment":[{"href":"https:\/\/www.catimerdivenleri.com\/tr\/wp-json\/wp\/v2\/media?parent=23200"}],"wp:term":[{"taxonomy":"product_brand","embeddable":true,"href":"https:\/\/www.catimerdivenleri.com\/tr\/wp-json\/wp\/v2\/product_brand?post=23200"},{"taxonomy":"product_cat","embeddable":true,"href":"https:\/\/www.catimerdivenleri.com\/tr\/wp-json\/wp\/v2\/product_cat?post=23200"},{"taxonomy":"product_tag","embeddable":true,"href":"https:\/\/www.catimerdivenleri.com\/tr\/wp-json\/wp\/v2\/product_tag?post=23200"}],"curies":[{"name":"wp","href":"https:\/\/api.w.org\/{rel}","templated":true}]}}