{"id":23145,"date":"2026-02-16T14:25:18","date_gmt":"2026-02-16T11:25:18","guid":{"rendered":"https:\/\/www.catimerdivenleri.com\/?post_type=product&#038;p=23145"},"modified":"2026-03-25T12:55:16","modified_gmt":"2026-03-25T09:55:16","slug":"mensei-italya-70x100-aci-4-katlanir-metal-cati-merdiveni-h300cm","status":"publish","type":"product","link":"https:\/\/www.catimerdivenleri.com\/tr\/urun\/mensei-italya-70x100-aci-4-katlanir-metal-cati-merdiveni-h300cm\/","title":{"rendered":"Men\u015fei \u0130talya 70\u00d7100 ACI 4 Katlan\u0131r Metal \u00c7at\u0131 Merdiveni H:300CM"},"content":{"rendered":"<p><strong>4 Katlan\u0131r Metal \u00c7at\u0131 Merdiveni Montaj Videosu<\/strong><\/p>\n<p><iframe title=\"Ac\u0131 6 kollu metal \u00e7at\u0131 merdiveni \u00d6l\u00e7\u00fc:70x90-70x100\u0130leti\u015fim:05339662857-05334662390\" width=\"563\" height=\"1000\" src=\"https:\/\/www.youtube.com\/embed\/VG0Hc2CjYgs?feature=oembed\" frameborder=\"0\" allow=\"accelerometer; autoplay; clipboard-write; encrypted-media; gyroscope; picture-in-picture; web-share\" referrerpolicy=\"strict-origin-when-cross-origin\" allowfullscreen><\/iframe><\/p>\n<p><iframe title=\"YouTube video player\" src=\"https:\/\/www.youtube.com\/embed\/bDt0rNq5jTo?si=61eMXkLpurbbPbvx\" width=\"560\" height=\"315\" frameborder=\"0\" allowfullscreen=\"allowfullscreen\"><\/iframe><\/p>\n<p><span style=\"color: #ff0000;\"><strong>Tan\u0131t\u0131m\u0131<\/strong><\/span><\/p>\n<p><span style=\"color: #000000;\"><strong>NOT:<\/strong> Pakette ambalajda, terazi, matkap, tornavida, korkuluk, anahtar, vida vs \u00e7\u0131kmamaktad\u0131r yoktur.<\/span><\/p>\n<p><span style=\"color: #000000;\"><strong>Beyaz boyal\u0131 preslenmi\u015f \u00e7elikten d\u00f6rt elemanl\u0131 merdiven<\/strong><\/span><br \/>\n<span style=\"color: #000000;\">* 1 metal kilit<\/span><br \/>\n<span style=\"color: #000000;\">* 1 kavak sunta (yongolam)\u00fcst kalite kap\u0131 paneli 16 mm. kal\u0131nl\u0131k (S\u0131n\u0131f E1)<\/span><br \/>\n<span style=\"color: #000000;\">* 1 adet teleskopik a\u00e7ma \u00e7ubu\u011fu<\/span><br \/>\n<span style=\"color: #000000;\">* 2 \u00dcst ini\u015f galvanizli kollar<\/span><br \/>\n<span style=\"color: #000000;\">* 4 merdiven \u00fczerinde tutunma kollar\u0131<\/span><br \/>\n<span style=\"color: #000000;\">* 4 sabitleme braketi \u201cL\u201d<\/span><br \/>\n<span style=\"color: #000000;\">* Merdiveni daha sa\u011flam hale getiren 2 end\u00fcstriyel mente\u015fe<\/span><br \/>\n<span style=\"color: #000000;\">* \u00c7ift mandal halkal\u0131 yaylar<\/span><br \/>\n<span style=\"color: #000000;\">* 1 basamaklara kaymaz bantlar<\/span><br \/>\n<span style=\"color: #000000;\">* Merdiven alt\u0131nda zemin \u00e7izmeyen plastik pabu\u00e7<\/span><br \/>\n<span style=\"color: #000000;\">* 1,2 mm \u00e7elik sacdan yap\u0131lm\u0131\u015f \u00e7er\u00e7eve(kasa). Merdivenin yanlar\u0131 1,5 mm \u00e7elik sacdan yap\u0131lm\u0131\u015ft\u0131r. 1,2 mm \u00e7elik sacdan yap\u0131lm\u0131\u015f basamaklar.<\/span><\/p>\n<p><span style=\"color: #000000;\"><strong>Talep \u00fczerine ekstra \u00fccretli al\u0131na bilecek aksesuarlar.<\/strong><\/span><br \/>\n<span style=\"color: #000000;\">* Kavak kontrplak (su kontras\u0131)\u00fcst kalite kapak paneli 15 mm kal\u0131nl\u0131k (S\u0131n\u0131f E1-CARB FAZ 2)<\/span><br \/>\n<span style=\"color: #000000;\">* Boyal\u0131 \u00fcst sahanl\u0131k kollar\u0131<\/span><br \/>\n<span style=\"color: #000000;\">* Hava ge\u00e7irmez contal\u0131 kasa<\/span><\/p>\n<p><span style=\"color: #000000;\"><strong>Talep \u00fczerine ekstra \u00fccretli al\u0131na bilecek aksesuarlar.<\/strong><\/span><\/p>\n<p><span style=\"color: #000000;\">* Kavak kontrplak(su kontras\u0131) \u00fcst kalite kapak paneli 15 mm. kal\u0131nl\u0131k (S\u0131n\u0131f E1-CARB FAZ 2)<\/span><br \/>\n<span style=\"color: #000000;\">* Yal\u0131t\u0131ml\u0131 kapak<\/span><br \/>\n<span style=\"color: #000000;\">* Hava ge\u00e7irmez contal\u0131 kasa<\/span><br \/>\n<span style=\"color: #000000;\">* Anahtarla kilitleme<\/span><\/p>\n<p><span style=\"color: #0000ff;\"><strong>%100 \u0130talya\u2019da \u00fcretilmi\u015ftir. \u00dcretimin tamam\u0131 \u0130talya\u2019da yap\u0131ld\u0131.<\/strong><\/span><\/p>\n<p><span style=\"color: #800000;\"><strong><a style=\"color: #800000;\" href=\"https:\/\/www.catimerdivenleri.com\/wp-content\/uploads\/2026\/02\/4-KATLANIR-CATI-MERDIVENI-TEKNIK-VERI-1.pdf\">4 KATLANIR \u00c7ATI MERD\u0130VEN\u0130 TEKN\u0130K VER\u0130<\/a><\/strong><\/span><\/p>","protected":false},"excerpt":{"rendered":"<p><span style=\"color: #ff0000;\"><strong>\u0130TALYA\u2019DAN \u00d6L\u00c7\u00dcN\u00dcZE G\u00d6RE \u00d6ZEL \u0130MALAT<\/strong><\/span><\/p>","protected":false},"featured_media":23911,"template":"","meta":[],"product_brand":[],"product_cat":[84],"product_tag":[],"class_list":{"0":"post-23145","1":"product","2":"type-product","3":"status-publish","4":"has-post-thumbnail","6":"product_cat-2-90-cm-acilabilir-merdivenler","8":"first","9":"instock","10":"sale","11":"shipping-taxable","12":"purchasable","13":"product-type-simple"},"_links":{"self":[{"href":"https:\/\/www.catimerdivenleri.com\/tr\/wp-json\/wp\/v2\/product\/23145","targetHints":{"allow":["GET"]}}],"collection":[{"href":"https:\/\/www.catimerdivenleri.com\/tr\/wp-json\/wp\/v2\/product"}],"about":[{"href":"https:\/\/www.catimerdivenleri.com\/tr\/wp-json\/wp\/v2\/types\/product"}],"version-history":[{"count":2,"href":"https:\/\/www.catimerdivenleri.com\/tr\/wp-json\/wp\/v2\/product\/23145\/revisions"}],"predecessor-version":[{"id":23838,"href":"https:\/\/www.catimerdivenleri.com\/tr\/wp-json\/wp\/v2\/product\/23145\/revisions\/23838"}],"wp:featuredmedia":[{"embeddable":true,"href":"https:\/\/www.catimerdivenleri.com\/tr\/wp-json\/wp\/v2\/media\/23911"}],"wp:attachment":[{"href":"https:\/\/www.catimerdivenleri.com\/tr\/wp-json\/wp\/v2\/media?parent=23145"}],"wp:term":[{"taxonomy":"product_brand","embeddable":true,"href":"https:\/\/www.catimerdivenleri.com\/tr\/wp-json\/wp\/v2\/product_brand?post=23145"},{"taxonomy":"product_cat","embeddable":true,"href":"https:\/\/www.catimerdivenleri.com\/tr\/wp-json\/wp\/v2\/product_cat?post=23145"},{"taxonomy":"product_tag","embeddable":true,"href":"https:\/\/www.catimerdivenleri.com\/tr\/wp-json\/wp\/v2\/product_tag?post=23145"}],"curies":[{"name":"wp","href":"https:\/\/api.w.org\/{rel}","templated":true}]}}