{"id":23119,"date":"2026-02-16T14:12:11","date_gmt":"2026-02-16T11:12:11","guid":{"rendered":"https:\/\/www.catimerdivenleri.com\/?post_type=product&#038;p=23119"},"modified":"2026-03-25T12:57:08","modified_gmt":"2026-03-25T09:57:08","slug":"mensei-italya70x130-3-katlanir-metal-cati-merdivenleri-h-3-00-cm","status":"publish","type":"product","link":"https:\/\/www.catimerdivenleri.com\/tr\/urun\/mensei-italya70x130-3-katlanir-metal-cati-merdivenleri-h-3-00-cm\/","title":{"rendered":"Men\u015fei \u0130talya70\u00d7130 3 Katlan\u0131r Metal \u00c7at\u0131 Merdivenleri H: 3.00 CM"},"content":{"rendered":"<p><span style=\"color: #000000;\"><strong>Montaj ve Tan\u0131t\u0131m videosu<\/strong><\/span><\/p>\n<p><iframe title=\"YouTube video player\" src=\"https:\/\/www.youtube.com\/embed\/bDt0rNq5jTo?si=fIZArJ8_UR-9N9Tv\" width=\"560\" height=\"315\" frameborder=\"0\" allowfullscreen=\"allowfullscreen\"><\/iframe><\/p>\n<p><iframe title=\"YouTube video player\" src=\"https:\/\/www.youtube.com\/embed\/oRHV7Zy2bMg?si=AgxADJiVeXgkp805\" width=\"560\" height=\"315\" frameborder=\"0\" allowfullscreen=\"allowfullscreen\"><\/iframe><\/p>\n<p><span style=\"color: #000000;\"><strong>NOT:<\/strong> Pakette ambalajda, terazi, matkap, tornavida, korkuluk, anahtar, vida vs \u00e7\u0131kmamaktad\u0131r yoktur.<\/span><\/p>\n<p><span style=\"color: #000000;\">Beyaz boyal\u0131 (RAL 9003) \u00fc\u00e7 katlan\u0131r \u00e7elik elemandan olu\u015fan geri \u00e7ekilebilir katlan\u0131r merdiven.<\/span><\/p>\n<p><span style=\"color: #000000;\">Kasas\u0131 1,2 mm kal\u0131nl\u0131\u011f\u0131nda sacdan, basamak kenarlar\u0131 1,5 mm kal\u0131nl\u0131\u011f\u0131nda sacdan, basamaklar ise 1,2 mm kal\u0131nl\u0131\u011f\u0131nda sacdan yap\u0131lm\u0131\u015ft\u0131r.<\/span><\/p>\n<p><span style=\"color: #000000;\"><strong>\u00dcr\u00fcn ile verilen aksesuarlar.<\/strong><\/span><br \/>\n<span style=\"color: #000000;\">1 x Demir C\u0131rc\u0131r Kilidi<\/span><br \/>\n<span style=\"color: #000000;\">1 adet ham (boyas\u0131z) yon galam kavak sunta panel, 16 mm kal\u0131nl\u0131\u011f\u0131nda, \u00e7ok d\u00fc\u015f\u00fck formaldehit emisyonu sertifikal\u0131 (E1 s\u0131n\u0131f\u0131)<\/span><br \/>\n<span style=\"color: #000000;\">1 adet merdiven a\u00e7ma teleskopik \u00e7ubu\u011fu<\/span><br \/>\n<span style=\"color: #000000;\">\u201cL\u201d sabitleme i\u00e7in 4 ayak<\/span><br \/>\n<span style=\"color: #000000;\">2 adet galvanizli \u00fcst ini\u015f kolu<\/span><br \/>\n<span style=\"color: #000000;\">Yanlarda 4 adet \u00e7ift \u200b\u200btarafl\u0131 korkuluk boyal\u0131<\/span><br \/>\n<span style=\"color: #000000;\">Basamaklar boyal\u0131<\/span><br \/>\n<span style=\"color: #000000;\">\u00c7ift \u200b\u200bkaplama halkal\u0131 yaylar<\/span><br \/>\n<span style=\"color: #000000;\">T\u0131rt\u0131kl\u0131 basamaklar<\/span><br \/>\n<span style=\"color: #000000;\">End\u00fcstriyel kapak mente\u015feleri<\/span><br \/>\n<span style=\"color: #000000;\">Basamak \u00fczerinde end\u00fcstriyel emniyet kilidi<\/span><br \/>\n<span style=\"color: #000000;\">Her basama\u011fa kaymaz \u015ferit bant.<\/span><br \/>\n<span style=\"color: #000000;\">Merdiven alt\u0131nda zemin \u00e7izmeyen plastik pabu\u00e7<\/span><\/p>\n<p><span style=\"color: #000000;\"><strong>Talep \u00fczerine ekstra \u00fccretli al\u0131na bilecek aksesuarlar.<\/strong><\/span><br \/>\n<span style=\"color: #000000;\">Ham (boyas\u0131z) birinci tercih kavak kontrplak panel, 15 mm kal\u0131nl\u0131\u011f\u0131nda, \u00e7ok d\u00fc\u015f\u00fck formaldehit emisyonu sertifikal\u0131 (s\u0131n\u0131f E1-CARB PHASE 2)<\/span><br \/>\n<span style=\"color: #000000;\">Yal\u0131t\u0131ml\u0131 panel (yal\u0131t\u0131m levhas\u0131)<\/span><br \/>\n<span style=\"color: #000000;\">Anahtarla kilitlemek<\/span><br \/>\n<span style=\"color: #000000;\">Kutu ve panel aras\u0131ndaki kapatma contas\u0131<\/span><br \/>\n<span style=\"color: #000000;\">S\u0131cak dald\u0131rma galvanizli sacla kaplanm\u0131\u015f kavak kontrplak panel<\/span><\/p>\n<p><span style=\"color: #3366ff;\"><strong>%100 \u0130talya\u2019da \u00fcretilmi\u015ftir. \u00dcretimin tamam\u0131 \u0130talya\u2019da yap\u0131ld\u0131.<\/strong><\/span><\/p>\n<p><img fetchpriority=\"high\" decoding=\"async\" class=\"alignnone size-full wp-image-23120\" src=\"https:\/\/www.catimerdivenleri.com\/wp-content\/uploads\/2026\/02\/261120144914tabella-4-aci3jpg.jpg\" alt=\"\" width=\"1600\" height=\"1280\" srcset=\"https:\/\/www.catimerdivenleri.com\/wp-content\/uploads\/2026\/02\/261120144914tabella-4-aci3jpg.jpg 1600w, https:\/\/www.catimerdivenleri.com\/wp-content\/uploads\/2026\/02\/261120144914tabella-4-aci3jpg-1000x800.jpg 1000w, https:\/\/www.catimerdivenleri.com\/wp-content\/uploads\/2026\/02\/261120144914tabella-4-aci3jpg-300x240.jpg 300w, https:\/\/www.catimerdivenleri.com\/wp-content\/uploads\/2026\/02\/261120144914tabella-4-aci3jpg-1024x819.jpg 1024w, https:\/\/www.catimerdivenleri.com\/wp-content\/uploads\/2026\/02\/261120144914tabella-4-aci3jpg-768x614.jpg 768w\" sizes=\"(max-width: 1600px) 100vw, 1600px\" \/><\/p>\n<p><strong><a style=\"color: #ff0000;\" href=\"https:\/\/www.catimerdivenleri.com\/wp-content\/uploads\/2026\/02\/ACI3-TEKNIK-VERI-1.pdf\">ACI3 TEKN\u0130K VER\u0130<\/a><\/strong><\/p>","protected":false},"excerpt":{"rendered":"<div class=\"woocommerce-product-details__short-description\">\n<p><strong><span style=\"color: #ff0000;\">\u0130TALYA\u2019DAN \u00d6L\u00c7\u00dcN\u00dcZE G\u00d6RE \u00d6ZEL \u0130MALAT YAPILIR.<\/span><\/strong><\/p>\n<\/div>","protected":false},"featured_media":23913,"template":"","meta":[],"product_brand":[],"product_cat":[84],"product_tag":[],"class_list":{"0":"post-23119","1":"product","2":"type-product","3":"status-publish","4":"has-post-thumbnail","6":"product_cat-2-90-cm-acilabilir-merdivenler","8":"first","9":"instock","10":"sale","11":"shipping-taxable","12":"purchasable","13":"product-type-simple"},"_links":{"self":[{"href":"https:\/\/www.catimerdivenleri.com\/tr\/wp-json\/wp\/v2\/product\/23119","targetHints":{"allow":["GET"]}}],"collection":[{"href":"https:\/\/www.catimerdivenleri.com\/tr\/wp-json\/wp\/v2\/product"}],"about":[{"href":"https:\/\/www.catimerdivenleri.com\/tr\/wp-json\/wp\/v2\/types\/product"}],"version-history":[{"count":4,"href":"https:\/\/www.catimerdivenleri.com\/tr\/wp-json\/wp\/v2\/product\/23119\/revisions"}],"predecessor-version":[{"id":23837,"href":"https:\/\/www.catimerdivenleri.com\/tr\/wp-json\/wp\/v2\/product\/23119\/revisions\/23837"}],"wp:featuredmedia":[{"embeddable":true,"href":"https:\/\/www.catimerdivenleri.com\/tr\/wp-json\/wp\/v2\/media\/23913"}],"wp:attachment":[{"href":"https:\/\/www.catimerdivenleri.com\/tr\/wp-json\/wp\/v2\/media?parent=23119"}],"wp:term":[{"taxonomy":"product_brand","embeddable":true,"href":"https:\/\/www.catimerdivenleri.com\/tr\/wp-json\/wp\/v2\/product_brand?post=23119"},{"taxonomy":"product_cat","embeddable":true,"href":"https:\/\/www.catimerdivenleri.com\/tr\/wp-json\/wp\/v2\/product_cat?post=23119"},{"taxonomy":"product_tag","embeddable":true,"href":"https:\/\/www.catimerdivenleri.com\/tr\/wp-json\/wp\/v2\/product_tag?post=23119"}],"curies":[{"name":"wp","href":"https:\/\/api.w.org\/{rel}","templated":true}]}}