{"id":23085,"date":"2026-02-16T13:31:57","date_gmt":"2026-02-16T10:31:57","guid":{"rendered":"https:\/\/www.catimerdivenleri.com\/?post_type=product&#038;p=23085"},"modified":"2026-03-30T14:31:43","modified_gmt":"2026-03-30T11:31:43","slug":"italya-mensei-70x90-aluminyum-basamakli-makasli-metal-cati-merdiveni-h320cm","status":"publish","type":"product","link":"https:\/\/www.catimerdivenleri.com\/tr\/urun\/italya-mensei-70x90-aluminyum-basamakli-makasli-metal-cati-merdiveni-h320cm\/","title":{"rendered":"\u0130talya Men\u015fei 70\u00d790 Al\u00fcminyum Basamakl\u0131 Makasl\u0131 Metal \u00c7at\u0131 Merdiveni H:320CM"},"content":{"rendered":"<p><span style=\"color: #000000;\"><strong>Al\u00fcminyum Basamakl\u0131 Makasl\u0131 Metal \u00c7at\u0131 Merdiveni montaj ve tan\u0131t\u0131m videosu<\/strong><\/span><\/p>\n<p><iframe title=\"YouTube video player\" src=\"https:\/\/www.youtube.com\/embed\/PcD_qgaCFJg?si=l5iRrtcBg6Fu560t\" width=\"560\" height=\"315\" frameborder=\"0\" allowfullscreen=\"allowfullscreen\"><\/iframe><\/p>\n<p><iframe title=\"YouTube video player\" src=\"https:\/\/www.youtube.com\/embed\/s3GWTrgBaqo?si=-zwdjuYvza9cBEhg\" width=\"560\" height=\"315\" frameborder=\"0\" allowfullscreen=\"allowfullscreen\"><\/iframe><\/p>\n<p><span style=\"color: #000000;\"><strong>NOT:<\/strong> Pakette ambalajda, terazi, matkap, tornavida, korkuluk, anahtar, vida vs \u00e7\u0131kmamaktad\u0131r yoktur.<\/span><\/p>\n<p><span style=\"color: #000000;\">D\u00f6k\u00fcm al\u00fcminyumdan yap\u0131lm\u0131\u015f makasl\u0131 merdiven. \u00c7er\u00e7eve beyaza boyanm\u0131\u015ft\u0131r.<\/span><\/p>\n<p><span style=\"color: #000000;\">* 1 metal kilit<\/span><br \/>\n<span style=\"color: #000000;\">* 1 Yongolam,Kavak suntadan \u00fcst\u00fcn kaliteli kap\u0131 paneli 16 mm. kal\u0131nl\u0131k (S\u0131n\u0131f E1)<\/span><br \/>\n<span style=\"color: #000000;\">* 2 \u00dcst ini\u015f kollar\u0131<\/span><br \/>\n<span style=\"color: #000000;\">* Sa\u011f y\u00f6nde s\u0131\u011facak \u015fekilde 1 adet teleskopik k\u00fcpe\u015fte (70\u00d750, 70\u00d760, 70\u00d770, 80\u00d750,90\u00d750, 100\u00d750 boyutlar\u0131 i\u00e7in birlikte verilmez)<\/span><br \/>\n<span style=\"color: #000000;\">* 1 adet teleskopik a\u00e7ma \u00e7ubu\u011fu<\/span><br \/>\n<span style=\"color: #000000;\">* 4 sabitleme braketi \u201cL\u201d<\/span><br \/>\n<span style=\"color: #000000;\">* 1,2 mm \u00e7elik sacdan yap\u0131lm\u0131\u015f \u00e7er\u00e7eve,kasa<\/span><\/p>\n<p><span style=\"color: #000000;\"><strong>L\u00dcKS VERS\u0130YON: Talep \u00fczerine ekstra \u00fccretli al\u0131nabilecek aksesuarlar.<\/strong><\/span><br \/>\n<span style=\"color: #000000;\">* Merdiven beyaz boyal\u0131<\/span><br \/>\n<span style=\"color: #000000;\">* Su kontras\u0131, kontrplak \u00fcst kalite kap\u0131 paneli 15 mm. kal\u0131nl\u0131k (S\u0131n\u0131f E1-CARB FAZ 2)<\/span><br \/>\n<span style=\"color: #000000;\">* Basamaklar i\u00e7in siyah hal\u0131lar<\/span><br \/>\n<span style=\"color: #000000;\">* \u00dcst ini\u015f kollar\u0131 beyaz boyal\u0131<\/span><br \/>\n<span style=\"color: #000000;\">* Hava ge\u00e7irmez contal\u0131 kasa<\/span><\/p>\n<p><span style=\"color: #000000;\"><strong>\u0130STEK \u00dcZER\u0130NE:<\/strong><\/span><br \/>\n<span style=\"color: #000000;\">* Yal\u0131t\u0131ml\u0131 kapak<\/span><br \/>\n<span style=\"color: #000000;\">* Su kontras\u0131, kontraplak kalitesinde kap\u0131 paneli 15 mm. kal\u0131nl\u0131k (S\u0131n\u0131f E1-CARB FAZ 2)<\/span><br \/>\n<span style=\"color: #000000;\">* Anahtarla kilitleme<\/span><br \/>\n<span style=\"color: #000000;\">* Hava ge\u00e7irmez contal\u0131 kasa<\/span><br \/>\n<span style=\"color: #000000;\">* Sol k\u00fcpe\u015fte<\/span><\/p>\n<p><span style=\"color: #3366ff;\"><strong>%100 \u0130talya\u2019da \u00fcretilmi\u015ftir. \u00dcretimin tamam\u0131 \u0130talya\u2019da yap\u0131ld\u0131.<\/strong><\/span><\/p>\n<p><img fetchpriority=\"high\" decoding=\"async\" class=\"alignnone size-full wp-image-23068\" src=\"https:\/\/www.catimerdivenleri.com\/wp-content\/uploads\/2026\/02\/181220151011tabella-5-aci-alujpg.jpg\" alt=\"\" width=\"1600\" height=\"1280\" srcset=\"https:\/\/www.catimerdivenleri.com\/wp-content\/uploads\/2026\/02\/181220151011tabella-5-aci-alujpg.jpg 1600w, https:\/\/www.catimerdivenleri.com\/wp-content\/uploads\/2026\/02\/181220151011tabella-5-aci-alujpg-1000x800.jpg 1000w, https:\/\/www.catimerdivenleri.com\/wp-content\/uploads\/2026\/02\/181220151011tabella-5-aci-alujpg-300x240.jpg 300w, https:\/\/www.catimerdivenleri.com\/wp-content\/uploads\/2026\/02\/181220151011tabella-5-aci-alujpg-1024x819.jpg 1024w, https:\/\/www.catimerdivenleri.com\/wp-content\/uploads\/2026\/02\/181220151011tabella-5-aci-alujpg-768x614.jpg 768w\" sizes=\"(max-width: 1600px) 100vw, 1600px\" \/><\/p>\n<p><a href=\"https:\/\/www.catimerdivenleri.com\/wp-content\/uploads\/2026\/02\/ALEMINYUM-BASAMAKLI-TEKNIK-VERI-2.pdf\"><span style=\"color: #ff0000;\"><strong>AL\u00dcM\u0130NYUM BASAMAKLI TEKN\u0130K VER\u0130<\/strong><\/span><\/a><\/p>","protected":false},"excerpt":{"rendered":"<div class=\"woocommerce-product-details__short-description\">\n<p><strong><span style=\"color: #ff0000;\">\u0130TALYA\u2019DAN \u00d6L\u00c7\u00dcN\u00dcZE G\u00d6RE \u00d6ZEL \u0130MALAT YAPILIR.<\/span><\/strong><\/p>\n<\/div>","protected":false},"featured_media":23914,"template":"","meta":[],"product_brand":[],"product_cat":[83],"product_tag":[],"class_list":{"0":"post-23085","1":"product","2":"type-product","3":"status-publish","4":"has-post-thumbnail","6":"product_cat-aluminyum-basamakli-merdivenler","8":"first","9":"instock","10":"sale","11":"shipping-taxable","12":"purchasable","13":"product-type-simple"},"_links":{"self":[{"href":"https:\/\/www.catimerdivenleri.com\/tr\/wp-json\/wp\/v2\/product\/23085","targetHints":{"allow":["GET"]}}],"collection":[{"href":"https:\/\/www.catimerdivenleri.com\/tr\/wp-json\/wp\/v2\/product"}],"about":[{"href":"https:\/\/www.catimerdivenleri.com\/tr\/wp-json\/wp\/v2\/types\/product"}],"version-history":[{"count":1,"href":"https:\/\/www.catimerdivenleri.com\/tr\/wp-json\/wp\/v2\/product\/23085\/revisions"}],"predecessor-version":[{"id":23086,"href":"https:\/\/www.catimerdivenleri.com\/tr\/wp-json\/wp\/v2\/product\/23085\/revisions\/23086"}],"wp:featuredmedia":[{"embeddable":true,"href":"https:\/\/www.catimerdivenleri.com\/tr\/wp-json\/wp\/v2\/media\/23914"}],"wp:attachment":[{"href":"https:\/\/www.catimerdivenleri.com\/tr\/wp-json\/wp\/v2\/media?parent=23085"}],"wp:term":[{"taxonomy":"product_brand","embeddable":true,"href":"https:\/\/www.catimerdivenleri.com\/tr\/wp-json\/wp\/v2\/product_brand?post=23085"},{"taxonomy":"product_cat","embeddable":true,"href":"https:\/\/www.catimerdivenleri.com\/tr\/wp-json\/wp\/v2\/product_cat?post=23085"},{"taxonomy":"product_tag","embeddable":true,"href":"https:\/\/www.catimerdivenleri.com\/tr\/wp-json\/wp\/v2\/product_tag?post=23085"}],"curies":[{"name":"wp","href":"https:\/\/api.w.org\/{rel}","templated":true}]}}