{"id":23027,"date":"2026-02-16T13:01:15","date_gmt":"2026-02-16T10:01:15","guid":{"rendered":"https:\/\/www.catimerdivenleri.com\/?post_type=product&#038;p=23027"},"modified":"2026-03-25T14:02:05","modified_gmt":"2026-03-25T11:02:05","slug":"mensei-italya-80x120-4-katlanir-h360cm-metal-cati-merdiveni","status":"publish","type":"product","link":"https:\/\/www.catimerdivenleri.com\/tr\/urun\/mensei-italya-80x120-4-katlanir-h360cm-metal-cati-merdiveni\/","title":{"rendered":"Men\u015fei \u0130talya 80\u00d7120 4 Katlan\u0131r H:360CM Metal \u00c7at\u0131 Merdiveni"},"content":{"rendered":"<p><span style=\"color: #0000ff;\"><strong>4 Katlan\u0131r Metal \u00c7at\u0131 Merdiveni Montaj Videosu<\/strong><\/span><\/p>\n<p><iframe title=\"YouTube video player\" src=\"https:\/\/www.youtube.com\/embed\/TswQW7SPf2w?si=8QbuN4CjEIII9xIo\" width=\"560\" height=\"315\" frameborder=\"0\" allowfullscreen=\"allowfullscreen\"><\/iframe><\/p>\n<p><iframe title=\"YouTube video player\" src=\"https:\/\/www.youtube.com\/embed\/bDt0rNq5jTo?si=Q9T70pM5dexNzI6E\" width=\"560\" height=\"315\" frameborder=\"0\" allowfullscreen=\"allowfullscreen\"><\/iframe><\/p>\n<p><span style=\"color: #000000;\">NOT: Pakette ambalajda, terazi, matkap, tornavida, korkuluk, anahtar, vida vs \u00e7\u0131kmamaktad\u0131r yoktur.<\/span><\/p>\n<p><span style=\"color: #000000;\"><strong>Beyaz boyal\u0131 preslenmi\u015f \u00e7elikten d\u00f6rt elemanl\u0131 merdiven<\/strong><\/span><br \/>\n<span style=\"color: #000000;\">* 1 metal kilit<\/span><br \/>\n<span style=\"color: #000000;\">* 1 kavak sunta (yongolam)\u00fcst kalite kap\u0131 paneli 16 mm. kal\u0131nl\u0131k (S\u0131n\u0131f E1)<\/span><br \/>\n<span style=\"color: #000000;\">* 1 adet teleskopik a\u00e7ma \u00e7ubu\u011fu<\/span><br \/>\n<span style=\"color: #000000;\">* 2 \u00dcst ini\u015f galvanizli kollar<\/span><br \/>\n<span style=\"color: #000000;\">* 4 merdiven \u00fczerinde tutunma kollar\u0131<\/span><br \/>\n<span style=\"color: #000000;\">* 4 sabitleme braketi \u201cL\u201d<\/span><br \/>\n<span style=\"color: #000000;\">* Merdiveni daha sa\u011flam hale getiren 2 end\u00fcstriyel mente\u015fe<\/span><br \/>\n<span style=\"color: #000000;\">* \u00c7ift mandal halkal\u0131 yaylar<\/span><br \/>\n<span style=\"color: #000000;\">* 1 basamaklara kaymaz bantlar<\/span><br \/>\n<span style=\"color: #000000;\">* Merdiven alt\u0131nda zemin \u00e7izmeyen plastik pabu\u00e7<\/span><br \/>\n<span style=\"color: #000000;\">* 1,2 mm \u00e7elik sacdan yap\u0131lm\u0131\u015f \u00e7er\u00e7eve(kasa). Merdivenin yanlar\u0131 1,5 mm \u00e7elik sacdan yap\u0131lm\u0131\u015ft\u0131r. 1,2 mm \u00e7elik sacdan yap\u0131lm\u0131\u015f basamaklar.<\/span><\/p>\n<p><span style=\"color: #000000;\"><strong>Talep \u00fczerine ekstra \u00fccretli al\u0131na bilecek aksesuarlar.<\/strong><\/span><br \/>\n<span style=\"color: #000000;\">* Kavak kontrplak (su kontras\u0131)\u00fcst kalite kapak paneli 15 mm kal\u0131nl\u0131k (S\u0131n\u0131f E1-CARB FAZ 2)<\/span><br \/>\n<span style=\"color: #000000;\">* Boyal\u0131 \u00fcst sahanl\u0131k kollar\u0131<\/span><br \/>\n<span style=\"color: #000000;\">* Hava ge\u00e7irmez contal\u0131 kasa<\/span><\/p>\n<p><span style=\"color: #000000;\"><strong>Talep \u00fczerine ekstra \u00fccretli al\u0131na bilecek aksesuarlar.<\/strong><\/span><br \/>\n<span style=\"color: #000000;\">* Kavak kontrplak(su kontras\u0131) \u00fcst kalite kapak paneli 15 mm. kal\u0131nl\u0131k (S\u0131n\u0131f E1-CARB FAZ 2)<\/span><br \/>\n<span style=\"color: #000000;\">* Yal\u0131t\u0131ml\u0131 kapak<\/span><br \/>\n<span style=\"color: #000000;\">* Hava ge\u00e7irmez contal\u0131 kasa<\/span><br \/>\n<span style=\"color: #000000;\">* Anahtarla kilitleme<\/span><\/p>\n<p><span style=\"color: #0000ff;\"><strong>%100 \u0130talya\u2019da \u00fcretilmi\u015ftir. \u00dcretimin tamam\u0131 \u0130talya\u2019da yap\u0131ld\u0131.<\/strong><\/span><\/p>\n<p><a href=\"https:\/\/www.catimerdivenleri.com\/wp-content\/uploads\/2026\/02\/4-KATLANIR-CATI-MERDIVENI-TEKNIK-VERI.pdf\"><span style=\"color: #ff0000;\"><strong>4 KATLANIR \u00c7ATI MERD\u0130VEN\u0130 TEKN\u0130K VER\u0130<\/strong><\/span><\/a><\/p>","protected":false},"excerpt":{"rendered":"<p><strong><span style=\"color: #ff0000;\">\u0130TALYA\u2019DAN \u00d6L\u00c7\u00dcN\u00dcZE G\u00d6RE \u00d6ZEL \u0130MALAT<\/span><\/strong><\/p>","protected":false},"featured_media":23911,"template":"","meta":[],"product_brand":[],"product_cat":[82],"product_tag":[],"class_list":{"0":"post-23027","1":"product","2":"type-product","3":"status-publish","4":"has-post-thumbnail","6":"product_cat-3-60-cm-acilabilir-merdivenler","8":"first","9":"instock","10":"sale","11":"shipping-taxable","12":"purchasable","13":"product-type-simple"},"_links":{"self":[{"href":"https:\/\/www.catimerdivenleri.com\/tr\/wp-json\/wp\/v2\/product\/23027","targetHints":{"allow":["GET"]}}],"collection":[{"href":"https:\/\/www.catimerdivenleri.com\/tr\/wp-json\/wp\/v2\/product"}],"about":[{"href":"https:\/\/www.catimerdivenleri.com\/tr\/wp-json\/wp\/v2\/types\/product"}],"version-history":[{"count":3,"href":"https:\/\/www.catimerdivenleri.com\/tr\/wp-json\/wp\/v2\/product\/23027\/revisions"}],"predecessor-version":[{"id":23030,"href":"https:\/\/www.catimerdivenleri.com\/tr\/wp-json\/wp\/v2\/product\/23027\/revisions\/23030"}],"wp:featuredmedia":[{"embeddable":true,"href":"https:\/\/www.catimerdivenleri.com\/tr\/wp-json\/wp\/v2\/media\/23911"}],"wp:attachment":[{"href":"https:\/\/www.catimerdivenleri.com\/tr\/wp-json\/wp\/v2\/media?parent=23027"}],"wp:term":[{"taxonomy":"product_brand","embeddable":true,"href":"https:\/\/www.catimerdivenleri.com\/tr\/wp-json\/wp\/v2\/product_brand?post=23027"},{"taxonomy":"product_cat","embeddable":true,"href":"https:\/\/www.catimerdivenleri.com\/tr\/wp-json\/wp\/v2\/product_cat?post=23027"},{"taxonomy":"product_tag","embeddable":true,"href":"https:\/\/www.catimerdivenleri.com\/tr\/wp-json\/wp\/v2\/product_tag?post=23027"}],"curies":[{"name":"wp","href":"https:\/\/api.w.org\/{rel}","templated":true}]}}