{"id":22994,"date":"2026-02-16T12:46:31","date_gmt":"2026-02-16T09:46:31","guid":{"rendered":"https:\/\/www.catimerdivenleri.com\/?post_type=product&#038;p=22994"},"modified":"2026-02-18T13:40:54","modified_gmt":"2026-02-18T10:40:54","slug":"italya-mensei-dikey-duvar-cati-merdiveni-h320cm","status":"publish","type":"product","link":"https:\/\/www.catimerdivenleri.com\/tr\/urun\/italya-mensei-dikey-duvar-cati-merdiveni-h320cm\/","title":{"rendered":"\u0130talya Men\u015fei Dikey Duvar \u00c7at\u0131 Merdiveni H:320CM"},"content":{"rendered":"<p><span style=\"color: #000000;\"><strong>NOT:<\/strong> Pakette ambalajda, terazi, matkap, tornavida, korkuluk, anahtar, vida vs \u00e7\u0131kmamaktad\u0131r yoktur.<\/span><\/p>\n<p><span style=\"color: #000000;\">Dikey duvarlar i\u00e7in d\u00f6kme al\u00fcminyumdan yap\u0131lm\u0131\u015f makasl\u0131 merdiven. \u00c7er\u00e7eve beyaza boyanm\u0131\u015ft\u0131r.<\/span><\/p>\n<p><span style=\"color: #000000;\">* 1 metal kilit<\/span><br \/>\n<span style=\"color: #000000;\">* Kavak sunta(yongalam) \u00fcst kalite kap\u0131 paneli 16 mm. kal\u0131nl\u0131k (S\u0131n\u0131f E1)<\/span><br \/>\n<span style=\"color: #000000;\">* Sa\u011fa s\u0131\u011facak \u015fekilde 1 adet teleskopik k\u00fcpe\u015fte (70\u00d760 ve 70\u00d770 ebatlar\u0131 i\u00e7in verilmemektedir)<\/span><br \/>\n<span style=\"color: #000000;\">* 1 adet teleskopik a\u00e7ma \u00e7ubu\u011fu<\/span><br \/>\n<span style=\"color: #000000;\">* 4 sabitleme braketi \u201cL\u201d<\/span><br \/>\n<span style=\"color: #000000;\">* 1,2 mm \u00e7elik sacdan yap\u0131lm\u0131\u015f \u00e7er\u00e7eve,kasa<\/span><\/p>\n<p><strong><span style=\"color: #000000;\">L\u00dcKS VERS\u0130YON:<\/span><\/strong><br \/>\n<span style=\"color: #000000;\">* Kavak kontrplak(su kontras\u0131) \u00fcst kalite kap\u0131 paneli 15 mm. kal\u0131nl\u0131k S\u0131n\u0131f\u0131 E1-CARB FAZ 2)<\/span><br \/>\n<span style=\"color: #000000;\">* Merdiven beyaz boyal\u0131<\/span><br \/>\n<span style=\"color: #000000;\">* Basamaklar i\u00e7in siyah hal\u0131lar<\/span><br \/>\n<span style=\"color: #000000;\">* Hava ge\u00e7irmez kasa contal\u0131<\/span><\/p>\n<p><strong><span style=\"color: #000000;\">\u0130STEK \u00dcZER\u0130NE:<\/span><\/strong><br \/>\n<span style=\"color: #000000;\">* Kavak kontrplak \u00fcst kalite kap\u0131 paneli 15 mm. kal\u0131nl\u0131k (S\u0131n\u0131f E1-CARB FAZ 2)<\/span><br \/>\n<span style=\"color: #000000;\">* Yal\u0131t\u0131ml\u0131 MERD\u0130VEN KAPA\u011eI<\/span><br \/>\n<span style=\"color: #000000;\">* Hava ge\u00e7irmez kasa contal\u0131<\/span><br \/>\n<span style=\"color: #000000;\">* Sol k\u00fcpe\u015fte<\/span><\/p>\n<p><strong><span style=\"color: #0000ff;\">%100 \u0130talya\u2019da \u00fcretilmi\u015ftir. \u00dcretimin tamam\u0131 \u0130talya\u2019da yap\u0131ld\u0131<\/span><\/strong><\/p>\n<p><span style=\"color: #ff0000;\"><strong><a style=\"color: #ff0000;\" href=\"https:\/\/www.catimerdivenleri.com\/wp-content\/uploads\/2026\/02\/DUVAR-TIPI-CATI-MERDIVENI-TEKNIK-VERI-1.pdf\">DUVAR T\u0130P\u0130 \u00c7ATI MERD\u0130VEN\u0130 TEKN\u0130K VER\u0130<\/a><\/strong><\/span><\/p>\n<p><img fetchpriority=\"high\" decoding=\"async\" class=\"alignnone size-full wp-image-22996\" src=\"https:\/\/www.catimerdivenleri.com\/wp-content\/uploads\/2026\/02\/101120133116aci-alluminio-verticalejpg.jpg\" alt=\"\" width=\"650\" height=\"507\" srcset=\"https:\/\/www.catimerdivenleri.com\/wp-content\/uploads\/2026\/02\/101120133116aci-alluminio-verticalejpg.jpg 650w, https:\/\/www.catimerdivenleri.com\/wp-content\/uploads\/2026\/02\/101120133116aci-alluminio-verticalejpg-300x234.jpg 300w\" sizes=\"(max-width: 650px) 100vw, 650px\" \/><\/p>\n<p>\u00dcR\u00dcN TANITIMI VE V\u0130DEOSU<\/p>\n<p><iframe title=\"YouTube video player\" src=\"https:\/\/www.youtube.com\/embed\/txH16ljmFx4?si=WWSVSHi_S_g_15pR\" width=\"560\" height=\"315\" frameborder=\"0\" allowfullscreen=\"allowfullscreen\"><\/iframe><\/p>","protected":false},"excerpt":{"rendered":"<p>NOT: Pakette ambalajda, terazi, matkap, tornavida, korkuluk, anahtar, vida vs \u00e7\u0131kmamaktad\u0131r yoktur. Dikey duvarlar i\u00e7in d\u00f6kme al\u00fcminyumdan yap\u0131lm\u0131\u015f makasl\u0131 merdiven. \u00c7er\u00e7eve beyaza boyanm\u0131\u015ft\u0131r. * 1 metal kilit * Kavak sunta(yongalam) \u00fcst kalite kap\u0131 paneli 16 mm. kal\u0131nl\u0131k (S\u0131n\u0131f E1) * Sa\u011fa s\u0131\u011facak \u015fekilde 1 adet teleskopik k\u00fcpe\u015fte (70\u00d760 ve 70\u00d770 ebatlar\u0131 i\u00e7in verilmemektedir) * 1 [&hellip;]<\/p>\n","protected":false},"featured_media":22987,"template":"","meta":[],"product_brand":[],"product_cat":[81],"product_tag":[],"class_list":{"0":"post-22994","1":"product","2":"type-product","3":"status-publish","4":"has-post-thumbnail","6":"product_cat-duvar-tipi-merdiven","8":"first","9":"instock","10":"shipping-taxable","11":"product-type-simple"},"_links":{"self":[{"href":"https:\/\/www.catimerdivenleri.com\/tr\/wp-json\/wp\/v2\/product\/22994","targetHints":{"allow":["GET"]}}],"collection":[{"href":"https:\/\/www.catimerdivenleri.com\/tr\/wp-json\/wp\/v2\/product"}],"about":[{"href":"https:\/\/www.catimerdivenleri.com\/tr\/wp-json\/wp\/v2\/types\/product"}],"version-history":[{"count":3,"href":"https:\/\/www.catimerdivenleri.com\/tr\/wp-json\/wp\/v2\/product\/22994\/revisions"}],"predecessor-version":[{"id":23833,"href":"https:\/\/www.catimerdivenleri.com\/tr\/wp-json\/wp\/v2\/product\/22994\/revisions\/23833"}],"wp:featuredmedia":[{"embeddable":true,"href":"https:\/\/www.catimerdivenleri.com\/tr\/wp-json\/wp\/v2\/media\/22987"}],"wp:attachment":[{"href":"https:\/\/www.catimerdivenleri.com\/tr\/wp-json\/wp\/v2\/media?parent=22994"}],"wp:term":[{"taxonomy":"product_brand","embeddable":true,"href":"https:\/\/www.catimerdivenleri.com\/tr\/wp-json\/wp\/v2\/product_brand?post=22994"},{"taxonomy":"product_cat","embeddable":true,"href":"https:\/\/www.catimerdivenleri.com\/tr\/wp-json\/wp\/v2\/product_cat?post=22994"},{"taxonomy":"product_tag","embeddable":true,"href":"https:\/\/www.catimerdivenleri.com\/tr\/wp-json\/wp\/v2\/product_tag?post=22994"}],"curies":[{"name":"wp","href":"https:\/\/api.w.org\/{rel}","templated":true}]}}