{"id":22973,"date":"2026-02-16T12:29:17","date_gmt":"2026-02-16T09:29:17","guid":{"rendered":"https:\/\/www.catimerdivenleri.com\/?post_type=product&#038;p=22973"},"modified":"2026-03-06T13:31:38","modified_gmt":"2026-03-06T10:31:38","slug":"papatya-celik-merdiven-cap-110x110-h242-284cm","status":"publish","type":"product","link":"https:\/\/www.catimerdivenleri.com\/tr\/urun\/papatya-celik-merdiven-cap-110x110-h242-284cm\/","title":{"rendered":"Papatya \u00c7elik Merdiven \u2013 \u00c7AP 110X110 H:242-284CM"},"content":{"rendered":"<p><span style=\"color: #000000;\">Papatya \u00e7elik merdiven dayan\u0131kl\u0131l\u0131\u011f\u0131 ve \u015f\u0131kl\u0131\u011f\u0131 evinize ta\u015f\u0131y\u0131n. 242-284 cm y\u00fckseklik aral\u0131\u011f\u0131na sahip olup,i\u00e7 mekanlarda g\u00fcvenle kullan\u0131labilecek \u015fekilde tasarlanm\u0131\u015ft\u0131r. Y\u00fcksek kaliteli 2mm \u00e7elik sacdan \u00fcretilmi\u015f basamaklar, olmas\u0131 sayesinde uzun \u00f6m\u00fcrl\u00fcd\u00fcr ve a\u011f\u0131r y\u00fckleri rahatl\u0131kla ta\u015f\u0131yabilir. Electro toz f\u0131r\u0131n boyal\u0131d\u0131r.<\/span><\/p>\n<p><span style=\"color: #000000;\">Estetik tasar\u0131m\u0131 sayesinde modern dekorasyonlarla uyum sa\u011flar. 110\u00d7110 cm \u00e7ap\u0131 ile dar alanlarda bile pratik kullan\u0131m sunar, montaj\u0131 kolayd\u0131r ve sa\u011flam yap\u0131s\u0131yla kullan\u0131c\u0131ya g\u00fcven verir. Her basamak i\u00e7in hal\u0131 verilmektedir. Kaymaz basamak yap\u0131s\u0131 sayesinde g\u00fcnl\u00fck kullan\u0131mda g\u00fcvenli\u011fi \u00f6n planda tutar.<\/span><\/p>\n<p><img fetchpriority=\"high\" decoding=\"async\" class=\"alignnone size-full wp-image-22974\" src=\"https:\/\/www.catimerdivenleri.com\/wp-content\/uploads\/2026\/02\/110-1024x427-1.png\" alt=\"\" width=\"1024\" height=\"427\" srcset=\"https:\/\/www.catimerdivenleri.com\/wp-content\/uploads\/2026\/02\/110-1024x427-1.png 1024w, https:\/\/www.catimerdivenleri.com\/wp-content\/uploads\/2026\/02\/110-1024x427-1-1000x417.png 1000w, https:\/\/www.catimerdivenleri.com\/wp-content\/uploads\/2026\/02\/110-1024x427-1-300x125.png 300w, https:\/\/www.catimerdivenleri.com\/wp-content\/uploads\/2026\/02\/110-1024x427-1-768x320.png 768w\" sizes=\"(max-width: 1024px) 100vw, 1024px\" \/><\/p>","protected":false},"excerpt":{"rendered":"<p>Papatya \u00e7elik merdiven dayan\u0131kl\u0131l\u0131\u011f\u0131 ve \u015f\u0131kl\u0131\u011f\u0131 evinize ta\u015f\u0131y\u0131n. 242-284 cm y\u00fckseklik aral\u0131\u011f\u0131na sahip olup,i\u00e7 mekanlarda g\u00fcvenle kullan\u0131labilecek \u015fekilde tasarlanm\u0131\u015ft\u0131r. Y\u00fcksek kaliteli 2mm \u00e7elik sacdan \u00fcretilmi\u015f basamaklar, olmas\u0131 sayesinde uzun \u00f6m\u00fcrl\u00fcd\u00fcr ve a\u011f\u0131r y\u00fckleri rahatl\u0131kla ta\u015f\u0131yabilir. Electro toz f\u0131r\u0131n boyal\u0131d\u0131r. Estetik tasar\u0131m\u0131 sayesinde modern dekorasyonlarla uyum sa\u011flar. 110\u00d7110 cm \u00e7ap\u0131 ile dar alanlarda bile pratik kullan\u0131m [&hellip;]<\/p>\n","protected":false},"featured_media":23919,"template":"","meta":[],"product_brand":[],"product_cat":[80],"product_tag":[],"class_list":{"0":"post-22973","1":"product","2":"type-product","3":"status-publish","4":"has-post-thumbnail","6":"product_cat-ayturk-papatya-celik-merdiven","8":"first","9":"instock","10":"sale","11":"shipping-taxable","12":"purchasable","13":"product-type-simple"},"_links":{"self":[{"href":"https:\/\/www.catimerdivenleri.com\/tr\/wp-json\/wp\/v2\/product\/22973","targetHints":{"allow":["GET"]}}],"collection":[{"href":"https:\/\/www.catimerdivenleri.com\/tr\/wp-json\/wp\/v2\/product"}],"about":[{"href":"https:\/\/www.catimerdivenleri.com\/tr\/wp-json\/wp\/v2\/types\/product"}],"version-history":[{"count":2,"href":"https:\/\/www.catimerdivenleri.com\/tr\/wp-json\/wp\/v2\/product\/22973\/revisions"}],"predecessor-version":[{"id":23920,"href":"https:\/\/www.catimerdivenleri.com\/tr\/wp-json\/wp\/v2\/product\/22973\/revisions\/23920"}],"wp:featuredmedia":[{"embeddable":true,"href":"https:\/\/www.catimerdivenleri.com\/tr\/wp-json\/wp\/v2\/media\/23919"}],"wp:attachment":[{"href":"https:\/\/www.catimerdivenleri.com\/tr\/wp-json\/wp\/v2\/media?parent=22973"}],"wp:term":[{"taxonomy":"product_brand","embeddable":true,"href":"https:\/\/www.catimerdivenleri.com\/tr\/wp-json\/wp\/v2\/product_brand?post=22973"},{"taxonomy":"product_cat","embeddable":true,"href":"https:\/\/www.catimerdivenleri.com\/tr\/wp-json\/wp\/v2\/product_cat?post=22973"},{"taxonomy":"product_tag","embeddable":true,"href":"https:\/\/www.catimerdivenleri.com\/tr\/wp-json\/wp\/v2\/product_tag?post=22973"}],"curies":[{"name":"wp","href":"https:\/\/api.w.org\/{rel}","templated":true}]}}