{"id":22945,"date":"2026-02-16T12:11:48","date_gmt":"2026-02-16T09:11:48","guid":{"rendered":"https:\/\/www.catimerdivenleri.com\/?post_type=product&#038;p=22945"},"modified":"2026-03-06T13:45:58","modified_gmt":"2026-03-06T10:45:58","slug":"papatya-doner-merdiven-cap-110x110-h280-300cm","status":"publish","type":"product","link":"https:\/\/www.catimerdivenleri.com\/tr\/urun\/papatya-doner-merdiven-cap-110x110-h280-300cm\/","title":{"rendered":"Papatya D\u00f6ner Merdiven \u2013 \u00c7AP 110X110 H:280-300CM"},"content":{"rendered":"<p><span style=\"color: #000000;\">Do\u011fal ve s\u0131cak bir g\u00f6r\u00fcn\u00fcm sa\u011flamak amac\u0131yla basamaklar ah\u015fap malzemeden yap\u0131lm\u0131\u015f olan merdivenlerdir. Bir d\u00f6n\u00fc\u015f noktas\u0131 etraf\u0131nda d\u00f6nen ve yukar\u0131 do\u011fru y\u00fckselen ah\u015fap basamaklardan olu\u015fur. Ah\u015fap malzeme, do\u011fal bir g\u00f6r\u00fcn\u00fcm sunar ve mekanlara s\u0131cakl\u0131k ve karakter katmak i\u00e7in tercih edilir.<\/span><\/p>\n<p><span style=\"color: #000000;\">\u0130\u00e7 mekanlarda hem geleneksel hem de modern tarzlarda kullan\u0131labilir. Ah\u015fap malzemenin do\u011fal dokusu ve s\u0131cakl\u0131\u011f\u0131, bir evin veya ticari bir alan\u0131n dekorasyonuna ho\u015f bir atmosfer katar.<\/span><\/p>\n<p><span style=\"color: #000000;\">Dayan\u0131kl\u0131l\u0131\u011f\u0131 ve do\u011fal malzeme se\u00e7ene\u011fiyle tercih edilen bir se\u00e7enektir.<\/span><\/p>\n<p><span style=\"color: #000000;\">D\u00f6ner merdivenimizin Demir aksamlar\u0131n\u0131n bilgileri:<\/span><\/p>\n<p><span style=\"color: #000000;\">D\u00f6ner merdivenin orta boru \u00e7ap\u0131 10cm ve 4mm kal\u0131nl\u0131\u011f\u0131ndad\u0131r.<\/span><\/p>\n<p><span style=\"color: #000000;\">D\u00f6ner merdivenin etraf\u0131ndaki korkuluk boru \u00e7aplar\u0131 16mm ve 22mm et kal\u0131nl\u0131klar\u0131 ise 1.2mm\u2019dir.<\/span><\/p>\n<p><strong><span style=\"color: #000000;\">METAL RENK SE\u00c7ENEKLER\u0130: S\u0130YAH, GR\u0130, BEYAZ<\/span><\/strong><\/p>\n<p><span style=\"color: #000000;\"><strong>Not:<\/strong> Basamak malzemesi 38mm 1.s\u0131n\u0131f kay\u0131n a\u011fac\u0131, ve basamak rengi naturel renktir. \u00dcr\u00fcn\u00fcm\u00fczlerimiz 4 paket halinde sizlere teslim edilir. Bir binek araca s\u0131\u011far.<\/span><\/p>\n<p><span style=\"color: #000000;\">Yerinize montaj hizmeti vard\u0131r. \u00dcr\u00fcn fiyat\u0131ndan ayr\u0131 olarak fiyatland\u0131r\u0131l\u0131r. Bu i\u015flem i\u00e7in yerinizin alt kat ve \u00fcst kattan resimleri ,\u00f6l\u00e7\u00fcleri ve nerede ikamet ediyorsan\u0131z bildirmeniz gerekmektedir.<\/span><\/p>\n<p><span style=\"color: #000000;\"><strong>PAPATYA MODEL \u00c7AP \u00d6L\u00c7\u00dcS\u00dc SE\u00c7ENEKLER\u0130: 110-120-130-140-150<\/strong><\/span><\/p>\n<p><img fetchpriority=\"high\" decoding=\"async\" class=\"alignnone size-full wp-image-22946\" src=\"https:\/\/www.catimerdivenleri.com\/wp-content\/uploads\/2026\/02\/papatya110-1024x483-1.png\" alt=\"\" width=\"1024\" height=\"483\" srcset=\"https:\/\/www.catimerdivenleri.com\/wp-content\/uploads\/2026\/02\/papatya110-1024x483-1.png 1024w, https:\/\/www.catimerdivenleri.com\/wp-content\/uploads\/2026\/02\/papatya110-1024x483-1-300x142.png 300w, https:\/\/www.catimerdivenleri.com\/wp-content\/uploads\/2026\/02\/papatya110-1024x483-1-768x362.png 768w, https:\/\/www.catimerdivenleri.com\/wp-content\/uploads\/2026\/02\/papatya110-1024x483-1-1000x472.png 1000w, https:\/\/www.catimerdivenleri.com\/wp-content\/uploads\/2026\/02\/papatya110-1024x483-1-100x47.png 100w\" sizes=\"(max-width: 1024px) 100vw, 1024px\" \/> <img decoding=\"async\" class=\"alignnone size-full wp-image-22947\" src=\"https:\/\/www.catimerdivenleri.com\/wp-content\/uploads\/2026\/02\/papatya-merdiven-1024x717-5.png\" alt=\"\" width=\"1024\" height=\"717\" srcset=\"https:\/\/www.catimerdivenleri.com\/wp-content\/uploads\/2026\/02\/papatya-merdiven-1024x717-5.png 1024w, https:\/\/www.catimerdivenleri.com\/wp-content\/uploads\/2026\/02\/papatya-merdiven-1024x717-5-300x210.png 300w, https:\/\/www.catimerdivenleri.com\/wp-content\/uploads\/2026\/02\/papatya-merdiven-1024x717-5-768x538.png 768w, https:\/\/www.catimerdivenleri.com\/wp-content\/uploads\/2026\/02\/papatya-merdiven-1024x717-5-1000x700.png 1000w, https:\/\/www.catimerdivenleri.com\/wp-content\/uploads\/2026\/02\/papatya-merdiven-1024x717-5-100x70.png 100w\" sizes=\"(max-width: 1024px) 100vw, 1024px\" \/><\/p>\n<p><span style=\"color: #ff0000;\"><strong>TANITIM V\u0130DEOSU<\/strong><\/span><\/p>\n<p><iframe title=\"YouTube video player\" src=\"https:\/\/www.youtube.com\/embed\/2sv3TAAvHrI?si=Or8qSR012SmIalCi\" width=\"560\" height=\"315\" frameborder=\"0\" allowfullscreen=\"allowfullscreen\"><\/iframe><\/p>","protected":false},"excerpt":{"rendered":"<p>Do\u011fal ve s\u0131cak bir g\u00f6r\u00fcn\u00fcm sa\u011flamak amac\u0131yla basamaklar ah\u015fap malzemeden yap\u0131lm\u0131\u015f olan merdivenlerdir. Bir d\u00f6n\u00fc\u015f noktas\u0131 etraf\u0131nda d\u00f6nen ve yukar\u0131 do\u011fru y\u00fckselen ah\u015fap basamaklardan olu\u015fur. Ah\u015fap malzeme, do\u011fal bir g\u00f6r\u00fcn\u00fcm sunar ve mekanlara s\u0131cakl\u0131k ve karakter katmak i\u00e7in tercih edilir. \u0130\u00e7 mekanlarda hem geleneksel hem de modern tarzlarda kullan\u0131labilir. Ah\u015fap malzemenin do\u011fal dokusu ve s\u0131cakl\u0131\u011f\u0131, [&hellip;]<\/p>\n","protected":false},"featured_media":23923,"template":"","meta":[],"product_brand":[],"product_cat":[79],"product_tag":[],"class_list":{"0":"post-22945","1":"product","2":"type-product","3":"status-publish","4":"has-post-thumbnail","6":"product_cat-ayturk-papatya-doner-merdiven","8":"first","9":"instock","10":"sale","11":"shipping-taxable","12":"purchasable","13":"product-type-simple"},"_links":{"self":[{"href":"https:\/\/www.catimerdivenleri.com\/tr\/wp-json\/wp\/v2\/product\/22945","targetHints":{"allow":["GET"]}}],"collection":[{"href":"https:\/\/www.catimerdivenleri.com\/tr\/wp-json\/wp\/v2\/product"}],"about":[{"href":"https:\/\/www.catimerdivenleri.com\/tr\/wp-json\/wp\/v2\/types\/product"}],"version-history":[{"count":3,"href":"https:\/\/www.catimerdivenleri.com\/tr\/wp-json\/wp\/v2\/product\/22945\/revisions"}],"predecessor-version":[{"id":23922,"href":"https:\/\/www.catimerdivenleri.com\/tr\/wp-json\/wp\/v2\/product\/22945\/revisions\/23922"}],"wp:featuredmedia":[{"embeddable":true,"href":"https:\/\/www.catimerdivenleri.com\/tr\/wp-json\/wp\/v2\/media\/23923"}],"wp:attachment":[{"href":"https:\/\/www.catimerdivenleri.com\/tr\/wp-json\/wp\/v2\/media?parent=22945"}],"wp:term":[{"taxonomy":"product_brand","embeddable":true,"href":"https:\/\/www.catimerdivenleri.com\/tr\/wp-json\/wp\/v2\/product_brand?post=22945"},{"taxonomy":"product_cat","embeddable":true,"href":"https:\/\/www.catimerdivenleri.com\/tr\/wp-json\/wp\/v2\/product_cat?post=22945"},{"taxonomy":"product_tag","embeddable":true,"href":"https:\/\/www.catimerdivenleri.com\/tr\/wp-json\/wp\/v2\/product_tag?post=22945"}],"curies":[{"name":"wp","href":"https:\/\/api.w.org\/{rel}","templated":true}]}}