{"id":22868,"date":"2026-02-16T11:29:32","date_gmt":"2026-02-16T08:29:32","guid":{"rendered":"https:\/\/www.catimerdivenleri.com\/?post_type=product&#038;p=22868"},"modified":"2026-03-18T14:35:47","modified_gmt":"2026-03-18T11:35:47","slug":"ayturk-doner-merdiven-cap-160x160-h280-300cm","status":"publish","type":"product","link":"https:\/\/www.catimerdivenleri.com\/tr\/urun\/ayturk-doner-merdiven-cap-160x160-h280-300cm\/","title":{"rendered":"Ayt\u00fcrk D\u00f6ner Merdiven \u2013 \u00c7AP 160X160 H:280-300CM"},"content":{"rendered":"<p><span style=\"color: #000000;\">Genellikle do\u011fal ve s\u0131cak bir g\u00f6r\u00fcn\u00fcm sa\u011flamak amac\u0131yla basamaklar ah\u015fap malzemeden yap\u0131lm\u0131\u015f olan merdivenlerdir. D\u00f6n\u00fc\u015f noktas\u0131 etraf\u0131nda d\u00f6nen ve yukar\u0131 do\u011fru y\u00fckselen ah\u015fap basamaklardan olu\u015fur. Ah\u015fap malzeme, do\u011fal bir g\u00f6r\u00fcn\u00fcm sunar ve mekanlara s\u0131cakl\u0131k ve karakter katmak i\u00e7in tercih edilir.<\/span><\/p>\n<p><span style=\"color: #000000;\">\u0130\u00e7 mekanlarda hem geleneksel hem de modern tarzlarda kullan\u0131labilir. Ah\u015fap malzemenin do\u011fal dokusu ve s\u0131cakl\u0131\u011f\u0131, bir evin veya ticari bir alan\u0131n dekorasyonuna ho\u015f bir atmosfer katar.<\/span><\/p>\n<p><span style=\"color: #000000;\">Dayan\u0131kl\u0131l\u0131\u011f\u0131 ve do\u011fal malzeme se\u00e7ene\u011fiyle tercih edilen bir se\u00e7enektir.<\/span><\/p>\n<p><span style=\"color: #000000;\">D\u00f6ner merdivenimizin Demir aksamlar\u0131n\u0131n bilgileri:<\/span><\/p>\n<p><span style=\"color: #000000;\">D\u00f6ner merdivenin orta boru \u00e7ap\u0131 10cm ve 4mm kal\u0131nl\u0131\u011f\u0131ndad\u0131r.<\/span><\/p>\n<p><span style=\"color: #000000;\">D\u00f6ner merdivenin etraf\u0131ndaki korkuluk boru \u00e7aplar\u0131 16mm ve 22mm et kal\u0131nl\u0131klar\u0131 ise 1.2mm\u2019dir.<\/span><\/p>\n<p><span style=\"color: #000000;\">K\u00fcpe\u015fte boru \u00e7ap\u0131 40mm et kal\u0131nl\u0131\u011f\u0131 1,5mm\u2019dir.Demonte par\u00e7alar halindedir.<\/span><\/p>\n<p><span style=\"color: #000000;\">METAL RENK SE\u00c7ENEKLER\u0130: S\u0130YAH, GR\u0130, BEYAZ<\/span><\/p>\n<p><span style=\"color: #000000;\">Not: Basamak malzemesi 38mm 1.s\u0131n\u0131f kay\u0131n a\u011fac\u0131, ve basamak rengi naturel renktir. \u00dcr\u00fcn\u00fcm\u00fczlerimiz 4 paket halinde sizlere teslim edilir. Bir binek araca s\u0131\u011far.<\/span><\/p>\n<p><span style=\"color: #000000;\">Yerinize montaj hizmeti vard\u0131r. \u00dcr\u00fcn fiyat\u0131ndan ayr\u0131 olarak fiyatland\u0131r\u0131l\u0131r. Bu i\u015flem i\u00e7in yerinizin alt kat ve \u00fcst kattan resimleri ,\u00f6l\u00e7\u00fcleri ve nerede ikamet ediyorsan\u0131z bildirmeniz gerekmektedir.<\/span><\/p>\n<p><strong><span style=\"color: #000000;\">AYT\u00dcRK D\u00d6NER MERD\u0130VEN MODEL\u0130 | \u00c7ap (\u00d8) 120 \u2013 130 \u2013 140 \u2013150 -160<\/span><\/strong><\/p>\n<p><img fetchpriority=\"high\" decoding=\"async\" class=\"alignnone size-full wp-image-22869\" src=\"https:\/\/www.catimerdivenleri.com\/wp-content\/uploads\/2026\/02\/cap160.png\" alt=\"\" width=\"1024\" height=\"490\" \/> <img decoding=\"async\" class=\"alignnone size-full wp-image-22870\" src=\"https:\/\/www.catimerdivenleri.com\/wp-content\/uploads\/2026\/02\/cap162.png\" alt=\"\" width=\"1024\" height=\"753\" \/><\/p>\n<p><span style=\"color: #ff0000;\"><strong>\u00dcR\u00dcN TANITIM V\u0130DEOSU<\/strong><\/span><\/p>\n<p><iframe title=\"YouTube video player\" src=\"https:\/\/www.youtube.com\/embed\/tkT9ryxrSP8?si=fu6XcdqQA88D7Juc\" width=\"560\" height=\"315\" frameborder=\"0\" allowfullscreen=\"allowfullscreen\"><\/iframe><\/p>","protected":false},"excerpt":{"rendered":"<p>Genellikle do\u011fal ve s\u0131cak bir g\u00f6r\u00fcn\u00fcm sa\u011flamak amac\u0131yla basamaklar ah\u015fap malzemeden yap\u0131lm\u0131\u015f olan merdivenlerdir. D\u00f6n\u00fc\u015f noktas\u0131 etraf\u0131nda d\u00f6nen ve yukar\u0131 do\u011fru y\u00fckselen ah\u015fap basamaklardan olu\u015fur. Ah\u015fap malzeme, do\u011fal bir g\u00f6r\u00fcn\u00fcm sunar ve mekanlara s\u0131cakl\u0131k ve karakter katmak i\u00e7in tercih edilir. \u0130\u00e7 mekanlarda hem geleneksel hem de modern tarzlarda kullan\u0131labilir. Ah\u015fap malzemenin do\u011fal dokusu ve s\u0131cakl\u0131\u011f\u0131, [&hellip;]<\/p>\n","protected":false},"featured_media":23926,"template":"","meta":[],"product_brand":[],"product_cat":[78],"product_tag":[],"class_list":{"0":"post-22868","1":"product","2":"type-product","3":"status-publish","4":"has-post-thumbnail","6":"product_cat-ayturk-doner-merdiven","8":"first","9":"instock","10":"sale","11":"shipping-taxable","12":"purchasable","13":"product-type-simple"},"_links":{"self":[{"href":"https:\/\/www.catimerdivenleri.com\/tr\/wp-json\/wp\/v2\/product\/22868","targetHints":{"allow":["GET"]}}],"collection":[{"href":"https:\/\/www.catimerdivenleri.com\/tr\/wp-json\/wp\/v2\/product"}],"about":[{"href":"https:\/\/www.catimerdivenleri.com\/tr\/wp-json\/wp\/v2\/types\/product"}],"version-history":[{"count":1,"href":"https:\/\/www.catimerdivenleri.com\/tr\/wp-json\/wp\/v2\/product\/22868\/revisions"}],"predecessor-version":[{"id":22893,"href":"https:\/\/www.catimerdivenleri.com\/tr\/wp-json\/wp\/v2\/product\/22868\/revisions\/22893"}],"wp:featuredmedia":[{"embeddable":true,"href":"https:\/\/www.catimerdivenleri.com\/tr\/wp-json\/wp\/v2\/media\/23926"}],"wp:attachment":[{"href":"https:\/\/www.catimerdivenleri.com\/tr\/wp-json\/wp\/v2\/media?parent=22868"}],"wp:term":[{"taxonomy":"product_brand","embeddable":true,"href":"https:\/\/www.catimerdivenleri.com\/tr\/wp-json\/wp\/v2\/product_brand?post=22868"},{"taxonomy":"product_cat","embeddable":true,"href":"https:\/\/www.catimerdivenleri.com\/tr\/wp-json\/wp\/v2\/product_cat?post=22868"},{"taxonomy":"product_tag","embeddable":true,"href":"https:\/\/www.catimerdivenleri.com\/tr\/wp-json\/wp\/v2\/product_tag?post=22868"}],"curies":[{"name":"wp","href":"https:\/\/api.w.org\/{rel}","templated":true}]}}