{"id":22844,"date":"2026-02-16T11:00:44","date_gmt":"2026-02-16T08:00:44","guid":{"rendered":"https:\/\/www.catimerdivenleri.com\/?post_type=product&#038;p=22844"},"modified":"2026-03-06T13:59:51","modified_gmt":"2026-03-06T10:59:51","slug":"ayturk-tip-17-omurgali-doner-merdiven-h280-300cm","status":"publish","type":"product","link":"https:\/\/www.catimerdivenleri.com\/tr\/urun\/ayturk-tip-17-omurgali-doner-merdiven-h280-300cm\/","title":{"rendered":"Ayt\u00fcrk Tip 17 Omurgal\u0131 D\u00f6ner Merdiven H:280-300CM"},"content":{"rendered":"<p><span style=\"color: #000000;\">Omurgal\u0131 d\u00f6ner merdivenler i\u00e7 mekanlarda kullan\u0131lan, estetik a\u00e7\u0131dan ho\u015f bir g\u00f6r\u00fcn\u00fcme sahip olan merdivenlerdir.<\/span><\/p>\n<p><span style=\"color: #000000;\"><strong>\u00dcr\u00fcn malzeme detay\u0131<\/strong><\/span><\/p>\n<p><span style=\"color: #000000;\">* Metal Omurgalar 70mm \u00e7ap\u0131nda 5mm kal\u0131nl\u0131kta \u00e7elikten olup, k\u0131r\u0131lma ve \u00e7atlama olmaz. Y\u00fczeyi elektrostatik f\u0131r\u0131n boyal\u0131d\u0131r.<\/span><\/p>\n<p><span style=\"color: #000000;\">* Omurgal\u0131 merdivenin korkuluk boru \u00e7aplar\u0131 16mm ve 22mm et kal\u0131nl\u0131klar\u0131 ise 1.2mm\u2019dir.<\/span><\/p>\n<p><span style=\"color: #000000;\">* K\u00fcpe\u015fte ah\u015faplar\u0131 5x4cm 1.s\u0131n\u0131f kay\u0131n a\u011fac\u0131 naturel renktir.<\/span><\/p>\n<p><span style=\"color: #000000;\">* Paket i\u00e7inde kurulum \u015fablonu bulunmaktad\u0131r.<\/span><\/p>\n<p><strong><span style=\"color: #000000;\">METAL RENK SE\u00c7ENEKLER\u0130: S\u0130YAH, BEYAZ , GR\u0130<\/span><\/strong><\/p>\n<p><span style=\"color: #000000;\"><strong>Not:<\/strong> Basamak malzemesi 38mm 1.s\u0131n\u0131f kay\u0131n a\u011fac\u0131, ve basamak rengi naturel renktir. \u00dcr\u00fcn\u00fcm\u00fczlerimiz 4 paket halinde sizlere teslim edilir. Bir binek araca s\u0131\u011far.<\/span><\/p>\n<p><span style=\"color: #000000;\">Yerinize montaj hizmeti vard\u0131r. \u00dcr\u00fcn fiyat\u0131ndan ayr\u0131 olarak fiyatland\u0131r\u0131l\u0131r. Bu i\u015flem i\u00e7in yerinizin alt kat ve \u00fcst kattan resimleri ,\u00f6l\u00e7\u00fcleri ve nerede ikamet ediyorsan\u0131z bildirmeniz gerekmektedir.\u00a0\u00a0<\/span><\/p>\n<p><img fetchpriority=\"high\" decoding=\"async\" class=\"alignnone size-full wp-image-22848\" src=\"https:\/\/www.catimerdivenleri.com\/wp-content\/uploads\/2026\/02\/17.png\" alt=\"\" width=\"528\" height=\"443\" \/><img decoding=\"async\" class=\"alignnone size-full wp-image-22849\" src=\"https:\/\/www.catimerdivenleri.com\/wp-content\/uploads\/2026\/02\/detay-omurgali-1024x719-3.png\" alt=\"\" width=\"1024\" height=\"719\" \/><img decoding=\"async\" class=\"alignnone size-full wp-image-22850\" src=\"https:\/\/www.catimerdivenleri.com\/wp-content\/uploads\/2026\/02\/tip17-1024x555-1.png\" alt=\"\" width=\"1024\" height=\"555\" \/><\/p>\n<p><iframe title=\"YouTube video player\" src=\"https:\/\/www.youtube.com\/embed\/UUvYU6PyT-I?si=Tq3TyN5_dLCHQwOL\" width=\"560\" height=\"315\" frameborder=\"0\" allowfullscreen=\"allowfullscreen\"><\/iframe><\/p>\n<p><span style=\"color: #000000;\">Profesyonel \u00e7\u00f6z\u00fcmlerimizden faydalanmak i\u00e7in vakit kaybetmeden <span style=\"color: #3366ff;\"><a style=\"color: #3366ff;\" href=\"https:\/\/www.catimerdivenleri.com\">ileti\u015fime ge\u00e7in<\/a><\/span>.<\/span><\/p>","protected":false},"excerpt":{"rendered":"<p>Omurgal\u0131 d\u00f6ner merdivenler i\u00e7 mekanlarda kullan\u0131lan, estetik a\u00e7\u0131dan ho\u015f bir g\u00f6r\u00fcn\u00fcme sahip olan merdivenlerdir. \u00dcr\u00fcn malzeme detay\u0131 * Metal Omurgalar 70mm \u00e7ap\u0131nda 5mm kal\u0131nl\u0131kta \u00e7elikten olup, k\u0131r\u0131lma ve \u00e7atlama olmaz. Y\u00fczeyi elektrostatik f\u0131r\u0131n boyal\u0131d\u0131r. * Omurgal\u0131 merdivenin korkuluk boru \u00e7aplar\u0131 16mm ve 22mm et kal\u0131nl\u0131klar\u0131 ise 1.2mm\u2019dir. * K\u00fcpe\u015fte ah\u015faplar\u0131 5x4cm 1.s\u0131n\u0131f kay\u0131n a\u011fac\u0131 naturel [&hellip;]<\/p>\n","protected":false},"featured_media":23928,"template":"","meta":[],"product_brand":[],"product_cat":[72],"product_tag":[],"class_list":{"0":"post-22844","1":"product","2":"type-product","3":"status-publish","4":"has-post-thumbnail","6":"product_cat-ayturk-omurgali-merdiven","8":"first","9":"instock","10":"sale","11":"shipping-taxable","12":"purchasable","13":"product-type-simple"},"_links":{"self":[{"href":"https:\/\/www.catimerdivenleri.com\/tr\/wp-json\/wp\/v2\/product\/22844","targetHints":{"allow":["GET"]}}],"collection":[{"href":"https:\/\/www.catimerdivenleri.com\/tr\/wp-json\/wp\/v2\/product"}],"about":[{"href":"https:\/\/www.catimerdivenleri.com\/tr\/wp-json\/wp\/v2\/types\/product"}],"version-history":[{"count":3,"href":"https:\/\/www.catimerdivenleri.com\/tr\/wp-json\/wp\/v2\/product\/22844\/revisions"}],"predecessor-version":[{"id":23929,"href":"https:\/\/www.catimerdivenleri.com\/tr\/wp-json\/wp\/v2\/product\/22844\/revisions\/23929"}],"wp:featuredmedia":[{"embeddable":true,"href":"https:\/\/www.catimerdivenleri.com\/tr\/wp-json\/wp\/v2\/media\/23928"}],"wp:attachment":[{"href":"https:\/\/www.catimerdivenleri.com\/tr\/wp-json\/wp\/v2\/media?parent=22844"}],"wp:term":[{"taxonomy":"product_brand","embeddable":true,"href":"https:\/\/www.catimerdivenleri.com\/tr\/wp-json\/wp\/v2\/product_brand?post=22844"},{"taxonomy":"product_cat","embeddable":true,"href":"https:\/\/www.catimerdivenleri.com\/tr\/wp-json\/wp\/v2\/product_cat?post=22844"},{"taxonomy":"product_tag","embeddable":true,"href":"https:\/\/www.catimerdivenleri.com\/tr\/wp-json\/wp\/v2\/product_tag?post=22844"}],"curies":[{"name":"wp","href":"https:\/\/api.w.org\/{rel}","templated":true}]}}