{"id":22839,"date":"2026-02-16T10:55:55","date_gmt":"2026-02-16T07:55:55","guid":{"rendered":"https:\/\/www.catimerdivenleri.com\/?post_type=product&#038;p=22839"},"modified":"2026-03-06T14:01:21","modified_gmt":"2026-03-06T11:01:21","slug":"ayturk-tip-19-omurgali-doner-merdiven-h280-300cm","status":"publish","type":"product","link":"https:\/\/www.catimerdivenleri.com\/tr\/urun\/ayturk-tip-19-omurgali-doner-merdiven-h280-300cm\/","title":{"rendered":"Ayt\u00fcrk Tip 19 Omurgal\u0131 D\u00f6ner Merdiven H:280-300CM"},"content":{"rendered":"<p><span style=\"color: #000000;\"><strong>Omurgal\u0131 d\u00f6ner merdivenler<\/strong> i\u00e7 mekanlarda kullan\u0131lan, estetik a\u00e7\u0131dan ho\u015f bir g\u00f6r\u00fcn\u00fcme sahip olan merdivenlerdir.<\/span><\/p>\n<p><span style=\"color: #000000;\"><strong>\u00dcr\u00fcn malzeme detay\u0131<\/strong><\/span><\/p>\n<p><span style=\"color: #000000;\">* Metal Omurgalar <strong>70 mm \u00e7ap\u0131nda 5 mm<\/strong> kal\u0131nl\u0131kta \u00e7elikten olup, k\u0131r\u0131lma ve \u00e7atlama olmaz. Y\u00fczeyi elektrostatik f\u0131r\u0131n boyal\u0131d\u0131r.<\/span><\/p>\n<p><span style=\"color: #000000;\">* Omurgal\u0131 merdivenin korkuluk boru \u00e7aplar\u0131 16mm ve 22mm et kal\u0131nl\u0131klar\u0131 ise 1.2mm\u2019dir.<\/span><\/p>\n<p><span style=\"color: #000000;\">* K\u00fcpe\u015fte ah\u015faplar\u0131 <strong>5x4cm 1.s\u0131n\u0131f kay\u0131n a\u011fac\u0131 naturel renktir.<\/strong><\/span><\/p>\n<p><span style=\"color: #000000;\">* Paket i\u00e7inde kurulum \u015fablonu bulunmaktad\u0131r.<\/span><\/p>\n<p><strong><span style=\"color: #000000;\">METAL RENK SE\u00c7ENEKLER\u0130: S\u0130YAH, BEYAZ , GR\u0130<\/span><\/strong><\/p>\n<p><span style=\"color: #000000;\"><strong>Not:<\/strong> Basamak malzemesi 38mm 1.s\u0131n\u0131f kay\u0131n a\u011fac\u0131, ve basamak rengi naturel renktir. \u00dcr\u00fcn\u00fcm\u00fczlerimiz 4 paket halinde sizlere teslim edilir. Bir binek araca s\u0131\u011far.<\/span><\/p>\n<p><span style=\"color: #000000;\">Yerinize montaj hizmeti vard\u0131r. \u00dcr\u00fcn fiyat\u0131ndan ayr\u0131 olarak fiyatland\u0131r\u0131l\u0131r. Bu i\u015flem i\u00e7in yerinizin alt kat ve \u00fcst kattan resimleri ,\u00f6l\u00e7\u00fcleri ve nerede ikamet ediyorsan\u0131z bildirmeniz gerekmektedir.\u00a0\u00a0<\/span><\/p>\n<p><img fetchpriority=\"high\" decoding=\"async\" class=\"alignnone size-full wp-image-22840\" src=\"https:\/\/www.catimerdivenleri.com\/wp-content\/uploads\/2026\/02\/19.png\" alt=\"\" width=\"540\" height=\"430\" \/><img decoding=\"async\" class=\"alignnone size-full wp-image-22837\" src=\"https:\/\/www.catimerdivenleri.com\/wp-content\/uploads\/2026\/02\/tip21.png\" alt=\"\" width=\"558\" height=\"445\" \/> <img decoding=\"async\" class=\"alignnone size-full wp-image-22841\" src=\"https:\/\/www.catimerdivenleri.com\/wp-content\/uploads\/2026\/02\/19-1.png\" alt=\"\" width=\"1024\" height=\"719\" \/><img loading=\"lazy\" decoding=\"async\" class=\"alignnone size-full wp-image-22842\" src=\"https:\/\/www.catimerdivenleri.com\/wp-content\/uploads\/2026\/02\/19-3.png\" alt=\"\" width=\"1024\" height=\"903\" \/><\/p>\n<p><iframe title=\"YouTube video player\" src=\"https:\/\/www.youtube.com\/embed\/UUvYU6PyT-I?si=Tq3TyN5_dLCHQwOL\" width=\"560\" height=\"315\" frameborder=\"0\" allowfullscreen=\"allowfullscreen\"><\/iframe><\/p>\n<p><span style=\"color: #000000;\">Detayl\u0131 bilgi almak ve hizmetlerimizden yararlanmak i\u00e7in bizimle <a style=\"color: #000000;\" href=\"https:\/\/www.catimerdivenleri.com\"><span style=\"color: #3366ff;\">hemen ileti\u015fime ge\u00e7in<\/span><\/a>.<\/span><\/p>","protected":false},"excerpt":{"rendered":"<p>Omurgal\u0131 d\u00f6ner merdivenler i\u00e7 mekanlarda kullan\u0131lan, estetik a\u00e7\u0131dan ho\u015f bir g\u00f6r\u00fcn\u00fcme sahip olan merdivenlerdir. \u00dcr\u00fcn malzeme detay\u0131 * Metal Omurgalar 70 mm \u00e7ap\u0131nda 5 mm kal\u0131nl\u0131kta \u00e7elikten olup, k\u0131r\u0131lma ve \u00e7atlama olmaz. Y\u00fczeyi elektrostatik f\u0131r\u0131n boyal\u0131d\u0131r. * Omurgal\u0131 merdivenin korkuluk boru \u00e7aplar\u0131 16mm ve 22mm et kal\u0131nl\u0131klar\u0131 ise 1.2mm\u2019dir. * K\u00fcpe\u015fte ah\u015faplar\u0131 5x4cm 1.s\u0131n\u0131f kay\u0131n [&hellip;]<\/p>\n","protected":false},"featured_media":23928,"template":"","meta":[],"product_brand":[],"product_cat":[72],"product_tag":[],"class_list":{"0":"post-22839","1":"product","2":"type-product","3":"status-publish","4":"has-post-thumbnail","6":"product_cat-ayturk-omurgali-merdiven","8":"first","9":"instock","10":"sale","11":"shipping-taxable","12":"purchasable","13":"product-type-simple"},"_links":{"self":[{"href":"https:\/\/www.catimerdivenleri.com\/tr\/wp-json\/wp\/v2\/product\/22839","targetHints":{"allow":["GET"]}}],"collection":[{"href":"https:\/\/www.catimerdivenleri.com\/tr\/wp-json\/wp\/v2\/product"}],"about":[{"href":"https:\/\/www.catimerdivenleri.com\/tr\/wp-json\/wp\/v2\/types\/product"}],"version-history":[{"count":3,"href":"https:\/\/www.catimerdivenleri.com\/tr\/wp-json\/wp\/v2\/product\/22839\/revisions"}],"predecessor-version":[{"id":23802,"href":"https:\/\/www.catimerdivenleri.com\/tr\/wp-json\/wp\/v2\/product\/22839\/revisions\/23802"}],"wp:featuredmedia":[{"embeddable":true,"href":"https:\/\/www.catimerdivenleri.com\/tr\/wp-json\/wp\/v2\/media\/23928"}],"wp:attachment":[{"href":"https:\/\/www.catimerdivenleri.com\/tr\/wp-json\/wp\/v2\/media?parent=22839"}],"wp:term":[{"taxonomy":"product_brand","embeddable":true,"href":"https:\/\/www.catimerdivenleri.com\/tr\/wp-json\/wp\/v2\/product_brand?post=22839"},{"taxonomy":"product_cat","embeddable":true,"href":"https:\/\/www.catimerdivenleri.com\/tr\/wp-json\/wp\/v2\/product_cat?post=22839"},{"taxonomy":"product_tag","embeddable":true,"href":"https:\/\/www.catimerdivenleri.com\/tr\/wp-json\/wp\/v2\/product_tag?post=22839"}],"curies":[{"name":"wp","href":"https:\/\/api.w.org\/{rel}","templated":true}]}}