{"id":22795,"date":"2026-02-16T10:31:12","date_gmt":"2026-02-16T07:31:12","guid":{"rendered":"https:\/\/www.catimerdivenleri.com\/?post_type=product&#038;p=22795"},"modified":"2026-03-06T14:11:15","modified_gmt":"2026-03-06T11:11:15","slug":"ayturk-paytak-doner-merdiven-70x135cm","status":"publish","type":"product","link":"https:\/\/www.catimerdivenleri.com\/tr\/urun\/ayturk-paytak-doner-merdiven-70x135cm\/","title":{"rendered":"Ayt\u00fcrk Paytak D\u00f6ner Merdiven 70x135CM"},"content":{"rendered":"<p><span style=\"color: #000000;\">Ayt\u00fcrk paytak d\u00f6ner merdiven modern tasar\u0131m\u0131 ve sa\u011flam yap\u0131s\u0131yla i\u00e7 mekanlar\u0131n\u0131zda estetik ve fonksiyonelli\u011fi bir araya getiriyor. Dayan\u0131kl\u0131 malzemelerden \u00fcretilen merdiven g\u00fcvenli kullan\u0131m sa\u011flayan basamaklar\u0131 ve ergonomik yap\u0131s\u0131yla kullan\u0131c\u0131 dostudur.<\/span><\/p>\n<p><span style=\"color: #000000;\">Kompakt yap\u0131s\u0131 sayesinde dar alanlarda bile pratik bir \u015fekilde kullan\u0131labilir. Estetik g\u00f6r\u00fcn\u00fcm\u00fc ve kaliteli i\u015f\u00e7ili\u011fi ile ev ve ofis dekorasyonuna \u015f\u0131kl\u0131k katar. Ayt\u00fcrk paytak d\u00f6ner merdiven uzun \u00f6m\u00fcrl\u00fc ve g\u00fcvenli \u00e7\u00f6z\u00fcm arayanlar i\u00e7in ideal bir tercihtir.<\/span><\/p>\n<p><span style=\"color: #000000;\">K\u00fc\u00e7\u00fck alan i\u00e7in harika bir merdiven<\/span><br \/>\n<span style=\"color: #000000;\">A\u011f\u0131rl\u0131\u011f\u0131; 130 kg.<\/span><br \/>\n<span style=\"color: #000000;\">Tavanda; min. 135cm x 70cm bo\u015fluk a\u00e7mak yeterli.<\/span><\/p>\n<p><span style=\"color: #000000;\"><img fetchpriority=\"high\" decoding=\"async\" class=\"alignnone size-full wp-image-22801\" src=\"https:\/\/www.catimerdivenleri.com\/wp-content\/uploads\/2026\/02\/pay-1024x425-1.png\" alt=\"\" width=\"1024\" height=\"425\" \/><\/span><\/p>\n<p><iframe title=\"YouTube video player\" src=\"https:\/\/www.youtube.com\/embed\/PPohbbVY16U?si=_NpF0R8VlMT6vZpY\" width=\"560\" height=\"315\" frameborder=\"0\" allowfullscreen=\"allowfullscreen\"><\/iframe><\/p>\n<p><iframe title=\"YouTube video player\" src=\"https:\/\/www.youtube.com\/embed\/FUotlTKhawI?si=X9QtRjyns1ZI_Zb3\" width=\"560\" height=\"315\" frameborder=\"0\" allowfullscreen=\"allowfullscreen\"><\/iframe><\/p>","protected":false},"excerpt":{"rendered":"<p>Ayt\u00fcrk paytak d\u00f6ner merdiven modern tasar\u0131m\u0131 ve sa\u011flam yap\u0131s\u0131yla i\u00e7 mekanlar\u0131n\u0131zda estetik ve fonksiyonelli\u011fi bir araya getiriyor. Dayan\u0131kl\u0131 malzemelerden \u00fcretilen merdiven g\u00fcvenli kullan\u0131m sa\u011flayan basamaklar\u0131 ve ergonomik yap\u0131s\u0131yla kullan\u0131c\u0131 dostudur. Kompakt yap\u0131s\u0131 sayesinde dar alanlarda bile pratik bir \u015fekilde kullan\u0131labilir. Estetik g\u00f6r\u00fcn\u00fcm\u00fc ve kaliteli i\u015f\u00e7ili\u011fi ile ev ve ofis dekorasyonuna \u015f\u0131kl\u0131k katar. Ayt\u00fcrk paytak d\u00f6ner [&hellip;]<\/p>\n","protected":false},"featured_media":23934,"template":"","meta":[],"product_brand":[],"product_cat":[77],"product_tag":[],"class_list":{"0":"post-22795","1":"product","2":"type-product","3":"status-publish","4":"has-post-thumbnail","6":"product_cat-ayturk-paytak-merdiven","8":"first","9":"instock","10":"sale","11":"shipping-taxable","12":"purchasable","13":"product-type-simple"},"_links":{"self":[{"href":"https:\/\/www.catimerdivenleri.com\/tr\/wp-json\/wp\/v2\/product\/22795","targetHints":{"allow":["GET"]}}],"collection":[{"href":"https:\/\/www.catimerdivenleri.com\/tr\/wp-json\/wp\/v2\/product"}],"about":[{"href":"https:\/\/www.catimerdivenleri.com\/tr\/wp-json\/wp\/v2\/types\/product"}],"version-history":[{"count":2,"href":"https:\/\/www.catimerdivenleri.com\/tr\/wp-json\/wp\/v2\/product\/22795\/revisions"}],"predecessor-version":[{"id":23662,"href":"https:\/\/www.catimerdivenleri.com\/tr\/wp-json\/wp\/v2\/product\/22795\/revisions\/23662"}],"wp:featuredmedia":[{"embeddable":true,"href":"https:\/\/www.catimerdivenleri.com\/tr\/wp-json\/wp\/v2\/media\/23934"}],"wp:attachment":[{"href":"https:\/\/www.catimerdivenleri.com\/tr\/wp-json\/wp\/v2\/media?parent=22795"}],"wp:term":[{"taxonomy":"product_brand","embeddable":true,"href":"https:\/\/www.catimerdivenleri.com\/tr\/wp-json\/wp\/v2\/product_brand?post=22795"},{"taxonomy":"product_cat","embeddable":true,"href":"https:\/\/www.catimerdivenleri.com\/tr\/wp-json\/wp\/v2\/product_cat?post=22795"},{"taxonomy":"product_tag","embeddable":true,"href":"https:\/\/www.catimerdivenleri.com\/tr\/wp-json\/wp\/v2\/product_tag?post=22795"}],"curies":[{"name":"wp","href":"https:\/\/api.w.org\/{rel}","templated":true}]}}