{"id":22773,"date":"2026-02-16T10:22:59","date_gmt":"2026-02-16T07:22:59","guid":{"rendered":"https:\/\/www.catimerdivenleri.com\/?post_type=product&#038;p=22773"},"modified":"2026-03-06T14:18:27","modified_gmt":"2026-03-06T11:18:27","slug":"ayturk-celik-merdiven-cap-160x160-h262-300cm","status":"publish","type":"product","link":"https:\/\/www.catimerdivenleri.com\/tr\/urun\/ayturk-celik-merdiven-cap-160x160-h262-300cm\/","title":{"rendered":"Ayt\u00fcrk \u00c7elik Merdiven \u2013 \u00c7AP 160X160 H:262-300CM"},"content":{"rendered":"<p><span class=\"style47\" style=\"color: #000000;\"><span class=\"style5\"><span class=\"style56\">H<\/span><span class=\"style20\">epsi bir arada eksiksiz -12 basamak+sahanl\u0131k, korkuluk, ah\u015fap basamak (masif kay\u0131n a\u011fac\u0131ndan), korkuluk donan\u0131m ve aksesuarlar dahildir.<\/span><\/span><\/span><\/p>\n<p><span class=\"style47\" style=\"color: #000000;\"><span class=\"style5\">\u2013 Merdiven y\u00fcksekli\u011fi 262 cm \/ 300 cm aras\u0131nda ayarlanabilir.<\/span><span class=\"style20\"><span class=\"style5\"><br \/>\n<\/span><\/span> <span class=\"style5\">\u2013 Basamaklar aras\u0131 y\u00fckseklikleri 202 mm ile 235 mm aras\u0131nda ayarlanabilir.<\/span><span class=\"style41\"><span class=\"style5\"><br \/>\n<\/span><\/span> <span class=\"style5\">\u2013 K\u00fcpe\u015fte \u00e7elik borudur ve birka\u00e7 par\u00e7al\u0131 olup \u00e7ap\u0131 40 mm\u2019dir.<\/span><span class=\"style41\"><span class=\"style5\"><br \/>\n<\/span><\/span> <span class=\"style5\">\u2013 Saat y\u00f6n\u00fcnde veya saat y\u00f6n\u00fcn\u00fcn tersine bir rotasyonda monte edilebilir.<\/span><\/span><\/p>\n<p><span style=\"color: #000000;\">-\u00dcst katta merdiven bo\u015flu\u011funun etraf\u0131 a\u00e7\u0131k ise buralara korkuluk yap\u0131lmal\u0131 bir metresi fiyat al\u0131n\u0131z.<\/span><\/p>\n<p><span style=\"color: #000000;\"><strong>Not: Tek renk siyaht\u0131r.<\/strong><\/span><\/p>\n<p><span style=\"color: #ff0000;\"><strong>Not:\u00a0 Yerinize montaj hizmeti vard\u0131r. \u00dcr\u00fcn fiyat\u0131ndan ayr\u0131 olarak fiyatland\u0131r\u0131l\u0131r .Bu i\u015flem i\u00e7in yerinizin alt kat ve \u00fcst kattan resimleri ,\u00f6l\u00e7\u00fcleri ve nerede ikamet ediyorsan\u0131z bildirmeniz gerekmektedir.<\/strong><\/span><\/p>\n<p><img fetchpriority=\"high\" decoding=\"async\" class=\"alignnone size-full wp-image-22774\" src=\"https:\/\/www.catimerdivenleri.com\/wp-content\/uploads\/2026\/02\/celik160-1024x517-1.png\" alt=\"\" width=\"1024\" height=\"517\" \/><\/p>\n<p><iframe title=\"YouTube video player\" src=\"https:\/\/www.youtube.com\/embed\/6OZHhq9o2BU?si=ngARNSDJHUOWn2nb\" width=\"560\" height=\"315\" frameborder=\"0\" allowfullscreen=\"allowfullscreen\"><\/iframe><\/p>","protected":false},"excerpt":{"rendered":"<p>Hepsi bir arada eksiksiz -12 basamak+sahanl\u0131k, korkuluk, ah\u015fap basamak (masif kay\u0131n a\u011fac\u0131ndan), korkuluk donan\u0131m ve aksesuarlar dahildir. \u2013 Merdiven y\u00fcksekli\u011fi 262 cm \/ 300 cm aras\u0131nda ayarlanabilir. \u2013 Basamaklar aras\u0131 y\u00fckseklikleri 202 mm ile 235 mm aras\u0131nda ayarlanabilir. \u2013 K\u00fcpe\u015fte \u00e7elik borudur ve birka\u00e7 par\u00e7al\u0131 olup \u00e7ap\u0131 40 mm\u2019dir. \u2013 Saat y\u00f6n\u00fcnde veya saat y\u00f6n\u00fcn\u00fcn [&hellip;]<\/p>\n","protected":false},"featured_media":23935,"template":"","meta":[],"product_brand":[],"product_cat":[76],"product_tag":[],"class_list":{"0":"post-22773","1":"product","2":"type-product","3":"status-publish","4":"has-post-thumbnail","6":"product_cat-ayturk-celik-merdiven","8":"first","9":"instock","10":"sale","11":"shipping-taxable","12":"purchasable","13":"product-type-simple"},"_links":{"self":[{"href":"https:\/\/www.catimerdivenleri.com\/tr\/wp-json\/wp\/v2\/product\/22773","targetHints":{"allow":["GET"]}}],"collection":[{"href":"https:\/\/www.catimerdivenleri.com\/tr\/wp-json\/wp\/v2\/product"}],"about":[{"href":"https:\/\/www.catimerdivenleri.com\/tr\/wp-json\/wp\/v2\/types\/product"}],"version-history":[{"count":4,"href":"https:\/\/www.catimerdivenleri.com\/tr\/wp-json\/wp\/v2\/product\/22773\/revisions"}],"predecessor-version":[{"id":23938,"href":"https:\/\/www.catimerdivenleri.com\/tr\/wp-json\/wp\/v2\/product\/22773\/revisions\/23938"}],"wp:featuredmedia":[{"embeddable":true,"href":"https:\/\/www.catimerdivenleri.com\/tr\/wp-json\/wp\/v2\/media\/23935"}],"wp:attachment":[{"href":"https:\/\/www.catimerdivenleri.com\/tr\/wp-json\/wp\/v2\/media?parent=22773"}],"wp:term":[{"taxonomy":"product_brand","embeddable":true,"href":"https:\/\/www.catimerdivenleri.com\/tr\/wp-json\/wp\/v2\/product_brand?post=22773"},{"taxonomy":"product_cat","embeddable":true,"href":"https:\/\/www.catimerdivenleri.com\/tr\/wp-json\/wp\/v2\/product_cat?post=22773"},{"taxonomy":"product_tag","embeddable":true,"href":"https:\/\/www.catimerdivenleri.com\/tr\/wp-json\/wp\/v2\/product_tag?post=22773"}],"curies":[{"name":"wp","href":"https:\/\/api.w.org\/{rel}","templated":true}]}}