{"id":22751,"date":"2026-02-16T10:13:18","date_gmt":"2026-02-16T07:13:18","guid":{"rendered":"https:\/\/www.catimerdivenleri.com\/?post_type=product&#038;p=22751"},"modified":"2026-03-06T14:25:50","modified_gmt":"2026-03-06T11:25:50","slug":"dis-mekan-doner-merdiveni-cap-160x160-h262-300cm","status":"publish","type":"product","link":"https:\/\/www.catimerdivenleri.com\/tr\/urun\/dis-mekan-doner-merdiveni-cap-160x160-h262-300cm\/","title":{"rendered":"D\u0131\u015f Mekan D\u00f6ner Merdiveni \u2013 \u00c7AP 160X160 H:262-300CM"},"content":{"rendered":"<p><span style=\"color: #000000;\">Yerinize montaj hizmeti vard\u0131r. \u00dcr\u00fcn fiyat\u0131ndan ayr\u0131 olarak fiyatland\u0131r\u0131l\u0131r. \u0130\u015flem i\u00e7in yerinizin alt kat ve \u00fcst kattan resimleri, \u00f6l\u00e7\u00fcleri ve nerede ikamet ediyorsan\u0131z bildirmeniz gerekmektedir.<\/span><\/p>\n<p><span style=\"color: #000000;\">\u2013 \u00dcst katta merdiven bo\u015flu\u011funun etraf\u0131 a\u00e7\u0131k ise buralara korkuluk yap\u0131lmal\u0131 bir metresi fiyat al\u0131n\u0131z.<\/span><\/p>\n<p><strong><span style=\"color: #000000;\">S\u0131cak Dald\u0131rma Galvanizli \u00c7elik D\u0131\u015f Mekan Merdiveni<\/span><\/strong><\/p>\n<p><span style=\"color: #000000;\">Her t\u00fcrl\u00fc hava \u015fartlar\u0131na kar\u015f\u0131 koruma i\u00e7in s\u0131cak dald\u0131rma galvaniz ile kaplanm\u0131\u015ft\u0131r,<\/span><\/p>\n<p><span style=\"color: #000000;\">Onlarca y\u0131l boya ve bak\u0131m gerekmeden kulanabilirsiniz.<\/span><\/p>\n<p><span style=\"color: #000000;\">Hepsi bir arada eksiksiz -12 basamak, sahanl\u0131k, korkuluk, korkuluk donan\u0131m ve aksesuarlar dahil,<\/span><\/p>\n<p><span style=\"color: #000000;\">Merdiven y\u00fcksekli\u011fi 262 cm \/ 300 cm aras\u0131nda ayarlanabilir.<\/span><\/p>\n<p><span style=\"color: #000000;\">Basamaklar aras\u0131 y\u00fckseklikleri 202 mm ile 235 mm aras\u0131nda ayarlanabilir.<\/span><\/p>\n<p><span style=\"color: #000000;\">K\u00fcpe\u015fte paslanmaz \u00e7eliktir ve birka\u00e7 par\u00e7al\u0131 olup \u00e7ap\u0131 38 mmdir.<\/span><\/p>\n<p><span style=\"color: #000000;\">Saat y\u00f6n\u00fcnde veya saat y\u00f6n\u00fcn\u00fcn tersine bir rotasyonda monte edilebilir.<\/span><\/p>\n<p><span style=\"color: #000000;\"><strong>TEKN\u0130K \u00d6ZELL\u0130KLER:<\/strong><\/span><\/p>\n<p><span style=\"color: #000000;\">Merdiven mod\u00fcler bir kit Merdivendir ve montaj\u0131 kolayd\u0131r.<\/span><\/p>\n<p><span style=\"color: #000000;\"><strong>Merdivenin ana bile\u015fenleri:<\/strong><\/span><\/p>\n<p><span style=\"color: #000000;\">&#8211; Birka\u00e7 par\u00e7aya ayr\u0131lm\u0131\u015f merkez destek borusu;<\/span><\/p>\n<p><span style=\"color: #000000;\">&#8211; Her Basamak i\u00e7in merkez s\u00fctunlar<\/span><\/p>\n<p><span style=\"color: #000000;\">&#8211; Basamaklar ve \u00fczerinde K\u00fcpe\u015fte ve Korkuluk;<\/span><\/p>\n<p><span style=\"color: #000000;\">&#8211; Sahanl\u0131k ve \u00fczerinde K\u00fcpe\u015fte ve Korkuluk;<\/span><\/p>\n<p><span style=\"color: #000000;\">&#8211; Somun ve civatalar;<\/span><\/p>\n<p><span style=\"color: #000000;\">&#8211; Montaj k\u0131lavuzu<\/span><\/p>\n<p><span style=\"color: #000000;\"><img fetchpriority=\"high\" decoding=\"async\" class=\"alignnone size-full wp-image-22752\" src=\"https:\/\/www.catimerdivenleri.com\/wp-content\/uploads\/2026\/02\/discap160.png\" alt=\"\" width=\"1024\" height=\"416\" \/><\/span><\/p>\n<p><span style=\"color: #000000;\">Alan\u0131nda uzman kadromuzdan bilgi almak ve hizmetlerimizi ke\u015ffetmek i\u00e7in <span style=\"color: #3366ff;\"><a style=\"color: #3366ff;\" href=\"https:\/\/www.catimerdivenleri.com\">\u015fimdi ileti\u015fime ge\u00e7in<\/a><\/span>.<\/span><\/p>","protected":false},"excerpt":{"rendered":"<p>Yerinize montaj hizmeti vard\u0131r. \u00dcr\u00fcn fiyat\u0131ndan ayr\u0131 olarak fiyatland\u0131r\u0131l\u0131r. \u0130\u015flem i\u00e7in yerinizin alt kat ve \u00fcst kattan resimleri, \u00f6l\u00e7\u00fcleri ve nerede ikamet ediyorsan\u0131z bildirmeniz gerekmektedir. \u2013 \u00dcst katta merdiven bo\u015flu\u011funun etraf\u0131 a\u00e7\u0131k ise buralara korkuluk yap\u0131lmal\u0131 bir metresi fiyat al\u0131n\u0131z. S\u0131cak Dald\u0131rma Galvanizli \u00c7elik D\u0131\u015f Mekan Merdiveni Her t\u00fcrl\u00fc hava \u015fartlar\u0131na kar\u015f\u0131 koruma i\u00e7in s\u0131cak [&hellip;]<\/p>\n","protected":false},"featured_media":23940,"template":"","meta":[],"product_brand":[],"product_cat":[75],"product_tag":[],"class_list":{"0":"post-22751","1":"product","2":"type-product","3":"status-publish","4":"has-post-thumbnail","6":"product_cat-dis-mekan-doner-merdiveni","8":"first","9":"instock","10":"sale","11":"shipping-taxable","12":"purchasable","13":"product-type-simple"},"_links":{"self":[{"href":"https:\/\/www.catimerdivenleri.com\/tr\/wp-json\/wp\/v2\/product\/22751","targetHints":{"allow":["GET"]}}],"collection":[{"href":"https:\/\/www.catimerdivenleri.com\/tr\/wp-json\/wp\/v2\/product"}],"about":[{"href":"https:\/\/www.catimerdivenleri.com\/tr\/wp-json\/wp\/v2\/types\/product"}],"version-history":[{"count":5,"href":"https:\/\/www.catimerdivenleri.com\/tr\/wp-json\/wp\/v2\/product\/22751\/revisions"}],"predecessor-version":[{"id":23653,"href":"https:\/\/www.catimerdivenleri.com\/tr\/wp-json\/wp\/v2\/product\/22751\/revisions\/23653"}],"wp:featuredmedia":[{"embeddable":true,"href":"https:\/\/www.catimerdivenleri.com\/tr\/wp-json\/wp\/v2\/media\/23940"}],"wp:attachment":[{"href":"https:\/\/www.catimerdivenleri.com\/tr\/wp-json\/wp\/v2\/media?parent=22751"}],"wp:term":[{"taxonomy":"product_brand","embeddable":true,"href":"https:\/\/www.catimerdivenleri.com\/tr\/wp-json\/wp\/v2\/product_brand?post=22751"},{"taxonomy":"product_cat","embeddable":true,"href":"https:\/\/www.catimerdivenleri.com\/tr\/wp-json\/wp\/v2\/product_cat?post=22751"},{"taxonomy":"product_tag","embeddable":true,"href":"https:\/\/www.catimerdivenleri.com\/tr\/wp-json\/wp\/v2\/product_tag?post=22751"}],"curies":[{"name":"wp","href":"https:\/\/api.w.org\/{rel}","templated":true}]}}