{"id":24084,"date":"2026-03-18T15:15:17","date_gmt":"2026-03-18T12:15:17","guid":{"rendered":"https:\/\/www.catimerdivenleri.com\/?page_id=24084"},"modified":"2026-03-18T15:23:47","modified_gmt":"2026-03-18T12:23:47","slug":"cati-cikis-kapaklari","status":"publish","type":"page","link":"https:\/\/www.catimerdivenleri.com\/tr\/cati-cikis-kapaklari\/","title":{"rendered":"\u00c7at\u0131 \u00c7\u0131k\u0131\u015f Kapaklar\u0131"},"content":{"rendered":"<div data-elementor-type=\"wp-page\" data-elementor-id=\"24084\" class=\"elementor elementor-24084\" data-elementor-post-type=\"page\">\n\t\t\t\t\t\t<section class=\"elementor-section elementor-top-section elementor-element elementor-element-3a54005 elementor-section-boxed elementor-section-height-default elementor-section-height-default\" data-id=\"3a54005\" data-element_type=\"section\" data-e-type=\"section\">\n\t\t\t\t\t\t<div class=\"elementor-container elementor-column-gap-default\">\n\t\t\t\t\t<div class=\"elementor-column elementor-col-50 elementor-top-column elementor-element elementor-element-988209d\" data-id=\"988209d\" data-element_type=\"column\" data-e-type=\"column\">\n\t\t\t<div class=\"elementor-widget-wrap elementor-element-populated\">\n\t\t\t\t\t\t<div class=\"elementor-element elementor-element-2114272 elementor-widget elementor-widget-image\" data-id=\"2114272\" data-element_type=\"widget\" data-e-type=\"widget\" data-widget_type=\"image.default\">\n\t\t\t\t<div class=\"elementor-widget-container\">\n\t\t\t\t\t\t\t\t\t\t\t\t\t\t\t\t<a href=\"https:\/\/www.catimerdivenleri.com\/urunler\/cati-kapaklari\/\">\n\t\t\t\t\t\t\t<img decoding=\"async\" src=\"https:\/\/www.catimerdivenleri.com\/wp-content\/uploads\/elementor\/thumbs\/cati-cikis-kapagi-rja9vlwfgr1i9l19kzpw60fc4mjpp8cnbx694bcqcw.jpg\" title=\"cati-cikis-kapagi\" alt=\"cati-cikis-kapagi\" loading=\"lazy\" \/>\t\t\t\t\t\t\t\t<\/a>\n\t\t\t\t\t\t\t\t\t\t\t\t\t\t\t<\/div>\n\t\t\t\t<\/div>\n\t\t\t\t<div class=\"elementor-element elementor-element-d9af516 elementor-button-info elementor-align-center elementor-mobile-align-justify elementor-invisible elementor-widget elementor-widget-button\" data-id=\"d9af516\" data-element_type=\"widget\" data-e-type=\"widget\" data-settings=\"{&quot;_animation&quot;:&quot;fadeIn&quot;}\" data-widget_type=\"button.default\">\n\t\t\t\t<div class=\"elementor-widget-container\">\n\t\t\t\t\t\t\t\t\t<div class=\"elementor-button-wrapper\">\n\t\t\t\t\t<a class=\"elementor-button elementor-button-link elementor-size-sm\" href=\"https:\/\/www.catimerdivenleri.com\/urunler\/cati-kapaklari\/\">\n\t\t\t\t\t\t<span class=\"elementor-button-content-wrapper\">\n\t\t\t\t\t\t\t\t\t<span class=\"elementor-button-text\">\u00c7at\u0131 \u00c7\u0131k\u0131\u015f Kapaklar\u0131 - Boyutlar\u0131 ve fiyatlar\u0131 g\u00f6rmek i\u00e7in t\u0131klay\u0131n\u0131z.<\/span>\n\t\t\t\t\t<\/span>\n\t\t\t\t\t<\/a>\n\t\t\t\t<\/div>\n\t\t\t\t\t\t\t\t<\/div>\n\t\t\t\t<\/div>\n\t\t\t\t\t<\/div>\n\t\t<\/div>\n\t\t\t\t<div class=\"elementor-column elementor-col-50 elementor-top-column elementor-element elementor-element-b2e5c7e\" data-id=\"b2e5c7e\" data-element_type=\"column\" data-e-type=\"column\">\n\t\t\t<div class=\"elementor-widget-wrap elementor-element-populated\">\n\t\t\t\t\t\t<div class=\"elementor-element elementor-element-356a1a2 elementor-widget elementor-widget-image\" data-id=\"356a1a2\" data-element_type=\"widget\" data-e-type=\"widget\" data-widget_type=\"image.default\">\n\t\t\t\t<div class=\"elementor-widget-container\">\n\t\t\t\t\t\t\t\t\t\t\t\t\t\t\t\t<a href=\"https:\/\/www.catimerdivenleri.com\/urunler\/kubbeli-havalandirma-kapaklari\/\">\n\t\t\t\t\t\t\t<img decoding=\"async\" src=\"https:\/\/www.catimerdivenleri.com\/wp-content\/uploads\/elementor\/thumbs\/havalandirma-kapak-rj8nzk2imi4su08gz5e2uwxlbmkhg8tastsdshea28.jpg\" title=\"havalandirma-kapak\" alt=\"havalandirma-kapak\" loading=\"lazy\" \/>\t\t\t\t\t\t\t\t<\/a>\n\t\t\t\t\t\t\t\t\t\t\t\t\t\t\t<\/div>\n\t\t\t\t<\/div>\n\t\t\t\t<div class=\"elementor-element elementor-element-766ac45 elementor-button-info elementor-align-center elementor-mobile-align-justify elementor-invisible elementor-widget elementor-widget-button\" data-id=\"766ac45\" data-element_type=\"widget\" data-e-type=\"widget\" data-settings=\"{&quot;_animation&quot;:&quot;fadeIn&quot;}\" data-widget_type=\"button.default\">\n\t\t\t\t<div class=\"elementor-widget-container\">\n\t\t\t\t\t\t\t\t\t<div class=\"elementor-button-wrapper\">\n\t\t\t\t\t<a class=\"elementor-button elementor-button-link elementor-size-sm\" href=\"https:\/\/www.catimerdivenleri.com\/urunler\/kubbeli-havalandirma-kapaklari\/\">\n\t\t\t\t\t\t<span class=\"elementor-button-content-wrapper\">\n\t\t\t\t\t\t\t\t\t<span class=\"elementor-button-text\">Havaland\u0131rma Kapaklar\u0131 - Boyutlar\u0131 ve fiyatlar\u0131 g\u00f6rmek i\u00e7in t\u0131klay\u0131n\u0131z.<\/span>\n\t\t\t\t\t<\/span>\n\t\t\t\t\t<\/a>\n\t\t\t\t<\/div>\n\t\t\t\t\t\t\t\t<\/div>\n\t\t\t\t<\/div>\n\t\t\t\t\t<\/div>\n\t\t<\/div>\n\t\t\t\t\t<\/div>\n\t\t<\/section>\n\t\t\t\t<\/div>","protected":false},"excerpt":{"rendered":"<p>\u00c7at\u0131 \u00c7\u0131k\u0131\u015f Kapaklar\u0131 &#8211; Boyutlar\u0131 ve fiyatlar\u0131 g\u00f6rmek i\u00e7in t\u0131klay\u0131n\u0131z. Havaland\u0131rma Kapaklar\u0131 &#8211; Boyutlar\u0131 ve fiyatlar\u0131 g\u00f6rmek i\u00e7in t\u0131klay\u0131n\u0131z.<\/p>","protected":false},"author":1,"featured_media":0,"parent":0,"menu_order":0,"comment_status":"closed","ping_status":"closed","template":"","meta":{"footnotes":""},"class_list":["post-24084","page","type-page","status-publish","hentry"],"_links":{"self":[{"href":"https:\/\/www.catimerdivenleri.com\/tr\/wp-json\/wp\/v2\/pages\/24084","targetHints":{"allow":["GET"]}}],"collection":[{"href":"https:\/\/www.catimerdivenleri.com\/tr\/wp-json\/wp\/v2\/pages"}],"about":[{"href":"https:\/\/www.catimerdivenleri.com\/tr\/wp-json\/wp\/v2\/types\/page"}],"author":[{"embeddable":true,"href":"https:\/\/www.catimerdivenleri.com\/tr\/wp-json\/wp\/v2\/users\/1"}],"replies":[{"embeddable":true,"href":"https:\/\/www.catimerdivenleri.com\/tr\/wp-json\/wp\/v2\/comments?post=24084"}],"version-history":[{"count":4,"href":"https:\/\/www.catimerdivenleri.com\/tr\/wp-json\/wp\/v2\/pages\/24084\/revisions"}],"predecessor-version":[{"id":24096,"href":"https:\/\/www.catimerdivenleri.com\/tr\/wp-json\/wp\/v2\/pages\/24084\/revisions\/24096"}],"wp:attachment":[{"href":"https:\/\/www.catimerdivenleri.com\/tr\/wp-json\/wp\/v2\/media?parent=24084"}],"curies":[{"name":"wp","href":"https:\/\/api.w.org\/{rel}","templated":true}]}}