{"id":24059,"date":"2026-03-18T13:19:58","date_gmt":"2026-03-18T10:19:58","guid":{"rendered":"https:\/\/www.catimerdivenleri.com\/?page_id=24059"},"modified":"2026-03-18T15:18:19","modified_gmt":"2026-03-18T12:18:19","slug":"pencere","status":"publish","type":"page","link":"https:\/\/www.catimerdivenleri.com\/tr\/pencere\/","title":{"rendered":"Pencere"},"content":{"rendered":"<div data-elementor-type=\"wp-page\" data-elementor-id=\"24059\" class=\"elementor elementor-24059\" data-elementor-post-type=\"page\">\n\t\t\t\t\t\t<section class=\"elementor-section elementor-top-section elementor-element elementor-element-903a33f elementor-section-boxed elementor-section-height-default elementor-section-height-default\" data-id=\"903a33f\" data-element_type=\"section\" data-e-type=\"section\">\n\t\t\t\t\t\t<div class=\"elementor-container elementor-column-gap-default\">\n\t\t\t\t\t<div class=\"elementor-column elementor-col-50 elementor-top-column elementor-element elementor-element-65bad7c\" data-id=\"65bad7c\" data-element_type=\"column\" data-e-type=\"column\">\n\t\t\t<div class=\"elementor-widget-wrap elementor-element-populated\">\n\t\t\t\t\t\t<div class=\"elementor-element elementor-element-e4013e9 elementor-widget elementor-widget-image\" data-id=\"e4013e9\" data-element_type=\"widget\" data-e-type=\"widget\" data-widget_type=\"image.default\">\n\t\t\t\t<div class=\"elementor-widget-container\">\n\t\t\t\t\t\t\t\t\t\t\t\t\t\t\t\t<a href=\"https:\/\/www.catimerdivenleri.com\/urunler\/cati-penceresi-modelleri\/\">\n\t\t\t\t\t\t\t<img decoding=\"async\" src=\"https:\/\/www.catimerdivenleri.com\/wp-content\/uploads\/elementor\/thumbs\/catipenceremodelleri-rja8oyxzgao9mcyvk284k9rm2epbji2z4vucfgkmls.jpg\" title=\"catipenceremodelleri\" alt=\"catipenceremodelleri\" loading=\"lazy\" \/>\t\t\t\t\t\t\t\t<\/a>\n\t\t\t\t\t\t\t\t\t\t\t\t\t\t\t<\/div>\n\t\t\t\t<\/div>\n\t\t\t\t<div class=\"elementor-element elementor-element-dc72d99 elementor-button-info elementor-align-center elementor-mobile-align-justify elementor-invisible elementor-widget elementor-widget-button\" data-id=\"dc72d99\" data-element_type=\"widget\" data-e-type=\"widget\" data-settings=\"{&quot;_animation&quot;:&quot;fadeIn&quot;}\" data-widget_type=\"button.default\">\n\t\t\t\t<div class=\"elementor-widget-container\">\n\t\t\t\t\t\t\t\t\t<div class=\"elementor-button-wrapper\">\n\t\t\t\t\t<a class=\"elementor-button elementor-button-link elementor-size-sm\" href=\"https:\/\/www.catimerdivenleri.com\/urunler\/cati-penceresi-modelleri\/\">\n\t\t\t\t\t\t<span class=\"elementor-button-content-wrapper\">\n\t\t\t\t\t\t\t\t\t<span class=\"elementor-button-text\">\u00c7at\u0131 Penceresi Modelleri - Boyutlar\u0131 ve fiyatlar\u0131 g\u00f6rmek i\u00e7in t\u0131klay\u0131n\u0131z.<\/span>\n\t\t\t\t\t<\/span>\n\t\t\t\t\t<\/a>\n\t\t\t\t<\/div>\n\t\t\t\t\t\t\t\t<\/div>\n\t\t\t\t<\/div>\n\t\t\t\t<div class=\"elementor-element elementor-element-2364971 elementor-widget elementor-widget-image\" data-id=\"2364971\" data-element_type=\"widget\" data-e-type=\"widget\" data-widget_type=\"image.default\">\n\t\t\t\t<div class=\"elementor-widget-container\">\n\t\t\t\t\t\t\t\t\t\t\t\t\t\t\t\t<a href=\"https:\/\/www.catimerdivenleri.com\/urunler\/cati-penceresi-motoru\/\">\n\t\t\t\t\t\t\t<img decoding=\"async\" src=\"https:\/\/www.catimerdivenleri.com\/wp-content\/uploads\/elementor\/thumbs\/pencere-motoru-rj8p49gwl7utm33wa8tgc557fbxpsdeu2aucyv1ils.jpg\" title=\"pencere-motoru\" alt=\"pencere-motoru\" loading=\"lazy\" \/>\t\t\t\t\t\t\t\t<\/a>\n\t\t\t\t\t\t\t\t\t\t\t\t\t\t\t<\/div>\n\t\t\t\t<\/div>\n\t\t\t\t<div class=\"elementor-element elementor-element-cf109f6 elementor-button-info elementor-align-center elementor-mobile-align-justify elementor-invisible elementor-widget elementor-widget-button\" data-id=\"cf109f6\" data-element_type=\"widget\" data-e-type=\"widget\" data-settings=\"{&quot;_animation&quot;:&quot;fadeIn&quot;}\" data-widget_type=\"button.default\">\n\t\t\t\t<div class=\"elementor-widget-container\">\n\t\t\t\t\t\t\t\t\t<div class=\"elementor-button-wrapper\">\n\t\t\t\t\t<a class=\"elementor-button elementor-button-link elementor-size-sm\" href=\"https:\/\/www.catimerdivenleri.com\/urunler\/cati-penceresi-motoru\/\">\n\t\t\t\t\t\t<span class=\"elementor-button-content-wrapper\">\n\t\t\t\t\t\t\t\t\t<span class=\"elementor-button-text\">\u00c7at\u0131 Penceresi Motoru - Boyutlar\u0131 ve fiyatlar\u0131 g\u00f6rmek i\u00e7in t\u0131klay\u0131n\u0131z.<\/span>\n\t\t\t\t\t<\/span>\n\t\t\t\t\t<\/a>\n\t\t\t\t<\/div>\n\t\t\t\t\t\t\t\t<\/div>\n\t\t\t\t<\/div>\n\t\t\t\t\t<\/div>\n\t\t<\/div>\n\t\t\t\t<div class=\"elementor-column elementor-col-50 elementor-top-column elementor-element elementor-element-7db6d9a\" data-id=\"7db6d9a\" data-element_type=\"column\" data-e-type=\"column\">\n\t\t\t<div class=\"elementor-widget-wrap elementor-element-populated\">\n\t\t\t\t\t\t<div class=\"elementor-element elementor-element-15fd6e2 elementor-widget elementor-widget-image\" data-id=\"15fd6e2\" data-element_type=\"widget\" data-e-type=\"widget\" data-widget_type=\"image.default\">\n\t\t\t\t<div class=\"elementor-widget-container\">\n\t\t\t\t\t\t\t\t\t\t\t\t\t\t\t\t<a href=\"https:\/\/www.catimerdivenleri.com\/urunler\/cati-penceresi-perdesi\/\">\n\t\t\t\t\t\t\t<img decoding=\"async\" src=\"https:\/\/www.catimerdivenleri.com\/wp-content\/uploads\/elementor\/thumbs\/perde-rj8p3aovkcj7oiiexbs99vx5g2p4vkkrlipe7mh300.jpg\" title=\"perde\" alt=\"perde\" loading=\"lazy\" \/>\t\t\t\t\t\t\t\t<\/a>\n\t\t\t\t\t\t\t\t\t\t\t\t\t\t\t<\/div>\n\t\t\t\t<\/div>\n\t\t\t\t<div class=\"elementor-element elementor-element-83dbff6 elementor-button-info elementor-align-center elementor-mobile-align-justify elementor-invisible elementor-widget elementor-widget-button\" data-id=\"83dbff6\" data-element_type=\"widget\" data-e-type=\"widget\" data-settings=\"{&quot;_animation&quot;:&quot;fadeIn&quot;}\" data-widget_type=\"button.default\">\n\t\t\t\t<div class=\"elementor-widget-container\">\n\t\t\t\t\t\t\t\t\t<div class=\"elementor-button-wrapper\">\n\t\t\t\t\t<a class=\"elementor-button elementor-button-link elementor-size-sm\" href=\"https:\/\/www.catimerdivenleri.com\/urunler\/cati-penceresi-perdesi\/\">\n\t\t\t\t\t\t<span class=\"elementor-button-content-wrapper\">\n\t\t\t\t\t\t\t\t\t<span class=\"elementor-button-text\">\u00c7at\u0131 Penceresi Perdesi - Boyutlar\u0131 ve fiyatlar\u0131 g\u00f6rmek i\u00e7in t\u0131klay\u0131n\u0131z.<\/span>\n\t\t\t\t\t<\/span>\n\t\t\t\t\t<\/a>\n\t\t\t\t<\/div>\n\t\t\t\t\t\t\t\t<\/div>\n\t\t\t\t<\/div>\n\t\t\t\t\t<\/div>\n\t\t<\/div>\n\t\t\t\t\t<\/div>\n\t\t<\/section>\n\t\t\t\t<\/div>","protected":false},"excerpt":{"rendered":"<p>\u00c7at\u0131 Penceresi Modelleri &#8211; Boyutlar\u0131 ve fiyatlar\u0131 g\u00f6rmek i\u00e7in t\u0131klay\u0131n\u0131z. \u00c7at\u0131 Penceresi Motoru &#8211; Boyutlar\u0131 ve fiyatlar\u0131 g\u00f6rmek i\u00e7in t\u0131klay\u0131n\u0131z. \u00c7at\u0131 Penceresi Perdesi &#8211; Boyutlar\u0131 ve fiyatlar\u0131 g\u00f6rmek i\u00e7in t\u0131klay\u0131n\u0131z.<\/p>","protected":false},"author":1,"featured_media":0,"parent":0,"menu_order":0,"comment_status":"closed","ping_status":"closed","template":"","meta":{"footnotes":""},"class_list":["post-24059","page","type-page","status-publish","hentry"],"_links":{"self":[{"href":"https:\/\/www.catimerdivenleri.com\/tr\/wp-json\/wp\/v2\/pages\/24059","targetHints":{"allow":["GET"]}}],"collection":[{"href":"https:\/\/www.catimerdivenleri.com\/tr\/wp-json\/wp\/v2\/pages"}],"about":[{"href":"https:\/\/www.catimerdivenleri.com\/tr\/wp-json\/wp\/v2\/types\/page"}],"author":[{"embeddable":true,"href":"https:\/\/www.catimerdivenleri.com\/tr\/wp-json\/wp\/v2\/users\/1"}],"replies":[{"embeddable":true,"href":"https:\/\/www.catimerdivenleri.com\/tr\/wp-json\/wp\/v2\/comments?post=24059"}],"version-history":[{"count":16,"href":"https:\/\/www.catimerdivenleri.com\/tr\/wp-json\/wp\/v2\/pages\/24059\/revisions"}],"predecessor-version":[{"id":24092,"href":"https:\/\/www.catimerdivenleri.com\/tr\/wp-json\/wp\/v2\/pages\/24059\/revisions\/24092"}],"wp:attachment":[{"href":"https:\/\/www.catimerdivenleri.com\/tr\/wp-json\/wp\/v2\/media?parent=24059"}],"curies":[{"name":"wp","href":"https:\/\/api.w.org\/{rel}","templated":true}]}}