{"id":24053,"date":"2026-03-18T13:11:16","date_gmt":"2026-03-18T10:11:16","guid":{"rendered":"https:\/\/www.catimerdivenleri.com\/?page_id=24053"},"modified":"2026-03-18T13:15:46","modified_gmt":"2026-03-18T10:15:46","slug":"doner-merdivenler","status":"publish","type":"page","link":"https:\/\/www.catimerdivenleri.com\/tr\/doner-merdivenler\/","title":{"rendered":"D\u00f6ner Merdivenler"},"content":{"rendered":"<div data-elementor-type=\"wp-page\" data-elementor-id=\"24053\" class=\"elementor elementor-24053\" data-elementor-post-type=\"page\">\n\t\t\t\t\t\t<section class=\"elementor-section elementor-top-section elementor-element elementor-element-3ab8057 elementor-section-boxed elementor-section-height-default elementor-section-height-default\" data-id=\"3ab8057\" data-element_type=\"section\" data-e-type=\"section\">\n\t\t\t\t\t\t<div class=\"elementor-container elementor-column-gap-default\">\n\t\t\t\t\t<div class=\"elementor-column elementor-col-50 elementor-top-column elementor-element elementor-element-7be4a9e\" data-id=\"7be4a9e\" data-element_type=\"column\" data-e-type=\"column\">\n\t\t\t<div class=\"elementor-widget-wrap elementor-element-populated\">\n\t\t\t\t\t\t<div class=\"elementor-element elementor-element-c2f530c elementor-widget elementor-widget-image\" data-id=\"c2f530c\" data-element_type=\"widget\" data-e-type=\"widget\" data-widget_type=\"image.default\">\n\t\t\t\t<div class=\"elementor-widget-container\">\n\t\t\t\t\t\t\t\t\t\t\t\t\t\t\t\t<a href=\"https:\/\/www.catimerdivenleri.com\/urunler\/ayturk-papatya-celik-merdiven\/\">\n\t\t\t\t\t\t\t<img decoding=\"async\" src=\"https:\/\/www.catimerdivenleri.com\/wp-content\/uploads\/elementor\/thumbs\/celikpapatya-rj8e4p20h6crppow49bk0ynvrtmwhx1dofc8ctjx4g.jpg\" title=\"celikpapatya\" alt=\"celikpapatya\" loading=\"lazy\" \/>\t\t\t\t\t\t\t\t<\/a>\n\t\t\t\t\t\t\t\t\t\t\t\t\t\t\t<\/div>\n\t\t\t\t<\/div>\n\t\t\t\t<div class=\"elementor-element elementor-element-29d5f85 elementor-button-info elementor-align-center elementor-mobile-align-justify elementor-invisible elementor-widget elementor-widget-button\" data-id=\"29d5f85\" data-element_type=\"widget\" data-e-type=\"widget\" data-settings=\"{&quot;_animation&quot;:&quot;fadeIn&quot;}\" data-widget_type=\"button.default\">\n\t\t\t\t<div class=\"elementor-widget-container\">\n\t\t\t\t\t\t\t\t\t<div class=\"elementor-button-wrapper\">\n\t\t\t\t\t<a class=\"elementor-button elementor-button-link elementor-size-sm\" href=\"https:\/\/www.catimerdivenleri.com\/urunler\/ayturk-papatya-celik-merdiven\/\">\n\t\t\t\t\t\t<span class=\"elementor-button-content-wrapper\">\n\t\t\t\t\t\t\t\t\t<span class=\"elementor-button-text\">Ayt\u00fcrk Papatya \u00c7elik Merdiven - Boyutlar\u0131 ve fiyatlar\u0131 g\u00f6rmek i\u00e7in t\u0131klay\u0131n\u0131z.<\/span>\n\t\t\t\t\t<\/span>\n\t\t\t\t\t<\/a>\n\t\t\t\t<\/div>\n\t\t\t\t\t\t\t\t<\/div>\n\t\t\t\t<\/div>\n\t\t\t\t<div class=\"elementor-element elementor-element-bacb777 elementor-widget elementor-widget-image\" data-id=\"bacb777\" data-element_type=\"widget\" data-e-type=\"widget\" data-widget_type=\"image.default\">\n\t\t\t\t<div class=\"elementor-widget-container\">\n\t\t\t\t\t\t\t\t\t\t\t\t\t\t\t\t<a href=\"https:\/\/www.catimerdivenleri.com\/urunler\/ayturk-doner-merdiven\/\">\n\t\t\t\t\t\t\t<img decoding=\"async\" src=\"https:\/\/www.catimerdivenleri.com\/wp-content\/uploads\/elementor\/thumbs\/grimerdiven1-rj8b578gw979z3u0takidl764hgr81agkdi7kmxqpc.jpg\" title=\"grimerdiven1\" alt=\"grimerdiven1\" loading=\"lazy\" \/>\t\t\t\t\t\t\t\t<\/a>\n\t\t\t\t\t\t\t\t\t\t\t\t\t\t\t<\/div>\n\t\t\t\t<\/div>\n\t\t\t\t<div class=\"elementor-element elementor-element-6853680 elementor-button-info elementor-align-center elementor-mobile-align-justify elementor-invisible elementor-widget elementor-widget-button\" data-id=\"6853680\" data-element_type=\"widget\" data-e-type=\"widget\" data-settings=\"{&quot;_animation&quot;:&quot;fadeIn&quot;}\" data-widget_type=\"button.default\">\n\t\t\t\t<div class=\"elementor-widget-container\">\n\t\t\t\t\t\t\t\t\t<div class=\"elementor-button-wrapper\">\n\t\t\t\t\t<a class=\"elementor-button elementor-button-link elementor-size-sm\" href=\"https:\/\/www.catimerdivenleri.com\/urunler\/ayturk-doner-merdiven\/\">\n\t\t\t\t\t\t<span class=\"elementor-button-content-wrapper\">\n\t\t\t\t\t\t\t\t\t<span class=\"elementor-button-text\">Ayt\u00fcrk D\u00f6ner Merdiven Modelleri - Boyutlar\u0131 ve fiyatlar\u0131 g\u00f6rmek i\u00e7in t\u0131klay\u0131n\u0131z.<\/span>\n\t\t\t\t\t<\/span>\n\t\t\t\t\t<\/a>\n\t\t\t\t<\/div>\n\t\t\t\t\t\t\t\t<\/div>\n\t\t\t\t<\/div>\n\t\t\t\t<div class=\"elementor-element elementor-element-eee194e elementor-widget elementor-widget-image\" data-id=\"eee194e\" data-element_type=\"widget\" data-e-type=\"widget\" data-widget_type=\"image.default\">\n\t\t\t\t<div class=\"elementor-widget-container\">\n\t\t\t\t\t\t\t\t\t\t\t\t\t\t\t\t<a href=\"https:\/\/www.catimerdivenleri.com\/urunler\/ayturk-paytak-merdiven\/\">\n\t\t\t\t\t\t\t<img decoding=\"async\" src=\"https:\/\/www.catimerdivenleri.com\/wp-content\/uploads\/elementor\/thumbs\/paytak-rj899xw7v14n7lj5k7xjyk7rvwz8fq9wngzfbunvxs.png\" title=\"paytak\" alt=\"paytak\" loading=\"lazy\" \/>\t\t\t\t\t\t\t\t<\/a>\n\t\t\t\t\t\t\t\t\t\t\t\t\t\t\t<\/div>\n\t\t\t\t<\/div>\n\t\t\t\t<div class=\"elementor-element elementor-element-8426163 elementor-button-info elementor-align-center elementor-mobile-align-justify elementor-invisible elementor-widget elementor-widget-button\" data-id=\"8426163\" data-element_type=\"widget\" data-e-type=\"widget\" data-settings=\"{&quot;_animation&quot;:&quot;fadeIn&quot;}\" data-widget_type=\"button.default\">\n\t\t\t\t<div class=\"elementor-widget-container\">\n\t\t\t\t\t\t\t\t\t<div class=\"elementor-button-wrapper\">\n\t\t\t\t\t<a class=\"elementor-button elementor-button-link elementor-size-sm\" href=\"https:\/\/www.catimerdivenleri.com\/urunler\/ayturk-paytak-merdiven\/\">\n\t\t\t\t\t\t<span class=\"elementor-button-content-wrapper\">\n\t\t\t\t\t\t\t\t\t<span class=\"elementor-button-text\">Ayt\u00fcrk Paytak Merdiven - Boyutlar\u0131 ve fiyatlar\u0131 g\u00f6rmek i\u00e7in t\u0131klay\u0131n\u0131z.<\/span>\n\t\t\t\t\t<\/span>\n\t\t\t\t\t<\/a>\n\t\t\t\t<\/div>\n\t\t\t\t\t\t\t\t<\/div>\n\t\t\t\t<\/div>\n\t\t\t\t<div class=\"elementor-element elementor-element-2ac1ec6 elementor-widget elementor-widget-image\" data-id=\"2ac1ec6\" data-element_type=\"widget\" data-e-type=\"widget\" data-widget_type=\"image.default\">\n\t\t\t\t<div class=\"elementor-widget-container\">\n\t\t\t\t\t\t\t\t\t\t\t\t\t\t\t\t<a href=\"https:\/\/www.catimerdivenleri.com\/urunler\/dis-mekan-doner-merdiveni\/\">\n\t\t\t\t\t\t\t<img decoding=\"async\" src=\"https:\/\/www.catimerdivenleri.com\/wp-content\/uploads\/elementor\/thumbs\/dismekan-rj8851wykh5m68xabjnshvnxmiiflpy913d1sjaels.jpg\" title=\"dismekan\" alt=\"dismekan\" loading=\"lazy\" \/>\t\t\t\t\t\t\t\t<\/a>\n\t\t\t\t\t\t\t\t\t\t\t\t\t\t\t<\/div>\n\t\t\t\t<\/div>\n\t\t\t\t<div class=\"elementor-element elementor-element-c1bbfac elementor-button-info elementor-align-center elementor-mobile-align-justify elementor-invisible elementor-widget elementor-widget-button\" data-id=\"c1bbfac\" data-element_type=\"widget\" data-e-type=\"widget\" data-settings=\"{&quot;_animation&quot;:&quot;fadeIn&quot;}\" data-widget_type=\"button.default\">\n\t\t\t\t<div class=\"elementor-widget-container\">\n\t\t\t\t\t\t\t\t\t<div class=\"elementor-button-wrapper\">\n\t\t\t\t\t<a class=\"elementor-button elementor-button-link elementor-size-sm\" href=\"https:\/\/www.catimerdivenleri.com\/urunler\/dis-mekan-doner-merdiveni\/\">\n\t\t\t\t\t\t<span class=\"elementor-button-content-wrapper\">\n\t\t\t\t\t\t\t\t\t<span class=\"elementor-button-text\">D\u0131\u015f Mekan Galvanizli D\u00f6ner Merdiven - Boyutlar\u0131 ve fiyatlar\u0131 g\u00f6rmek i\u00e7in t\u0131klay\u0131n\u0131z.<\/span>\n\t\t\t\t\t<\/span>\n\t\t\t\t\t<\/a>\n\t\t\t\t<\/div>\n\t\t\t\t\t\t\t\t<\/div>\n\t\t\t\t<\/div>\n\t\t\t\t<div class=\"elementor-element elementor-element-e755f71 elementor-widget elementor-widget-image\" data-id=\"e755f71\" data-element_type=\"widget\" data-e-type=\"widget\" data-widget_type=\"image.default\">\n\t\t\t\t<div class=\"elementor-widget-container\">\n\t\t\t\t\t\t\t\t\t\t\t\t\t\t\t\t<a href=\"https:\/\/www.catimerdivenleri.com\/urunler\/ayturk-dokum-doner-merdiven\/\">\n\t\t\t\t\t\t\t<img decoding=\"async\" src=\"https:\/\/www.catimerdivenleri.com\/wp-content\/uploads\/elementor\/thumbs\/dokum1-rj86smacesupxla053yuilnvor8jz6o61d7ck93p80.png\" title=\"dokum1\" alt=\"dokum1\" loading=\"lazy\" \/>\t\t\t\t\t\t\t\t<\/a>\n\t\t\t\t\t\t\t\t\t\t\t\t\t\t\t<\/div>\n\t\t\t\t<\/div>\n\t\t\t\t<div class=\"elementor-element elementor-element-8ac5356 elementor-button-info elementor-align-center elementor-mobile-align-justify elementor-invisible elementor-widget elementor-widget-button\" data-id=\"8ac5356\" data-element_type=\"widget\" data-e-type=\"widget\" data-settings=\"{&quot;_animation&quot;:&quot;fadeIn&quot;}\" data-widget_type=\"button.default\">\n\t\t\t\t<div class=\"elementor-widget-container\">\n\t\t\t\t\t\t\t\t\t<div class=\"elementor-button-wrapper\">\n\t\t\t\t\t<a class=\"elementor-button elementor-button-link elementor-size-sm\" href=\"https:\/\/www.catimerdivenleri.com\/urunler\/ayturk-dokum-doner-merdiven\/\">\n\t\t\t\t\t\t<span class=\"elementor-button-content-wrapper\">\n\t\t\t\t\t\t\t\t\t<span class=\"elementor-button-text\">Ayt\u00fcrk D\u00f6k\u00fcm Merdiven - Boyutlar\u0131 ve fiyatlar\u0131 g\u00f6rmek i\u00e7in t\u0131klay\u0131n\u0131z.<\/span>\n\t\t\t\t\t<\/span>\n\t\t\t\t\t<\/a>\n\t\t\t\t<\/div>\n\t\t\t\t\t\t\t\t<\/div>\n\t\t\t\t<\/div>\n\t\t\t\t<div class=\"elementor-element elementor-element-2983e0f elementor-widget elementor-widget-image\" data-id=\"2983e0f\" data-element_type=\"widget\" data-e-type=\"widget\" data-widget_type=\"image.default\">\n\t\t\t\t<div class=\"elementor-widget-container\">\n\t\t\t\t\t\t\t\t\t\t\t\t\t\t\t\t<a href=\"https:\/\/www.catimerdivenleri.com\/urun\/omurgali-korkuluksuz\/\">\n\t\t\t\t\t\t\t<img decoding=\"async\" src=\"https:\/\/www.catimerdivenleri.com\/wp-content\/uploads\/elementor\/thumbs\/celik1-rj85w41a22cqf2huyk4bsaz041gks0mckgzu2raueo.png\" title=\"celik1\" alt=\"celik1\" loading=\"lazy\" \/>\t\t\t\t\t\t\t\t<\/a>\n\t\t\t\t\t\t\t\t\t\t\t\t\t\t\t<\/div>\n\t\t\t\t<\/div>\n\t\t\t\t<div class=\"elementor-element elementor-element-4c2e275 elementor-button-info elementor-align-center elementor-mobile-align-justify elementor-invisible elementor-widget elementor-widget-button\" data-id=\"4c2e275\" data-element_type=\"widget\" data-e-type=\"widget\" data-settings=\"{&quot;_animation&quot;:&quot;fadeIn&quot;}\" data-widget_type=\"button.default\">\n\t\t\t\t<div class=\"elementor-widget-container\">\n\t\t\t\t\t\t\t\t\t<div class=\"elementor-button-wrapper\">\n\t\t\t\t\t<a class=\"elementor-button elementor-button-link elementor-size-sm\" href=\"https:\/\/www.catimerdivenleri.com\/urun\/omurgali-korkuluksuz\/\">\n\t\t\t\t\t\t<span class=\"elementor-button-content-wrapper\">\n\t\t\t\t\t\t\t\t\t<span class=\"elementor-button-text\">\u00c7elik Omurgal\u0131 Korkuluksuz - Boyutlar\u0131 ve fiyatlar\u0131 g\u00f6rmek i\u00e7in t\u0131klay\u0131n\u0131z.<\/span>\n\t\t\t\t\t<\/span>\n\t\t\t\t\t<\/a>\n\t\t\t\t<\/div>\n\t\t\t\t\t\t\t\t<\/div>\n\t\t\t\t<\/div>\n\t\t\t\t\t<\/div>\n\t\t<\/div>\n\t\t\t\t<div class=\"elementor-column elementor-col-50 elementor-top-column elementor-element elementor-element-c826a39\" data-id=\"c826a39\" data-element_type=\"column\" data-e-type=\"column\">\n\t\t\t<div class=\"elementor-widget-wrap elementor-element-populated\">\n\t\t\t\t\t\t<div class=\"elementor-element elementor-element-664e58d elementor-widget elementor-widget-image\" data-id=\"664e58d\" data-element_type=\"widget\" data-e-type=\"widget\" data-widget_type=\"image.default\">\n\t\t\t\t<div class=\"elementor-widget-container\">\n\t\t\t\t\t\t\t\t\t\t\t\t\t\t\t\t<a href=\"https:\/\/www.catimerdivenleri.com\/urunler\/ayturk-papatya-doner-merdiven\/\">\n\t\t\t\t\t\t\t<img decoding=\"async\" src=\"https:\/\/www.catimerdivenleri.com\/wp-content\/uploads\/elementor\/thumbs\/papatya-siyah-rj8cctws4exevigj1ni3m2uercf3i9hxkbmki08vw0.jpg\" title=\"papatya-siyah\" alt=\"papatya-siyah\" loading=\"lazy\" \/>\t\t\t\t\t\t\t\t<\/a>\n\t\t\t\t\t\t\t\t\t\t\t\t\t\t\t<\/div>\n\t\t\t\t<\/div>\n\t\t\t\t<div class=\"elementor-element elementor-element-2adcba1 elementor-button-info elementor-align-center elementor-mobile-align-justify elementor-invisible elementor-widget elementor-widget-button\" data-id=\"2adcba1\" data-element_type=\"widget\" data-e-type=\"widget\" data-settings=\"{&quot;_animation&quot;:&quot;fadeIn&quot;}\" data-widget_type=\"button.default\">\n\t\t\t\t<div class=\"elementor-widget-container\">\n\t\t\t\t\t\t\t\t\t<div class=\"elementor-button-wrapper\">\n\t\t\t\t\t<a class=\"elementor-button elementor-button-link elementor-size-sm\" href=\"https:\/\/www.catimerdivenleri.com\/urunler\/ayturk-papatya-doner-merdiven\/\">\n\t\t\t\t\t\t<span class=\"elementor-button-content-wrapper\">\n\t\t\t\t\t\t\t\t\t<span class=\"elementor-button-text\">Ayt\u00fcrk Papatya D\u00f6ner Merdiven Modelleri - Boyutlar\u0131 ve fiyatlar\u0131 g\u00f6rmek i\u00e7in t\u0131klay\u0131n\u0131z.<\/span>\n\t\t\t\t\t<\/span>\n\t\t\t\t\t<\/a>\n\t\t\t\t<\/div>\n\t\t\t\t\t\t\t\t<\/div>\n\t\t\t\t<\/div>\n\t\t\t\t<div class=\"elementor-element elementor-element-11f44bc elementor-widget elementor-widget-image\" data-id=\"11f44bc\" data-element_type=\"widget\" data-e-type=\"widget\" data-widget_type=\"image.default\">\n\t\t\t\t<div class=\"elementor-widget-container\">\n\t\t\t\t\t\t\t\t\t\t\t\t\t\t\t\t<a href=\"https:\/\/www.catimerdivenleri.com\/urunler\/ayturk-omurgali-merdiven\/\">\n\t\t\t\t\t\t\t<img decoding=\"async\" src=\"https:\/\/www.catimerdivenleri.com\/wp-content\/uploads\/elementor\/thumbs\/omurgali-rj89o743ikn7aotobdrurypg8apn6gvcm16jcxixkg.png\" title=\"omurgali\" alt=\"omurgali\" loading=\"lazy\" \/>\t\t\t\t\t\t\t\t<\/a>\n\t\t\t\t\t\t\t\t\t\t\t\t\t\t\t<\/div>\n\t\t\t\t<\/div>\n\t\t\t\t<div class=\"elementor-element elementor-element-f40780e elementor-button-info elementor-align-center elementor-mobile-align-justify elementor-invisible elementor-widget elementor-widget-button\" data-id=\"f40780e\" data-element_type=\"widget\" data-e-type=\"widget\" data-settings=\"{&quot;_animation&quot;:&quot;fadeIn&quot;}\" data-widget_type=\"button.default\">\n\t\t\t\t<div class=\"elementor-widget-container\">\n\t\t\t\t\t\t\t\t\t<div class=\"elementor-button-wrapper\">\n\t\t\t\t\t<a class=\"elementor-button elementor-button-link elementor-size-sm\" href=\"https:\/\/www.catimerdivenleri.com\/urunler\/ayturk-omurgali-merdiven\/\">\n\t\t\t\t\t\t<span class=\"elementor-button-content-wrapper\">\n\t\t\t\t\t\t\t\t\t<span class=\"elementor-button-text\">Ayt\u00fcrk Papatya D\u00f6ner Merdiven Modelleri - Boyutlar\u0131 ve fiyatlar\u0131 g\u00f6rmek i\u00e7in t\u0131klay\u0131n\u0131z.<\/span>\n\t\t\t\t\t<\/span>\n\t\t\t\t\t<\/a>\n\t\t\t\t<\/div>\n\t\t\t\t\t\t\t\t<\/div>\n\t\t\t\t<\/div>\n\t\t\t\t<div class=\"elementor-element elementor-element-0beabe9 elementor-widget elementor-widget-image\" data-id=\"0beabe9\" data-element_type=\"widget\" data-e-type=\"widget\" data-widget_type=\"image.default\">\n\t\t\t\t<div class=\"elementor-widget-container\">\n\t\t\t\t\t\t\t\t\t\t\t\t\t\t\t\t<a href=\"https:\/\/www.catimerdivenleri.com\/urunler\/ayturk-celik-merdiven\/\">\n\t\t\t\t\t\t\t<img decoding=\"async\" src=\"https:\/\/www.catimerdivenleri.com\/wp-content\/uploads\/elementor\/thumbs\/celik-rj88waamkofojjd8atfo8i9p7ea9m12afvshc4wsc0.jpg\" title=\"celik\" alt=\"celik\" loading=\"lazy\" \/>\t\t\t\t\t\t\t\t<\/a>\n\t\t\t\t\t\t\t\t\t\t\t\t\t\t\t<\/div>\n\t\t\t\t<\/div>\n\t\t\t\t<div class=\"elementor-element elementor-element-8960d3a elementor-button-info elementor-align-center elementor-mobile-align-justify elementor-invisible elementor-widget elementor-widget-button\" data-id=\"8960d3a\" data-element_type=\"widget\" data-e-type=\"widget\" data-settings=\"{&quot;_animation&quot;:&quot;fadeIn&quot;}\" data-widget_type=\"button.default\">\n\t\t\t\t<div class=\"elementor-widget-container\">\n\t\t\t\t\t\t\t\t\t<div class=\"elementor-button-wrapper\">\n\t\t\t\t\t<a class=\"elementor-button elementor-button-link elementor-size-sm\" href=\"https:\/\/www.catimerdivenleri.com\/urunler\/ayturk-celik-merdiven\/\">\n\t\t\t\t\t\t<span class=\"elementor-button-content-wrapper\">\n\t\t\t\t\t\t\t\t\t<span class=\"elementor-button-text\">Ayt\u00fcrk \u00c7elik Merdiven Modeli - Boyutlar\u0131 ve fiyatlar\u0131 g\u00f6rmek i\u00e7in t\u0131klay\u0131n\u0131z.<\/span>\n\t\t\t\t\t<\/span>\n\t\t\t\t\t<\/a>\n\t\t\t\t<\/div>\n\t\t\t\t\t\t\t\t<\/div>\n\t\t\t\t<\/div>\n\t\t\t\t<div class=\"elementor-element elementor-element-238352a elementor-widget elementor-widget-image\" data-id=\"238352a\" data-element_type=\"widget\" data-e-type=\"widget\" data-widget_type=\"image.default\">\n\t\t\t\t<div class=\"elementor-widget-container\">\n\t\t\t\t\t\t\t\t\t\t\t\t\t\t\t\t<a href=\"https:\/\/www.catimerdivenleri.com\/urunler\/ayturk-ekonomik-dokum-merdiven\/\">\n\t\t\t\t\t\t\t<img decoding=\"async\" src=\"https:\/\/www.catimerdivenleri.com\/wp-content\/uploads\/elementor\/thumbs\/eko-rj87onmbcipjn4qq2gi300mgkjbxbsutfxo4erln5c.jpg\" title=\"eko\" alt=\"eko\" loading=\"lazy\" \/>\t\t\t\t\t\t\t\t<\/a>\n\t\t\t\t\t\t\t\t\t\t\t\t\t\t\t<\/div>\n\t\t\t\t<\/div>\n\t\t\t\t<div class=\"elementor-element elementor-element-82d7374 elementor-button-info elementor-align-center elementor-mobile-align-justify elementor-invisible elementor-widget elementor-widget-button\" data-id=\"82d7374\" data-element_type=\"widget\" data-e-type=\"widget\" data-settings=\"{&quot;_animation&quot;:&quot;fadeIn&quot;}\" data-widget_type=\"button.default\">\n\t\t\t\t<div class=\"elementor-widget-container\">\n\t\t\t\t\t\t\t\t\t<div class=\"elementor-button-wrapper\">\n\t\t\t\t\t<a class=\"elementor-button elementor-button-link elementor-size-sm\" href=\"https:\/\/www.catimerdivenleri.com\/urunler\/ayturk-ekonomik-dokum-merdiven\/\">\n\t\t\t\t\t\t<span class=\"elementor-button-content-wrapper\">\n\t\t\t\t\t\t\t\t\t<span class=\"elementor-button-text\">Ayt\u00fcrk Ekonomik D\u00f6k\u00fcm Merdiven - Boyutlar\u0131 ve fiyatlar\u0131 g\u00f6rmek i\u00e7in t\u0131klay\u0131n\u0131z.<\/span>\n\t\t\t\t\t<\/span>\n\t\t\t\t\t<\/a>\n\t\t\t\t<\/div>\n\t\t\t\t\t\t\t\t<\/div>\n\t\t\t\t<\/div>\n\t\t\t\t<div class=\"elementor-element elementor-element-12f1c2c elementor-widget elementor-widget-image\" data-id=\"12f1c2c\" data-element_type=\"widget\" data-e-type=\"widget\" data-widget_type=\"image.default\">\n\t\t\t\t<div class=\"elementor-widget-container\">\n\t\t\t\t\t\t\t\t\t\t\t\t\t\t\t\t<a href=\"https:\/\/www.catimerdivenleri.com\/urun\/celik-sade-omurga\/\">\n\t\t\t\t\t\t\t<img decoding=\"async\" src=\"https:\/\/www.catimerdivenleri.com\/wp-content\/uploads\/elementor\/thumbs\/sade-rj861s09943yeg9kviadbdi10nj86c43oik77swewg.png\" title=\"sade\" alt=\"sade\" loading=\"lazy\" \/>\t\t\t\t\t\t\t\t<\/a>\n\t\t\t\t\t\t\t\t\t\t\t\t\t\t\t<\/div>\n\t\t\t\t<\/div>\n\t\t\t\t<div class=\"elementor-element elementor-element-33ae759 elementor-button-info elementor-align-center elementor-mobile-align-justify elementor-invisible elementor-widget elementor-widget-button\" data-id=\"33ae759\" data-element_type=\"widget\" data-e-type=\"widget\" data-settings=\"{&quot;_animation&quot;:&quot;fadeIn&quot;}\" data-widget_type=\"button.default\">\n\t\t\t\t<div class=\"elementor-widget-container\">\n\t\t\t\t\t\t\t\t\t<div class=\"elementor-button-wrapper\">\n\t\t\t\t\t<a class=\"elementor-button elementor-button-link elementor-size-sm\" href=\"https:\/\/www.catimerdivenleri.com\/urun\/celik-sade-omurga\/\">\n\t\t\t\t\t\t<span class=\"elementor-button-content-wrapper\">\n\t\t\t\t\t\t\t\t\t<span class=\"elementor-button-text\">\u00c7elik Sade Omurga - Boyutlar\u0131 ve fiyatlar\u0131 g\u00f6rmek i\u00e7in t\u0131klay\u0131n\u0131z.<\/span>\n\t\t\t\t\t<\/span>\n\t\t\t\t\t<\/a>\n\t\t\t\t<\/div>\n\t\t\t\t\t\t\t\t<\/div>\n\t\t\t\t<\/div>\n\t\t\t\t<div class=\"elementor-element elementor-element-446024c elementor-widget elementor-widget-image\" data-id=\"446024c\" data-element_type=\"widget\" data-e-type=\"widget\" data-widget_type=\"image.default\">\n\t\t\t\t<div class=\"elementor-widget-container\">\n\t\t\t\t\t\t\t\t\t\t\t\t\t\t\t\t<a href=\"https:\/\/www.catimerdivenleri.com\/urun\/omurgali-korkuluklu\/\">\n\t\t\t\t\t\t\t<img decoding=\"async\" src=\"https:\/\/www.catimerdivenleri.com\/wp-content\/uploads\/elementor\/thumbs\/1-2-rj85nllw62p9a6uynvny7gaqgfex2otuqcbjmjx6r4.png\" title=\"1-2\" alt=\"1-2\" loading=\"lazy\" \/>\t\t\t\t\t\t\t\t<\/a>\n\t\t\t\t\t\t\t\t\t\t\t\t\t\t\t<\/div>\n\t\t\t\t<\/div>\n\t\t\t\t<div class=\"elementor-element elementor-element-c9906c6 elementor-button-info elementor-align-center elementor-mobile-align-justify elementor-invisible elementor-widget elementor-widget-button\" data-id=\"c9906c6\" data-element_type=\"widget\" data-e-type=\"widget\" data-settings=\"{&quot;_animation&quot;:&quot;fadeIn&quot;}\" data-widget_type=\"button.default\">\n\t\t\t\t<div class=\"elementor-widget-container\">\n\t\t\t\t\t\t\t\t\t<div class=\"elementor-button-wrapper\">\n\t\t\t\t\t<a class=\"elementor-button elementor-button-link elementor-size-sm\" href=\"https:\/\/www.catimerdivenleri.com\/urun\/omurgali-korkuluklu\/\">\n\t\t\t\t\t\t<span class=\"elementor-button-content-wrapper\">\n\t\t\t\t\t\t\t\t\t<span class=\"elementor-button-text\">\u00c7elik Omurgal\u0131 Korkuluklu - Boyutlar\u0131 ve fiyatlar\u0131 g\u00f6rmek i\u00e7in t\u0131klay\u0131n\u0131z.<\/span>\n\t\t\t\t\t<\/span>\n\t\t\t\t\t<\/a>\n\t\t\t\t<\/div>\n\t\t\t\t\t\t\t\t<\/div>\n\t\t\t\t<\/div>\n\t\t\t\t\t<\/div>\n\t\t<\/div>\n\t\t\t\t\t<\/div>\n\t\t<\/section>\n\t\t\t\t<\/div>","protected":false},"excerpt":{"rendered":"<p>Ayt\u00fcrk Papatya \u00c7elik Merdiven &#8211; Boyutlar\u0131 ve fiyatlar\u0131 g\u00f6rmek i\u00e7in t\u0131klay\u0131n\u0131z. Ayt\u00fcrk D\u00f6ner Merdiven Modelleri &#8211; Boyutlar\u0131 ve fiyatlar\u0131 g\u00f6rmek i\u00e7in t\u0131klay\u0131n\u0131z. Ayt\u00fcrk Paytak Merdiven &#8211; Boyutlar\u0131 ve fiyatlar\u0131 g\u00f6rmek i\u00e7in t\u0131klay\u0131n\u0131z. D\u0131\u015f Mekan Galvanizli D\u00f6ner Merdiven &#8211; Boyutlar\u0131 ve fiyatlar\u0131 g\u00f6rmek i\u00e7in t\u0131klay\u0131n\u0131z. Ayt\u00fcrk D\u00f6k\u00fcm Merdiven &#8211; Boyutlar\u0131 ve fiyatlar\u0131 g\u00f6rmek i\u00e7in t\u0131klay\u0131n\u0131z. \u00c7elik [&hellip;]<\/p>\n","protected":false},"author":1,"featured_media":0,"parent":0,"menu_order":0,"comment_status":"closed","ping_status":"closed","template":"","meta":{"footnotes":""},"class_list":["post-24053","page","type-page","status-publish","hentry"],"_links":{"self":[{"href":"https:\/\/www.catimerdivenleri.com\/tr\/wp-json\/wp\/v2\/pages\/24053","targetHints":{"allow":["GET"]}}],"collection":[{"href":"https:\/\/www.catimerdivenleri.com\/tr\/wp-json\/wp\/v2\/pages"}],"about":[{"href":"https:\/\/www.catimerdivenleri.com\/tr\/wp-json\/wp\/v2\/types\/page"}],"author":[{"embeddable":true,"href":"https:\/\/www.catimerdivenleri.com\/tr\/wp-json\/wp\/v2\/users\/1"}],"replies":[{"embeddable":true,"href":"https:\/\/www.catimerdivenleri.com\/tr\/wp-json\/wp\/v2\/comments?post=24053"}],"version-history":[{"count":4,"href":"https:\/\/www.catimerdivenleri.com\/tr\/wp-json\/wp\/v2\/pages\/24053\/revisions"}],"predecessor-version":[{"id":24057,"href":"https:\/\/www.catimerdivenleri.com\/tr\/wp-json\/wp\/v2\/pages\/24053\/revisions\/24057"}],"wp:attachment":[{"href":"https:\/\/www.catimerdivenleri.com\/tr\/wp-json\/wp\/v2\/media?parent=24053"}],"curies":[{"name":"wp","href":"https:\/\/api.w.org\/{rel}","templated":true}]}}